{"id":393819,"date":"2026-04-05T14:31:15","date_gmt":"2026-04-05T12:31:15","guid":{"rendered":"https:\/\/bogensportdiscount.ch\/produkt\/tru-ball-release-parts-globo-swivel-ultra-strap-buckle-black\/"},"modified":"2026-05-14T07:13:58","modified_gmt":"2026-05-14T05:13:58","slug":"truball-release-teil-globo-swivel-ultra-strap-schnalle-schwarz","status":"publish","type":"product","link":"https:\/\/bogensportdiscount.ch\/it\/prodotto\/truball-release-teil-globo-swivel-ultra-strap-schnalle-schwarz\/","title":{"rendered":"T.R.U. BALL PARTI PER SGANCIO GLOBO SWIVEL ULTRA STRAP &#8211; SCHNALLE NERO"},"content":{"rendered":"<p>Il fermaglio TRU BALL Globo Swivel Ultra Strap in nero \u00e8 un pezzo di ricambio per il cinturino da polso dello sgancio Globo Swivel. Con questo componente \u00e8 possibile sostituire facilmente un fermaglio danneggiato o consumato senza dover sostituire l'intero sgancio.<\/p>\n<p>TRU BALL \u00e8 un produttore affermato di sganciatori per il tiro con l'arco. L'utilizzo di ricambi originali garantisce che la funzione e la vestibilit\u00e0 del sistema di sgancio vengano mantenute.<\/p>\n<ul>\n<li>Fermaglio di ricambio per TRU BALL Globo Swivel Ultra Strap<\/li>\n<li>Colore: Nero<\/li>\n<li>Ricambio originale TRU BALL<\/li>\n<li>Per la sostituzione sul cinturino da polso<\/li>\n<\/ul>","protected":false},"excerpt":{"rendered":"<table>\n<tr>\n<th>Propriet\u00e0<\/th>\n<th>Valore<\/th>\n<\/tr>\n<tr>\n<td>Colore<\/td>\n<td>Chiusura a fermaglio (solo taglia Large)<\/td>\n<\/tr>\n<tr>\n<td>Compatibilit\u00e0<\/td>\n<td>Cinturino in nylon Cinch con regolazione continua<\/td>\n<\/tr>\n<tr>\n<td>Regolabilit\u00e0<\/td>\n<td>3\/16\" increments for finger length adjustments.\",\n  \"Closure Type:\",\n  \"Buckle.\",\n  \"Fits releases with globo-swivel connections.\",\n  \"Black.\",\n  \"Large buckle only.\",\n  \"\/  TRU BALL AUSLOESER TEILE CINCH ULTRA BAND &#8211; SCHNALLE SCHWARZ\",<\/td>\n<\/tr>\n<tr>\n<td>Connection Type<\/td>\n<td>Globo-swivel connection with 360\u00b0 rotation.<\/td>\n<\/tr>\n<tr>\n<td>Closure Type<\/td>\n<td>La chiusura avviene tramite un robusto fermaglio, disponibile esclusivamente nella taglia Large con questo tipo di chiusura. Il materiale \u00e8 progettato per un utilizzo duraturo in condizioni impegnative.<\/td>\n<\/tr>\n<tr>\n<td>Misura<\/td>\n<td>Colorazione nera<\/td>\n<\/tr>\n<\/table>","protected":false},"featured_media":453358,"comment_status":"open","ping_status":"closed","template":"","meta":[],"product_brand":[578],"product_cat":[4124,4208,4211],"product_tag":[3546],"class_list":{"0":"post-393819","1":"product","2":"type-product","3":"status-publish","4":"has-post-thumbnail","6":"product_brand-truball","7":"product_cat-bogenschuetzer-ausruestung","8":"product_cat-releases-bogenschuetzer-ausruestung","9":"product_cat-einzelteile-fuer-release","10":"product_tag-neuheit","11":"product_shipping_class-bsd-standard","13":"first","14":"instock","15":"shipping-taxable","16":"purchasable","17":"product-type-simple"},"yoast_head":"<!-- This site is optimized with the Yoast SEO plugin v27.6 - https:\/\/yoast.com\/product\/yoast-seo-wordpress\/ -->\n<title>TRU BALL RELEASE TEILE GLOBO SWIVEL ULTRA STRAP - SCHNALLE SCHWARZ - Bogensportdiscount \u2013 B\u00f6gen, Pfeile, Targets &amp; Zubeh\u00f6r<\/title>\n<meta name=\"description\" content=\"TRU BALL RELEASE TEILE GLOBO SWIVEL ULTRA STRAP - SCHNALLE SCHWARZ g\u00fcnstig kaufen bei Bogensportdiscount \u2013 Top-Marken, schneller Versand aus der Schweiz.\" \/>\n<meta name=\"robots\" content=\"index, follow, max-snippet:-1, max-image-preview:large, max-video-preview:-1\" \/>\n<link rel=\"canonical\" href=\"https:\/\/bogensportdiscount.ch\/it\/prodotto\/truball-release-teil-globo-swivel-ultra-strap-schnalle-schwarz\/\" \/>\n<meta property=\"og:locale\" content=\"it_IT\" \/>\n<meta property=\"og:type\" content=\"article\" \/>\n<meta property=\"og:title\" content=\"TRU BALL RELEASE TEILE GLOBO SWIVEL ULTRA STRAP - SCHNALLE SCHWARZ - Bogensportdiscount \u2013 B\u00f6gen, Pfeile, Targets &amp; Zubeh\u00f6r\" \/>\n<meta property=\"og:description\" content=\"TRU BALL RELEASE TEILE GLOBO SWIVEL ULTRA STRAP - SCHNALLE SCHWARZ g\u00fcnstig kaufen bei Bogensportdiscount \u2013 Top-Marken, schneller Versand aus der Schweiz.\" \/>\n<meta property=\"og:url\" content=\"https:\/\/bogensportdiscount.ch\/it\/prodotto\/truball-release-teil-globo-swivel-ultra-strap-schnalle-schwarz\/\" \/>\n<meta property=\"og:site_name\" content=\"Bogensportdiscount \u2013 B\u00f6gen, Pfeile, Targets &amp; Zubeh\u00f6r\" \/>\n<meta property=\"article:modified_time\" content=\"2026-05-14T05:13:58+00:00\" \/>\n<meta property=\"og:image\" content=\"https:\/\/bogensportdiscount.ch\/wp-content\/uploads\/bsm-images\/a087483_1.jpg\" \/>\n\t<meta property=\"og:image:width\" content=\"400\" \/>\n\t<meta property=\"og:image:height\" content=\"400\" \/>\n\t<meta property=\"og:image:type\" content=\"image\/jpeg\" \/>\n<meta name=\"twitter:card\" content=\"summary_large_image\" \/>\n<script type=\"application\/ld+json\" class=\"yoast-schema-graph\">{\"@context\":\"https:\\\/\\\/schema.org\",\"@graph\":[{\"@type\":\"WebPage\",\"@id\":\"https:\\\/\\\/bogensportdiscount.ch\\\/produkt\\\/truball-release-teil-globo-swivel-ultra-strap-schnalle-schwarz\\\/\",\"url\":\"https:\\\/\\\/bogensportdiscount.ch\\\/produkt\\\/truball-release-teil-globo-swivel-ultra-strap-schnalle-schwarz\\\/\",\"name\":\"TRU BALL RELEASE TEILE GLOBO SWIVEL ULTRA STRAP - SCHNALLE SCHWARZ - Bogensportdiscount \u2013 B\u00f6gen, Pfeile, Targets &amp; Zubeh\u00f6r\",\"isPartOf\":{\"@id\":\"https:\\\/\\\/bogensportdiscount.ch\\\/#website\"},\"primaryImageOfPage\":{\"@id\":\"https:\\\/\\\/bogensportdiscount.ch\\\/produkt\\\/truball-release-teil-globo-swivel-ultra-strap-schnalle-schwarz\\\/#primaryimage\"},\"image\":{\"@id\":\"https:\\\/\\\/bogensportdiscount.ch\\\/produkt\\\/truball-release-teil-globo-swivel-ultra-strap-schnalle-schwarz\\\/#primaryimage\"},\"thumbnailUrl\":\"https:\\\/\\\/bogensportdiscount.ch\\\/wp-content\\\/uploads\\\/bsm-images\\\/a087483_1.jpg\",\"datePublished\":\"2026-04-05T12:31:15+00:00\",\"dateModified\":\"2026-05-14T05:13:58+00:00\",\"description\":\"TRU BALL RELEASE TEILE GLOBO SWIVEL ULTRA STRAP - SCHNALLE SCHWARZ g\u00fcnstig kaufen bei Bogensportdiscount \u2013 Top-Marken, schneller Versand aus der Schweiz.\",\"breadcrumb\":{\"@id\":\"https:\\\/\\\/bogensportdiscount.ch\\\/produkt\\\/truball-release-teil-globo-swivel-ultra-strap-schnalle-schwarz\\\/#breadcrumb\"},\"inLanguage\":\"it-IT\",\"potentialAction\":[{\"@type\":\"ReadAction\",\"target\":[\"https:\\\/\\\/bogensportdiscount.ch\\\/produkt\\\/truball-release-teil-globo-swivel-ultra-strap-schnalle-schwarz\\\/\"]}]},{\"@type\":\"ImageObject\",\"inLanguage\":\"it-IT\",\"@id\":\"https:\\\/\\\/bogensportdiscount.ch\\\/produkt\\\/truball-release-teil-globo-swivel-ultra-strap-schnalle-schwarz\\\/#primaryimage\",\"url\":\"https:\\\/\\\/bogensportdiscount.ch\\\/wp-content\\\/uploads\\\/bsm-images\\\/a087483_1.jpg\",\"contentUrl\":\"https:\\\/\\\/bogensportdiscount.ch\\\/wp-content\\\/uploads\\\/bsm-images\\\/a087483_1.jpg\",\"width\":400,\"height\":400},{\"@type\":\"BreadcrumbList\",\"@id\":\"https:\\\/\\\/bogensportdiscount.ch\\\/produkt\\\/truball-release-teil-globo-swivel-ultra-strap-schnalle-schwarz\\\/#breadcrumb\",\"itemListElement\":[{\"@type\":\"ListItem\",\"position\":1,\"name\":\"Home\",\"item\":\"https:\\\/\\\/bogensportdiscount.ch\\\/\"},{\"@type\":\"ListItem\",\"position\":2,\"name\":\"Shop\",\"item\":\"https:\\\/\\\/bogensportdiscount.ch\\\/shop\\\/\"},{\"@type\":\"ListItem\",\"position\":3,\"name\":\"TRU BALL RELEASE PARTS GLOBO SWIVEL ULTRA STRAP &#8211; BUCKLE BLACK\"}]},{\"@type\":\"WebSite\",\"@id\":\"https:\\\/\\\/bogensportdiscount.ch\\\/#website\",\"url\":\"https:\\\/\\\/bogensportdiscount.ch\\\/\",\"name\":\"Bogensportdiscount\",\"description\":\"\",\"potentialAction\":[{\"@type\":\"SearchAction\",\"target\":{\"@type\":\"EntryPoint\",\"urlTemplate\":\"https:\\\/\\\/bogensportdiscount.ch\\\/?s={search_term_string}\"},\"query-input\":{\"@type\":\"PropertyValueSpecification\",\"valueRequired\":true,\"valueName\":\"search_term_string\"}}],\"inLanguage\":\"it-IT\"}]}<\/script>\n<!-- \/ Yoast SEO plugin. -->","yoast_head_json":{"title":"TRU BALL RELEASE TEILE GLOBO SWIVEL ULTRA STRAP - SCHNALLE SCHWARZ - Bogensportdiscount \u2013 B\u00f6gen, Pfeile, Targets &amp; Zubeh\u00f6r","description":"TRU BALL RELEASE TEILE GLOBO SWIVEL ULTRA STRAP - SCHNALLE SCHWARZ g\u00fcnstig kaufen bei Bogensportdiscount \u2013 Top-Marken, schneller Versand aus der Schweiz.","robots":{"index":"index","follow":"follow","max-snippet":"max-snippet:-1","max-image-preview":"max-image-preview:large","max-video-preview":"max-video-preview:-1"},"canonical":"https:\/\/bogensportdiscount.ch\/it\/prodotto\/truball-release-teil-globo-swivel-ultra-strap-schnalle-schwarz\/","og_locale":"it_IT","og_type":"article","og_title":"TRU BALL RELEASE TEILE GLOBO SWIVEL ULTRA STRAP - SCHNALLE SCHWARZ - Bogensportdiscount \u2013 B\u00f6gen, Pfeile, Targets &amp; Zubeh\u00f6r","og_description":"TRU BALL RELEASE TEILE GLOBO SWIVEL ULTRA STRAP - SCHNALLE SCHWARZ g\u00fcnstig kaufen bei Bogensportdiscount \u2013 Top-Marken, schneller Versand aus der Schweiz.","og_url":"https:\/\/bogensportdiscount.ch\/it\/prodotto\/truball-release-teil-globo-swivel-ultra-strap-schnalle-schwarz\/","og_site_name":"Bogensportdiscount \u2013 B\u00f6gen, Pfeile, Targets &amp; Zubeh\u00f6r","article_modified_time":"2026-05-14T05:13:58+00:00","og_image":[{"width":400,"height":400,"url":"https:\/\/bogensportdiscount.ch\/wp-content\/uploads\/bsm-images\/a087483_1.jpg","type":"image\/jpeg"}],"twitter_card":"summary_large_image","schema":{"@context":"https:\/\/schema.org","@graph":[{"@type":"WebPage","@id":"https:\/\/bogensportdiscount.ch\/produkt\/truball-release-teil-globo-swivel-ultra-strap-schnalle-schwarz\/","url":"https:\/\/bogensportdiscount.ch\/produkt\/truball-release-teil-globo-swivel-ultra-strap-schnalle-schwarz\/","name":"TRU BALL RELEASE TEILE GLOBO SWIVEL ULTRA STRAP - SCHNALLE SCHWARZ - Bogensportdiscount \u2013 B\u00f6gen, Pfeile, Targets &amp; Zubeh\u00f6r","isPartOf":{"@id":"https:\/\/bogensportdiscount.ch\/#website"},"primaryImageOfPage":{"@id":"https:\/\/bogensportdiscount.ch\/produkt\/truball-release-teil-globo-swivel-ultra-strap-schnalle-schwarz\/#primaryimage"},"image":{"@id":"https:\/\/bogensportdiscount.ch\/produkt\/truball-release-teil-globo-swivel-ultra-strap-schnalle-schwarz\/#primaryimage"},"thumbnailUrl":"https:\/\/bogensportdiscount.ch\/wp-content\/uploads\/bsm-images\/a087483_1.jpg","datePublished":"2026-04-05T12:31:15+00:00","dateModified":"2026-05-14T05:13:58+00:00","description":"TRU BALL RELEASE TEILE GLOBO SWIVEL ULTRA STRAP - SCHNALLE SCHWARZ g\u00fcnstig kaufen bei Bogensportdiscount \u2013 Top-Marken, schneller Versand aus der Schweiz.","breadcrumb":{"@id":"https:\/\/bogensportdiscount.ch\/produkt\/truball-release-teil-globo-swivel-ultra-strap-schnalle-schwarz\/#breadcrumb"},"inLanguage":"it-IT","potentialAction":[{"@type":"ReadAction","target":["https:\/\/bogensportdiscount.ch\/produkt\/truball-release-teil-globo-swivel-ultra-strap-schnalle-schwarz\/"]}]},{"@type":"ImageObject","inLanguage":"it-IT","@id":"https:\/\/bogensportdiscount.ch\/produkt\/truball-release-teil-globo-swivel-ultra-strap-schnalle-schwarz\/#primaryimage","url":"https:\/\/bogensportdiscount.ch\/wp-content\/uploads\/bsm-images\/a087483_1.jpg","contentUrl":"https:\/\/bogensportdiscount.ch\/wp-content\/uploads\/bsm-images\/a087483_1.jpg","width":400,"height":400},{"@type":"BreadcrumbList","@id":"https:\/\/bogensportdiscount.ch\/produkt\/truball-release-teil-globo-swivel-ultra-strap-schnalle-schwarz\/#breadcrumb","itemListElement":[{"@type":"ListItem","position":1,"name":"Home","item":"https:\/\/bogensportdiscount.ch\/"},{"@type":"ListItem","position":2,"name":"Shop","item":"https:\/\/bogensportdiscount.ch\/shop\/"},{"@type":"ListItem","position":3,"name":"TRU BALL RELEASE PARTS GLOBO SWIVEL ULTRA STRAP &#8211; BUCKLE BLACK"}]},{"@type":"WebSite","@id":"https:\/\/bogensportdiscount.ch\/#website","url":"https:\/\/bogensportdiscount.ch\/","name":"Bogensportdiscount","description":"","potentialAction":[{"@type":"SearchAction","target":{"@type":"EntryPoint","urlTemplate":"https:\/\/bogensportdiscount.ch\/?s={search_term_string}"},"query-input":{"@type":"PropertyValueSpecification","valueRequired":true,"valueName":"search_term_string"}}],"inLanguage":"it-IT"}]}},"_links":{"self":[{"href":"https:\/\/bogensportdiscount.ch\/it\/wp-json\/wp\/v2\/product\/393819","targetHints":{"allow":["GET"]}}],"collection":[{"href":"https:\/\/bogensportdiscount.ch\/it\/wp-json\/wp\/v2\/product"}],"about":[{"href":"https:\/\/bogensportdiscount.ch\/it\/wp-json\/wp\/v2\/types\/product"}],"replies":[{"embeddable":true,"href":"https:\/\/bogensportdiscount.ch\/it\/wp-json\/wp\/v2\/comments?post=393819"}],"wp:featuredmedia":[{"embeddable":true,"href":"https:\/\/bogensportdiscount.ch\/it\/wp-json\/wp\/v2\/media\/453358"}],"wp:attachment":[{"href":"https:\/\/bogensportdiscount.ch\/it\/wp-json\/wp\/v2\/media?parent=393819"}],"wp:term":[{"taxonomy":"product_brand","embeddable":true,"href":"https:\/\/bogensportdiscount.ch\/it\/wp-json\/wp\/v2\/product_brand?post=393819"},{"taxonomy":"product_cat","embeddable":true,"href":"https:\/\/bogensportdiscount.ch\/it\/wp-json\/wp\/v2\/product_cat?post=393819"},{"taxonomy":"product_tag","embeddable":true,"href":"https:\/\/bogensportdiscount.ch\/it\/wp-json\/wp\/v2\/product_tag?post=393819"}],"curies":[{"name":"wp","href":"https:\/\/api.w.org\/{rel}","templated":true}]}}