{"id":393812,"date":"2026-04-05T14:31:13","date_gmt":"2026-04-05T12:31:13","guid":{"rendered":"https:\/\/bogensportdiscount.ch\/produkt\/hamskea-fs-raptor-standard-kit-peep-sight\/"},"modified":"2026-04-15T12:16:45","modified_gmt":"2026-04-15T10:16:45","slug":"hamskea-peep-visier-fs-raptor-standard-kit","status":"publish","type":"product","link":"https:\/\/bogensportdiscount.ch\/it\/prodotto\/hamskea-peep-visier-fs-raptor-standard-kit\/","title":{"rendered":"HAMSKEA FS RAPTOR KIT STANDARD PEEP SIGHT"},"content":{"rendered":"<p>Das HAMSKEA FS Raptor Standard Kit ist ein komplettes Peep-Visier-Set und geh\u00f6rt zur Kategorie der gebrauchsfertigen Complete-Kits. Es beinhaltet alle notwendigen Komponenten f\u00fcr die direkte Montage und Verwendung am Compoundbogen.<\/p>\n<p>Das FS Raptor richtet sich an Sch\u00fctzen, die ein aufeinander abgestimmtes Peep-Visier-System von HAMSKEA suchen, ohne zus\u00e4tzliche Einzelteile beschaffen zu m\u00fcssen.<\/p>\n<ul>\n<li>Vollst\u00e4ndiges Standard-Kit \u2013 sofort einsatzbereit<\/li>\n<li>Peep-Visier f\u00fcr Compoundb\u00f6gen<\/li>\n<li>Aufeinander abgestimmte Komponenten aus einem Hersteller<\/li>\n<li>Marke HAMSKEA \u2013 bekannt f\u00fcr Bogensport-Zubeh\u00f6r<\/li>\n<\/ul>","protected":false},"excerpt":{"rendered":"<p><strong>Peep Housing Material:<\/strong> High-strength aluminum.<br \/><strong>String Groove Angles:<\/strong> 35\u00b0 &amp; 40\u00b0.<br \/><strong>Lens Compatibility:<\/strong> Verifier lenses (0.75 to 2.0 diopters) \u2013 sold separately.<br \/><strong>Included Accessories:<\/strong> 3 apertures, touchless installation tool, water-resistant carry case.<\/p>","protected":false},"featured_media":453349,"comment_status":"open","ping_status":"closed","template":"","meta":[],"product_brand":[465],"product_cat":[4227],"product_tag":[3546],"class_list":{"0":"post-393812","1":"product","2":"type-product","3":"status-publish","4":"has-post-thumbnail","6":"product_brand-hamskea","7":"product_cat-complete","8":"product_tag-neuheit","10":"first","11":"instock","12":"shipping-taxable","13":"purchasable","14":"product-type-simple"},"_links":{"self":[{"href":"https:\/\/bogensportdiscount.ch\/it\/wp-json\/wp\/v2\/product\/393812","targetHints":{"allow":["GET"]}}],"collection":[{"href":"https:\/\/bogensportdiscount.ch\/it\/wp-json\/wp\/v2\/product"}],"about":[{"href":"https:\/\/bogensportdiscount.ch\/it\/wp-json\/wp\/v2\/types\/product"}],"replies":[{"embeddable":true,"href":"https:\/\/bogensportdiscount.ch\/it\/wp-json\/wp\/v2\/comments?post=393812"}],"wp:featuredmedia":[{"embeddable":true,"href":"https:\/\/bogensportdiscount.ch\/it\/wp-json\/wp\/v2\/media\/453349"}],"wp:attachment":[{"href":"https:\/\/bogensportdiscount.ch\/it\/wp-json\/wp\/v2\/media?parent=393812"}],"wp:term":[{"taxonomy":"product_brand","embeddable":true,"href":"https:\/\/bogensportdiscount.ch\/it\/wp-json\/wp\/v2\/product_brand?post=393812"},{"taxonomy":"product_cat","embeddable":true,"href":"https:\/\/bogensportdiscount.ch\/it\/wp-json\/wp\/v2\/product_cat?post=393812"},{"taxonomy":"product_tag","embeddable":true,"href":"https:\/\/bogensportdiscount.ch\/it\/wp-json\/wp\/v2\/product_tag?post=393812"}],"curies":[{"name":"wp","href":"https:\/\/api.w.org\/{rel}","templated":true}]}}