{"id":393775,"date":"2026-04-05T14:31:04","date_gmt":"2026-04-05T12:31:04","guid":{"rendered":"https:\/\/bogensportdiscount.ch\/produkt\/b3-archery-hunting-3d-sight-rize-hunter-4-pin-0-019-rh\/"},"modified":"2026-04-21T20:44:58","modified_gmt":"2026-04-21T18:44:58","slug":"b3archery-compound-jagd-3d-visier-rize-hunter-4-pin-019-rh","status":"publish","type":"product","link":"https:\/\/bogensportdiscount.ch\/it\/prodotto\/b3archery-compound-jagd-3d-visier-rize-hunter-4-pin-019-rh\/","title":{"rendered":"B3 ARCHERY JAGD &#038; 3D VISIER RIZE HUNTER 4 PIN 0.019 RH"},"content":{"rendered":"<p>Das B3ARCHERY Rize Hunter ist ein Compound-Visier, das speziell f\u00fcr den Jagdbetrieb und 3D-Schiessen entwickelt wurde. Die 4-Pin-Konfiguration mit einer Fadendicke von 0.019 Zoll erm\u00f6glicht pr\u00e4zises Anvisieren auf verschiedenen Entfernungen bei gleichzeitig guter \u00dcbersicht im Sehfeld.<\/p>\n<p>Das Visier ist f\u00fcr Rechtsh\u00e4nder (RH) ausgelegt und l\u00e4sst sich in der Kategorie der Compound-Jagd- und 3D-Visiere einordnen. Die Fadendicke 0.019&#8243; eignet sich besonders f\u00fcr helle Lichtverh\u00e4ltnisse und erm\u00f6glicht eine feine Zielmarkierung.<\/p>\n<ul>\n<li>Configurazione a 4 pin per distanze multiple<\/li>\n<li>Fadendicke 0.019&#8243; f\u00fcr pr\u00e4zise Zielerfassung<\/li>\n<li>Versione per destrorsi (RH)<\/li>\n<li>Adatto per caccia e tiro con l'arco 3D<\/li>\n<\/ul>","protected":false},"excerpt":{"rendered":"<p><strong>Marchio:<\/strong> B3 Archery<br \/><strong>LH\/RH:<\/strong> RH<br \/><strong>Colore:<\/strong> Nero<br \/><strong>Numero di pin:<\/strong> 1<br \/><strong>Dimensione pin:<\/strong> 019<br \/><strong>GTIN:<\/strong> 850001576666<\/p>","protected":false},"featured_media":524126,"comment_status":"open","ping_status":"closed","template":"","meta":[],"product_brand":[629],"product_cat":[4263],"product_tag":[3546],"class_list":{"0":"post-393775","1":"product","2":"type-product","3":"status-publish","4":"has-post-thumbnail","6":"product_brand-b3archery","7":"product_cat-jagd-und-3d-visiere","8":"product_tag-neuheit","9":"product_shipping_class-bsd-standard","11":"first","12":"instock","13":"shipping-taxable","14":"purchasable","15":"product-type-simple"},"yoast_head":"<!-- This site is optimized with the Yoast SEO plugin v27.4 - https:\/\/yoast.com\/product\/yoast-seo-wordpress\/ -->\n<title>B3 ARCHERY CACCIA &amp; MIRINO 3D RIZE HUNTER 4 PIN 0,019 RH - Bogensportdiscount \u2013 Archi, frecce, bersagli e accessori<\/title>\n<meta name=\"description\" content=\"B3 ARCHERY JAGD &amp; 3D VISIER RIZE HUNTER 4 PIN 0.019 RH: acquista a un prezzo vantaggioso su Bogensportdiscount \u2013 Le migliori marche, spedizione veloce dalla Svizzera.\" \/>\n<meta name=\"robots\" content=\"index, follow, max-snippet:-1, max-image-preview:large, max-video-preview:-1\" \/>\n<link rel=\"canonical\" href=\"https:\/\/bogensportdiscount.ch\/it\/prodotto\/b3archery-compound-jagd-3d-visier-rize-hunter-4-pin-019-rh\/\" \/>\n<meta property=\"og:locale\" content=\"it_IT\" \/>\n<meta property=\"og:type\" content=\"article\" \/>\n<meta property=\"og:title\" content=\"B3 ARCHERY CACCIA &amp; MIRINO 3D RIZE HUNTER 4 PIN 0,019 RH - Bogensportdiscount \u2013 Archi, frecce, bersagli e accessori\" \/>\n<meta property=\"og:description\" content=\"B3 ARCHERY JAGD &amp; 3D VISIER RIZE HUNTER 4 PIN 0.019 RH: acquista a un prezzo vantaggioso su Bogensportdiscount \u2013 Le migliori marche, spedizione veloce dalla Svizzera.\" \/>\n<meta property=\"og:url\" content=\"https:\/\/bogensportdiscount.ch\/it\/prodotto\/b3archery-compound-jagd-3d-visier-rize-hunter-4-pin-019-rh\/\" \/>\n<meta property=\"og:site_name\" content=\"Bogensportdiscount \u2013 B\u00f6gen, Pfeile, Targets &amp; Zubeh\u00f6r\" \/>\n<meta property=\"article:modified_time\" content=\"2026-04-21T18:44:58+00:00\" \/>\n<meta property=\"og:image\" content=\"https:\/\/bogensportdiscount.ch\/wp-content\/uploads\/bsm-images\/A083845_1.jpg\" \/>\n\t<meta property=\"og:image:width\" content=\"800\" \/>\n\t<meta property=\"og:image:height\" content=\"800\" \/>\n\t<meta property=\"og:image:type\" content=\"image\/jpeg\" \/>\n<meta name=\"twitter:card\" content=\"summary_large_image\" \/>\n<script type=\"application\/ld+json\" class=\"yoast-schema-graph\">{\"@context\":\"https:\\\/\\\/schema.org\",\"@graph\":[{\"@type\":\"WebPage\",\"@id\":\"https:\\\/\\\/bogensportdiscount.ch\\\/produkt\\\/b3archery-compound-jagd-3d-visier-rize-hunter-4-pin-019-rh\\\/\",\"url\":\"https:\\\/\\\/bogensportdiscount.ch\\\/produkt\\\/b3archery-compound-jagd-3d-visier-rize-hunter-4-pin-019-rh\\\/\",\"name\":\"B3 ARCHERY JAGD & 3D VISIER RIZE HUNTER 4 PIN 0.019 RH - Bogensportdiscount \u2013 B\u00f6gen, Pfeile, Targets &amp; Zubeh\u00f6r\",\"isPartOf\":{\"@id\":\"https:\\\/\\\/bogensportdiscount.ch\\\/#website\"},\"primaryImageOfPage\":{\"@id\":\"https:\\\/\\\/bogensportdiscount.ch\\\/produkt\\\/b3archery-compound-jagd-3d-visier-rize-hunter-4-pin-019-rh\\\/#primaryimage\"},\"image\":{\"@id\":\"https:\\\/\\\/bogensportdiscount.ch\\\/produkt\\\/b3archery-compound-jagd-3d-visier-rize-hunter-4-pin-019-rh\\\/#primaryimage\"},\"thumbnailUrl\":\"https:\\\/\\\/bogensportdiscount.ch\\\/wp-content\\\/uploads\\\/bsm-images\\\/A083845_1.jpg\",\"datePublished\":\"2026-04-05T12:31:04+00:00\",\"dateModified\":\"2026-04-21T18:44:58+00:00\",\"description\":\"B3 ARCHERY JAGD & 3D VISIER RIZE HUNTER 4 PIN 0.019 RH g\u00fcnstig kaufen bei Bogensportdiscount \u2013 Top-Marken, schneller Versand aus der Schweiz.\",\"breadcrumb\":{\"@id\":\"https:\\\/\\\/bogensportdiscount.ch\\\/produkt\\\/b3archery-compound-jagd-3d-visier-rize-hunter-4-pin-019-rh\\\/#breadcrumb\"},\"inLanguage\":\"it-IT\",\"potentialAction\":[{\"@type\":\"ReadAction\",\"target\":[\"https:\\\/\\\/bogensportdiscount.ch\\\/produkt\\\/b3archery-compound-jagd-3d-visier-rize-hunter-4-pin-019-rh\\\/\"]}]},{\"@type\":\"ImageObject\",\"inLanguage\":\"it-IT\",\"@id\":\"https:\\\/\\\/bogensportdiscount.ch\\\/produkt\\\/b3archery-compound-jagd-3d-visier-rize-hunter-4-pin-019-rh\\\/#primaryimage\",\"url\":\"https:\\\/\\\/bogensportdiscount.ch\\\/wp-content\\\/uploads\\\/bsm-images\\\/A083845_1.jpg\",\"contentUrl\":\"https:\\\/\\\/bogensportdiscount.ch\\\/wp-content\\\/uploads\\\/bsm-images\\\/A083845_1.jpg\",\"width\":800,\"height\":800},{\"@type\":\"BreadcrumbList\",\"@id\":\"https:\\\/\\\/bogensportdiscount.ch\\\/produkt\\\/b3archery-compound-jagd-3d-visier-rize-hunter-4-pin-019-rh\\\/#breadcrumb\",\"itemListElement\":[{\"@type\":\"ListItem\",\"position\":1,\"name\":\"Home\",\"item\":\"https:\\\/\\\/bogensportdiscount.ch\\\/\"},{\"@type\":\"ListItem\",\"position\":2,\"name\":\"Shop\",\"item\":\"https:\\\/\\\/bogensportdiscount.ch\\\/shop\\\/\"},{\"@type\":\"ListItem\",\"position\":3,\"name\":\"B3 ARCHERY JAGD &#038; 3D VISIER RIZE HUNTER 4 PIN 0.019 RH\"}]},{\"@type\":\"WebSite\",\"@id\":\"https:\\\/\\\/bogensportdiscount.ch\\\/#website\",\"url\":\"https:\\\/\\\/bogensportdiscount.ch\\\/\",\"name\":\"Bogensportdiscount\",\"description\":\"\",\"potentialAction\":[{\"@type\":\"SearchAction\",\"target\":{\"@type\":\"EntryPoint\",\"urlTemplate\":\"https:\\\/\\\/bogensportdiscount.ch\\\/?s={search_term_string}\"},\"query-input\":{\"@type\":\"PropertyValueSpecification\",\"valueRequired\":true,\"valueName\":\"search_term_string\"}}],\"inLanguage\":\"it-IT\"}]}<\/script>\n<!-- \/ Yoast SEO plugin. -->","yoast_head_json":{"title":"B3 ARCHERY CACCIA &amp; MIRINO 3D RIZE HUNTER 4 PIN 0,019 RH - Bogensportdiscount \u2013 Archi, frecce, bersagli e accessori","description":"B3 ARCHERY JAGD &amp; 3D VISIER RIZE HUNTER 4 PIN 0.019 RH: acquista a un prezzo vantaggioso su Bogensportdiscount \u2013 Le migliori marche, spedizione veloce dalla Svizzera.","robots":{"index":"index","follow":"follow","max-snippet":"max-snippet:-1","max-image-preview":"max-image-preview:large","max-video-preview":"max-video-preview:-1"},"canonical":"https:\/\/bogensportdiscount.ch\/it\/prodotto\/b3archery-compound-jagd-3d-visier-rize-hunter-4-pin-019-rh\/","og_locale":"it_IT","og_type":"article","og_title":"B3 ARCHERY CACCIA &amp; MIRINO 3D RIZE HUNTER 4 PIN 0,019 RH - Bogensportdiscount \u2013 Archi, frecce, bersagli e accessori","og_description":"B3 ARCHERY JAGD &amp; 3D VISIER RIZE HUNTER 4 PIN 0.019 RH: acquista a un prezzo vantaggioso su Bogensportdiscount \u2013 Le migliori marche, spedizione veloce dalla Svizzera.","og_url":"https:\/\/bogensportdiscount.ch\/it\/prodotto\/b3archery-compound-jagd-3d-visier-rize-hunter-4-pin-019-rh\/","og_site_name":"Bogensportdiscount \u2013 B\u00f6gen, Pfeile, Targets &amp; Zubeh\u00f6r","article_modified_time":"2026-04-21T18:44:58+00:00","og_image":[{"width":800,"height":800,"url":"https:\/\/bogensportdiscount.ch\/wp-content\/uploads\/bsm-images\/A083845_1.jpg","type":"image\/jpeg"}],"twitter_card":"summary_large_image","schema":{"@context":"https:\/\/schema.org","@graph":[{"@type":"WebPage","@id":"https:\/\/bogensportdiscount.ch\/produkt\/b3archery-compound-jagd-3d-visier-rize-hunter-4-pin-019-rh\/","url":"https:\/\/bogensportdiscount.ch\/produkt\/b3archery-compound-jagd-3d-visier-rize-hunter-4-pin-019-rh\/","name":"B3 ARCHERY CACCIA &amp; MIRINO 3D RIZE HUNTER 4 PIN 0,019 RH - Bogensportdiscount \u2013 Archi, frecce, bersagli e accessori","isPartOf":{"@id":"https:\/\/bogensportdiscount.ch\/#website"},"primaryImageOfPage":{"@id":"https:\/\/bogensportdiscount.ch\/produkt\/b3archery-compound-jagd-3d-visier-rize-hunter-4-pin-019-rh\/#primaryimage"},"image":{"@id":"https:\/\/bogensportdiscount.ch\/produkt\/b3archery-compound-jagd-3d-visier-rize-hunter-4-pin-019-rh\/#primaryimage"},"thumbnailUrl":"https:\/\/bogensportdiscount.ch\/wp-content\/uploads\/bsm-images\/A083845_1.jpg","datePublished":"2026-04-05T12:31:04+00:00","dateModified":"2026-04-21T18:44:58+00:00","description":"B3 ARCHERY JAGD &amp; 3D VISIER RIZE HUNTER 4 PIN 0.019 RH: acquista a un prezzo vantaggioso su Bogensportdiscount \u2013 Le migliori marche, spedizione veloce dalla Svizzera.","breadcrumb":{"@id":"https:\/\/bogensportdiscount.ch\/produkt\/b3archery-compound-jagd-3d-visier-rize-hunter-4-pin-019-rh\/#breadcrumb"},"inLanguage":"it-IT","potentialAction":[{"@type":"ReadAction","target":["https:\/\/bogensportdiscount.ch\/produkt\/b3archery-compound-jagd-3d-visier-rize-hunter-4-pin-019-rh\/"]}]},{"@type":"ImageObject","inLanguage":"it-IT","@id":"https:\/\/bogensportdiscount.ch\/produkt\/b3archery-compound-jagd-3d-visier-rize-hunter-4-pin-019-rh\/#primaryimage","url":"https:\/\/bogensportdiscount.ch\/wp-content\/uploads\/bsm-images\/A083845_1.jpg","contentUrl":"https:\/\/bogensportdiscount.ch\/wp-content\/uploads\/bsm-images\/A083845_1.jpg","width":800,"height":800},{"@type":"BreadcrumbList","@id":"https:\/\/bogensportdiscount.ch\/produkt\/b3archery-compound-jagd-3d-visier-rize-hunter-4-pin-019-rh\/#breadcrumb","itemListElement":[{"@type":"ListItem","position":1,"name":"Home","item":"https:\/\/bogensportdiscount.ch\/"},{"@type":"ListItem","position":2,"name":"Shop","item":"https:\/\/bogensportdiscount.ch\/shop\/"},{"@type":"ListItem","position":3,"name":"B3 ARCHERY JAGD &#038; 3D VISIER RIZE HUNTER 4 PIN 0.019 RH"}]},{"@type":"WebSite","@id":"https:\/\/bogensportdiscount.ch\/#website","url":"https:\/\/bogensportdiscount.ch\/","name":"Bogensportdiscount","description":"","potentialAction":[{"@type":"SearchAction","target":{"@type":"EntryPoint","urlTemplate":"https:\/\/bogensportdiscount.ch\/?s={search_term_string}"},"query-input":{"@type":"PropertyValueSpecification","valueRequired":true,"valueName":"search_term_string"}}],"inLanguage":"it-IT"}]}},"_links":{"self":[{"href":"https:\/\/bogensportdiscount.ch\/it\/wp-json\/wp\/v2\/product\/393775","targetHints":{"allow":["GET"]}}],"collection":[{"href":"https:\/\/bogensportdiscount.ch\/it\/wp-json\/wp\/v2\/product"}],"about":[{"href":"https:\/\/bogensportdiscount.ch\/it\/wp-json\/wp\/v2\/types\/product"}],"replies":[{"embeddable":true,"href":"https:\/\/bogensportdiscount.ch\/it\/wp-json\/wp\/v2\/comments?post=393775"}],"wp:featuredmedia":[{"embeddable":true,"href":"https:\/\/bogensportdiscount.ch\/it\/wp-json\/wp\/v2\/media\/524126"}],"wp:attachment":[{"href":"https:\/\/bogensportdiscount.ch\/it\/wp-json\/wp\/v2\/media?parent=393775"}],"wp:term":[{"taxonomy":"product_brand","embeddable":true,"href":"https:\/\/bogensportdiscount.ch\/it\/wp-json\/wp\/v2\/product_brand?post=393775"},{"taxonomy":"product_cat","embeddable":true,"href":"https:\/\/bogensportdiscount.ch\/it\/wp-json\/wp\/v2\/product_cat?post=393775"},{"taxonomy":"product_tag","embeddable":true,"href":"https:\/\/bogensportdiscount.ch\/it\/wp-json\/wp\/v2\/product_tag?post=393775"}],"curies":[{"name":"wp","href":"https:\/\/api.w.org\/{rel}","templated":true}]}}