{"id":393755,"date":"2026-04-05T14:30:59","date_gmt":"2026-04-05T12:30:59","guid":{"rendered":"https:\/\/bogensportdiscount.ch\/produkt\/brownell-stringshot-netting-h-290cm-x-l-10m-black\/"},"modified":"2026-04-15T12:16:43","modified_gmt":"2026-04-15T10:16:43","slug":"brownell-stringshot-pfeilfangnetz-290cm-x-10m-schwarz","status":"publish","type":"product","link":"https:\/\/bogensportdiscount.ch\/it\/prodotto\/brownell-stringshot-pfeilfangnetz-290cm-x-10m-schwarz\/","title":{"rendered":"RETE BROWNELL H 290cm x L 10m NERO"},"content":{"rendered":"<p>Das BROWNELL Stringshot Pfeilfangnetz ist ein robustes Sicherheitsnetz f\u00fcr den Einsatz auf Bogensportanlagen und Trainingspl\u00e4tzen. Es eignet sich f\u00fcr B\u00f6gen mit einer Zuggewicht von bis zu 55 lbs (25 kg) und bietet mit seinen Abmessungen von 290 cm H\u00f6he und 10 m L\u00e4nge eine grossz\u00fcgige Abdeckung.<\/p>\n<p>Das Netz besteht aus UV-stabilisiertem, l\u00f6sungsgef\u00e4rbtem Nylon, das dauerhaft witterungsbest\u00e4ndig ist und seine Farbe auch bei l\u00e4ngerer Aussenbeanspruchung beibeh\u00e4lt. Die schwarze Ausf\u00fchrung reduziert visuelle Ablenkungen beim Schiessen.<\/p>\n<ul>\n<li>UV-stabilisiertes Nylon f\u00fcr Aussen- und Innenbereich<\/li>\n<li>Abmessungen: 290 cm H\u00f6he \u00d7 10 m L\u00e4nge<\/li>\n<li>Geeignet f\u00fcr B\u00f6gen bis 55 lbs Zuggewicht<\/li>\n<li>L\u00f6sungsgef\u00e4rbt \u2013 farbbest\u00e4ndig und langlebig<\/li>\n<\/ul>","protected":false},"excerpt":{"rendered":"<table>\n<tr>\n<th>Propriet\u00e0<\/th>\n<th>Valore<\/th>\n<\/tr>\n<tr>\n<td>Materiale<\/td>\n<td>UV-stabilisiertes Nylon (l\u00f6sungsgef\u00e4rbt)<\/td>\n<\/tr>\n<tr>\n<td>Tipo<\/td>\n<td>Pfeilfangnetz f\u00fcr B\u00f6gen bis 55 lbs (25 kg)<\/td>\n<\/tr>\n<tr>\n<td>Colore<\/td>\n<td>Schwarz<\/td>\n<\/tr>\n<tr>\n<td>H\u00f6he<\/td>\n<td>290 cm<\/td>\n<\/tr>\n<tr>\n<td>Lunghezza<\/td>\n<td>10 m<\/td>\n<\/tr>\n<\/table>","protected":false},"featured_media":453318,"comment_status":"open","ping_status":"closed","template":"","meta":[],"product_brand":[592],"product_cat":[4277],"product_tag":[3546],"class_list":{"0":"post-393755","1":"product","2":"type-product","3":"status-publish","4":"has-post-thumbnail","6":"product_brand-brownell","7":"product_cat-netze-backstops-netze","8":"product_tag-neuheit","10":"first","11":"instock","12":"shipping-taxable","13":"purchasable","14":"product-type-simple"},"_links":{"self":[{"href":"https:\/\/bogensportdiscount.ch\/it\/wp-json\/wp\/v2\/product\/393755","targetHints":{"allow":["GET"]}}],"collection":[{"href":"https:\/\/bogensportdiscount.ch\/it\/wp-json\/wp\/v2\/product"}],"about":[{"href":"https:\/\/bogensportdiscount.ch\/it\/wp-json\/wp\/v2\/types\/product"}],"replies":[{"embeddable":true,"href":"https:\/\/bogensportdiscount.ch\/it\/wp-json\/wp\/v2\/comments?post=393755"}],"wp:featuredmedia":[{"embeddable":true,"href":"https:\/\/bogensportdiscount.ch\/it\/wp-json\/wp\/v2\/media\/453318"}],"wp:attachment":[{"href":"https:\/\/bogensportdiscount.ch\/it\/wp-json\/wp\/v2\/media?parent=393755"}],"wp:term":[{"taxonomy":"product_brand","embeddable":true,"href":"https:\/\/bogensportdiscount.ch\/it\/wp-json\/wp\/v2\/product_brand?post=393755"},{"taxonomy":"product_cat","embeddable":true,"href":"https:\/\/bogensportdiscount.ch\/it\/wp-json\/wp\/v2\/product_cat?post=393755"},{"taxonomy":"product_tag","embeddable":true,"href":"https:\/\/bogensportdiscount.ch\/it\/wp-json\/wp\/v2\/product_tag?post=393755"}],"curies":[{"name":"wp","href":"https:\/\/api.w.org\/{rel}","templated":true}]}}