{"id":393729,"date":"2026-04-05T14:30:53","date_gmt":"2026-04-05T12:30:53","guid":{"rendered":"https:\/\/bogensportdiscount.ch\/produkt\/mybo-revolution-34-compound-bow-mention-your-specifications-in-comments\/"},"modified":"2026-04-15T12:16:14","modified_gmt":"2026-04-15T10:16:14","slug":"mybo-compound-bogen-revolution-34","status":"publish","type":"product","link":"https:\/\/bogensportdiscount.ch\/it\/prodotto\/mybo-compound-bogen-revolution-34\/","title":{"rendered":"ARCO COMPOUND MYBO REVOLUTION 34 INDICATE LE VOSTRE SPECIFICHE NEI COMMENTI"},"content":{"rendered":"<p>Der MYBO Revolution 34 ist ein Compound-Bogen, der f\u00fcr Sch\u00fctzen mit hohen Anspr\u00fcchen an Pr\u00e4zision und Zuverl\u00e4ssigkeit entwickelt wurde. Mit einer Achsl\u00e4nge von 34 Zoll bietet er eine stabile Plattform f\u00fcr pr\u00e4zises Schiessen auf der Jagd wie auch im Feldeinsatz.<\/p>\n<p>Da der Bogen in verschiedenen Konfigurationen erh\u00e4ltlich ist, k\u00f6nnen individuelle Zuggewicht- und Zugl\u00e4ngen-Spezifikationen direkt im Bestellkommentar angegeben werden. So l\u00e4sst sich der Revolution 34 exakt auf die pers\u00f6nlichen Bed\u00fcrfnisse abstimmen.<\/p>\n<ul>\n<li>Achsl\u00e4nge: 34 Zoll f\u00fcr hohe Stabilit\u00e4t<\/li>\n<li>Geeignet f\u00fcr Jagd und anspruchsvolle Feldeins\u00e4tze<\/li>\n<li>Individuelle Spezifikationen auf Anfrage konfigurierbar<\/li>\n<li>Verarbeitungsqualit\u00e4t nach MYBO-Standard<\/li>\n<\/ul>","protected":false},"excerpt":{"rendered":"<p><strong>Marchio:<\/strong> Mybo<br \/><strong>Axle-to-axle (inch):<\/strong> 34<br \/><strong>Brace height (inch):<\/strong> 6,5<br \/><strong>Module:<\/strong> Rotating mod<br \/><strong>Let Off %:<\/strong> Adjustable<br \/><strong>Materiale:<\/strong> Aluminium<\/p>","protected":false},"featured_media":453631,"comment_status":"open","ping_status":"closed","template":"","meta":[],"product_brand":[430],"product_cat":[4524],"product_tag":[3546],"class_list":{"0":"post-393729","1":"product","2":"type-product","3":"status-publish","4":"has-post-thumbnail","6":"product_brand-mybo","7":"product_cat-jagdboegen-compound-boegen-boegen","8":"product_tag-neuheit","10":"first","11":"onbackorder","12":"shipping-taxable","13":"purchasable","14":"product-type-simple"},"_links":{"self":[{"href":"https:\/\/bogensportdiscount.ch\/it\/wp-json\/wp\/v2\/product\/393729","targetHints":{"allow":["GET"]}}],"collection":[{"href":"https:\/\/bogensportdiscount.ch\/it\/wp-json\/wp\/v2\/product"}],"about":[{"href":"https:\/\/bogensportdiscount.ch\/it\/wp-json\/wp\/v2\/types\/product"}],"replies":[{"embeddable":true,"href":"https:\/\/bogensportdiscount.ch\/it\/wp-json\/wp\/v2\/comments?post=393729"}],"wp:featuredmedia":[{"embeddable":true,"href":"https:\/\/bogensportdiscount.ch\/it\/wp-json\/wp\/v2\/media\/453631"}],"wp:attachment":[{"href":"https:\/\/bogensportdiscount.ch\/it\/wp-json\/wp\/v2\/media?parent=393729"}],"wp:term":[{"taxonomy":"product_brand","embeddable":true,"href":"https:\/\/bogensportdiscount.ch\/it\/wp-json\/wp\/v2\/product_brand?post=393729"},{"taxonomy":"product_cat","embeddable":true,"href":"https:\/\/bogensportdiscount.ch\/it\/wp-json\/wp\/v2\/product_cat?post=393729"},{"taxonomy":"product_tag","embeddable":true,"href":"https:\/\/bogensportdiscount.ch\/it\/wp-json\/wp\/v2\/product_tag?post=393729"}],"curies":[{"name":"wp","href":"https:\/\/api.w.org\/{rel}","templated":true}]}}