{"id":393728,"date":"2026-04-05T14:30:52","date_gmt":"2026-04-05T12:30:52","guid":{"rendered":"https:\/\/bogensportdiscount.ch\/produkt\/delta-mckenzie-3d-target-t-rex\/"},"modified":"2026-04-17T13:30:59","modified_gmt":"2026-04-17T11:30:59","slug":"delta-mckenzie-3d-ziel-t-rex","status":"publish","type":"product","link":"https:\/\/bogensportdiscount.ch\/it\/prodotto\/delta-mckenzie-3d-ziel-t-rex\/","title":{"rendered":"DELTA MCKENZIE 3D TARGET T-REX"},"content":{"rendered":"<p>Das Delta McKenzie T-Rex 3D-Ziel ist eine dreidimensionale Tier-Zielscheibe, die den bekannten Dinosaurier Tyrannosaurus Rex darstellt. Solche 3D-Ziele werden im Bogensport f\u00fcr das Entfernungssch\u00e4tzen und das praxisnahe Training auf Parcours eingesetzt.<\/p>\n<p>Die Zielscheibe geh\u00f6rt zur Kategorie Fantasy &amp; Andere und ist damit ideal f\u00fcr Parcours, die auf abwechslungsreiche oder ungew\u00f6hnliche Zielobjekte setzen. Delta McKenzie ist ein etablierter Hersteller von 3D-Zielen und bekannt f\u00fcr robuste Materialien mit guter Pfeilentnahme.<\/p>\n<ul>\n<li>3D-Zielscheibe in Form eines T-Rex<\/li>\n<li>Geeignet f\u00fcr Trainings- und Wettkampfparcours<\/li>\n<li>Kategorie: Fantasy &amp; Andere<\/li>\n<li>Von Delta McKenzie, einem erfahrenen Hersteller im 3D-Bogensport<\/li>\n<\/ul>","protected":false},"excerpt":{"rendered":"<p><strong>Marchio:<\/strong> Delta McKenzie<br \/><strong>GTIN:<\/strong> 090766541008<\/p>","protected":false},"featured_media":445179,"comment_status":"open","ping_status":"closed","template":"","meta":[],"product_brand":[409],"product_cat":[4146],"product_tag":[3546],"class_list":{"0":"post-393728","1":"product","2":"type-product","3":"status-publish","4":"has-post-thumbnail","6":"product_brand-deltamckenzie","7":"product_cat-fantasie-andere","8":"product_tag-neuheit","10":"first","11":"instock","12":"shipping-taxable","13":"purchasable","14":"product-type-simple"},"_links":{"self":[{"href":"https:\/\/bogensportdiscount.ch\/it\/wp-json\/wp\/v2\/product\/393728","targetHints":{"allow":["GET"]}}],"collection":[{"href":"https:\/\/bogensportdiscount.ch\/it\/wp-json\/wp\/v2\/product"}],"about":[{"href":"https:\/\/bogensportdiscount.ch\/it\/wp-json\/wp\/v2\/types\/product"}],"replies":[{"embeddable":true,"href":"https:\/\/bogensportdiscount.ch\/it\/wp-json\/wp\/v2\/comments?post=393728"}],"wp:featuredmedia":[{"embeddable":true,"href":"https:\/\/bogensportdiscount.ch\/it\/wp-json\/wp\/v2\/media\/445179"}],"wp:attachment":[{"href":"https:\/\/bogensportdiscount.ch\/it\/wp-json\/wp\/v2\/media?parent=393728"}],"wp:term":[{"taxonomy":"product_brand","embeddable":true,"href":"https:\/\/bogensportdiscount.ch\/it\/wp-json\/wp\/v2\/product_brand?post=393728"},{"taxonomy":"product_cat","embeddable":true,"href":"https:\/\/bogensportdiscount.ch\/it\/wp-json\/wp\/v2\/product_cat?post=393728"},{"taxonomy":"product_tag","embeddable":true,"href":"https:\/\/bogensportdiscount.ch\/it\/wp-json\/wp\/v2\/product_tag?post=393728"}],"curies":[{"name":"wp","href":"https:\/\/api.w.org\/{rel}","templated":true}]}}