{"id":393691,"date":"2026-04-05T14:30:44","date_gmt":"2026-04-05T12:30:44","guid":{"rendered":"https:\/\/bogensportdiscount.ch\/produkt\/reign-fusion-16-serving-material-0-016-black\/"},"modified":"2026-04-15T12:16:13","modified_gmt":"2026-04-15T10:16:13","slug":"reign-mittenwicklungsmaterial-fusion-16-0016-schwarz","status":"publish","type":"product","link":"https:\/\/bogensportdiscount.ch\/it\/prodotto\/reign-mittenwicklungsmaterial-fusion-16-0016-schwarz\/","title":{"rendered":"REIGN FUSION 16 MATERIALE DI SERVIZIO 0,016\u2033 NERO"},"content":{"rendered":"<p>Das REIGN Fusion 16 Mittenwicklungsmaterial in der St\u00e4rke 0.016&#8243; ist speziell f\u00fcr den Sehnenbau entwickelt worden. Das Material wird f\u00fcr die Mittenwicklung von Bogensehnen verwendet und sorgt f\u00fcr eine gleichm\u00e4ssige, haltbare Wicklung im mittleren Sehnenbereich.<\/p>\n<p>Die schwarze Ausf\u00fchrung eignet sich sowohl f\u00fcr funktionale als auch f\u00fcr optisch ansprechende Sehnenbauten. Das Material ist kompatibel mit g\u00e4ngigen Sehnenmaterialien und l\u00e4sst sich einfach verarbeiten.<\/p>\n<ul>\n<li>Durchmesser: 0.016&#8243;<\/li>\n<li>Farbe: Schwarz<\/li>\n<li>Geeignet f\u00fcr Mittenwicklungen an Bogensehnen<\/li>\n<li>Verarbeitungsfreundliches Serving-Material<\/li>\n<\/ul>","protected":false},"excerpt":{"rendered":"<p><strong>Marchio:<\/strong> Reign<br \/><strong>Farbe:<\/strong> Schwarz<br \/><strong>Diameter (inch):<\/strong> ,016<br \/><strong>Spool size:<\/strong> Jig<br \/><strong>GTIN:<\/strong> 6426001664623<\/p>","protected":false},"featured_media":453296,"comment_status":"open","ping_status":"closed","template":"","meta":[],"product_brand":[571],"product_cat":[4167],"product_tag":[3546],"class_list":{"0":"post-393691","1":"product","2":"type-product","3":"status-publish","4":"has-post-thumbnail","6":"product_brand-reign","7":"product_cat-serving-material-sehnen-herstellung","8":"product_tag-neuheit","10":"first","11":"instock","12":"shipping-taxable","13":"purchasable","14":"product-type-simple"},"_links":{"self":[{"href":"https:\/\/bogensportdiscount.ch\/it\/wp-json\/wp\/v2\/product\/393691","targetHints":{"allow":["GET"]}}],"collection":[{"href":"https:\/\/bogensportdiscount.ch\/it\/wp-json\/wp\/v2\/product"}],"about":[{"href":"https:\/\/bogensportdiscount.ch\/it\/wp-json\/wp\/v2\/types\/product"}],"replies":[{"embeddable":true,"href":"https:\/\/bogensportdiscount.ch\/it\/wp-json\/wp\/v2\/comments?post=393691"}],"wp:featuredmedia":[{"embeddable":true,"href":"https:\/\/bogensportdiscount.ch\/it\/wp-json\/wp\/v2\/media\/453296"}],"wp:attachment":[{"href":"https:\/\/bogensportdiscount.ch\/it\/wp-json\/wp\/v2\/media?parent=393691"}],"wp:term":[{"taxonomy":"product_brand","embeddable":true,"href":"https:\/\/bogensportdiscount.ch\/it\/wp-json\/wp\/v2\/product_brand?post=393691"},{"taxonomy":"product_cat","embeddable":true,"href":"https:\/\/bogensportdiscount.ch\/it\/wp-json\/wp\/v2\/product_cat?post=393691"},{"taxonomy":"product_tag","embeddable":true,"href":"https:\/\/bogensportdiscount.ch\/it\/wp-json\/wp\/v2\/product_tag?post=393691"}],"curies":[{"name":"wp","href":"https:\/\/api.w.org\/{rel}","templated":true}]}}