{"id":393663,"date":"2026-04-05T14:30:37","date_gmt":"2026-04-05T12:30:37","guid":{"rendered":"https:\/\/bogensportdiscount.ch\/produkt\/nap-expandable-broadheads-verdict-ss-100gr-2-blade-3-pk\/"},"modified":"2026-04-20T12:49:11","modified_gmt":"2026-04-20T10:49:11","slug":"nap-mechanischer-broadhead-verdict-ss-100gr-2-klinge-3er-pack","status":"publish","type":"product","link":"https:\/\/bogensportdiscount.ch\/it\/prodotto\/nap-mechanischer-broadhead-verdict-ss-100gr-2-klinge-3er-pack\/","title":{"rendered":"NAP AUSKLAPPBARE JAGDSPITZEN VERDICT SS 100GR 2 KLINGEN 3\/PK"},"content":{"rendered":"<p>Der NAP Verdict SS geh\u00f6rt zur Kategorie der mechanischen Broadheads und \u00fcberzeugt mit seinem einfachen 2-Klingen-Design. Das Gewicht von 100 Grain entspricht dem g\u00e4ngigen Standard und sorgt f\u00fcr eine gute Kompatibilit\u00e4t mit einer Vielzahl von Pfeilsch\u00e4ften und B\u00f6gen.<\/p>\n<p>Mechanische Broadheads wie der Verdict SS bleiben w\u00e4hrend des Flugs geschlossen und entfalten ihre Klingen erst beim Aufprall. Dies verbessert die Flugstabilit\u00e4t im Vergleich zu Fixklingen-Broadheads und erm\u00f6glicht pr\u00e4zisere Sch\u00fcsse auf gr\u00f6ssere Distanzen.<\/p>\n<ul>\n<li>Ausklappbarer mechanischer Broadhead (Expandable)<\/li>\n<li>2-Klingen-Konstruktion<\/li>\n<li>Peso 100 Grain<\/li>\n<li>Confezione da 3<\/li>\n<\/ul>","protected":false},"excerpt":{"rendered":"<p><strong>Marchio:<\/strong> NAP<br \/><strong>Lame:<\/strong> 2<br \/><strong>Peso:<\/strong> 100<br \/><strong>GTIN:<\/strong> 888151052532<\/p>","protected":false},"featured_media":522632,"comment_status":"open","ping_status":"closed","template":"","meta":[],"product_brand":[557],"product_cat":[4212],"product_tag":[3546],"class_list":{"0":"post-393663","1":"product","2":"type-product","3":"status-publish","4":"has-post-thumbnail","6":"product_brand-nap","7":"product_cat-mechanische-jagdspitzen","8":"product_tag-neuheit","10":"first","11":"instock","12":"shipping-taxable","13":"purchasable","14":"product-type-simple"},"yoast_head":"<!-- This site is optimized with the Yoast SEO plugin v27.4 - https:\/\/yoast.com\/product\/yoast-seo-wordpress\/ -->\n<title>NAP AUSKLAPPBARE JAGDSPITZEN VERDICT SS 100GR 2 KLINGEN 3\/PK - Bogensportdiscount \u2013 B\u00f6gen, Pfeile, Targets &amp; Zubeh\u00f6r<\/title>\n<meta name=\"robots\" content=\"noindex, follow, max-snippet:-1, max-image-preview:large, max-video-preview:-1\" \/>\n<meta property=\"og:locale\" content=\"it_IT\" \/>\n<meta property=\"og:type\" content=\"article\" \/>\n<meta property=\"og:title\" content=\"NAP AUSKLAPPBARE JAGDSPITZEN VERDICT SS 100GR 2 KLINGEN 3\/PK - Bogensportdiscount \u2013 B\u00f6gen, Pfeile, Targets &amp; Zubeh\u00f6r\" \/>\n<meta property=\"og:description\" content=\"Marke: NAPKlingen: 2Gewicht: 100GTIN: 888151052532\" \/>\n<meta property=\"og:url\" content=\"https:\/\/bogensportdiscount.ch\/it\/produit\/nap-mechanischer-broadhead-verdict-ss-100gr-2-klinge-3er-pack\/\" \/>\n<meta property=\"og:site_name\" content=\"Bogensportdiscount \u2013 B\u00f6gen, Pfeile, Targets &amp; Zubeh\u00f6r\" \/>\n<meta property=\"article:modified_time\" content=\"2026-04-20T10:49:11+00:00\" \/>\n<meta property=\"og:image\" content=\"https:\/\/bogensportdiscount.ch\/wp-content\/uploads\/bsm-images\/A081584_1.png\" \/>\n\t<meta property=\"og:image:width\" content=\"728\" \/>\n\t<meta property=\"og:image:height\" content=\"654\" \/>\n\t<meta property=\"og:image:type\" content=\"image\/png\" \/>\n<meta name=\"twitter:card\" content=\"summary_large_image\" \/>\n<script type=\"application\/ld+json\" class=\"yoast-schema-graph\">{\"@context\":\"https:\\\/\\\/schema.org\",\"@graph\":[{\"@type\":\"WebPage\",\"@id\":\"https:\\\/\\\/bogensportdiscount.ch\\\/fr\\\/produit\\\/nap-mechanischer-broadhead-verdict-ss-100gr-2-klinge-3er-pack\\\/\",\"url\":\"https:\\\/\\\/bogensportdiscount.ch\\\/fr\\\/produit\\\/nap-mechanischer-broadhead-verdict-ss-100gr-2-klinge-3er-pack\\\/\",\"name\":\"NAP AUSKLAPPBARE JAGDSPITZEN VERDICT SS 100GR 2 KLINGEN 3\\\/PK - Bogensportdiscount \u2013 B\u00f6gen, Pfeile, Targets &amp; Zubeh\u00f6r\",\"isPartOf\":{\"@id\":\"https:\\\/\\\/bogensportdiscount.ch\\\/#website\"},\"primaryImageOfPage\":{\"@id\":\"https:\\\/\\\/bogensportdiscount.ch\\\/fr\\\/produit\\\/nap-mechanischer-broadhead-verdict-ss-100gr-2-klinge-3er-pack\\\/#primaryimage\"},\"image\":{\"@id\":\"https:\\\/\\\/bogensportdiscount.ch\\\/fr\\\/produit\\\/nap-mechanischer-broadhead-verdict-ss-100gr-2-klinge-3er-pack\\\/#primaryimage\"},\"thumbnailUrl\":\"https:\\\/\\\/bogensportdiscount.ch\\\/wp-content\\\/uploads\\\/bsm-images\\\/A081584_1.png\",\"datePublished\":\"2026-04-05T12:30:37+00:00\",\"dateModified\":\"2026-04-20T10:49:11+00:00\",\"breadcrumb\":{\"@id\":\"https:\\\/\\\/bogensportdiscount.ch\\\/fr\\\/produit\\\/nap-mechanischer-broadhead-verdict-ss-100gr-2-klinge-3er-pack\\\/#breadcrumb\"},\"inLanguage\":\"it-IT\",\"potentialAction\":[{\"@type\":\"ReadAction\",\"target\":[\"https:\\\/\\\/bogensportdiscount.ch\\\/fr\\\/produit\\\/nap-mechanischer-broadhead-verdict-ss-100gr-2-klinge-3er-pack\\\/\"]}]},{\"@type\":\"ImageObject\",\"inLanguage\":\"it-IT\",\"@id\":\"https:\\\/\\\/bogensportdiscount.ch\\\/fr\\\/produit\\\/nap-mechanischer-broadhead-verdict-ss-100gr-2-klinge-3er-pack\\\/#primaryimage\",\"url\":\"https:\\\/\\\/bogensportdiscount.ch\\\/wp-content\\\/uploads\\\/bsm-images\\\/A081584_1.png\",\"contentUrl\":\"https:\\\/\\\/bogensportdiscount.ch\\\/wp-content\\\/uploads\\\/bsm-images\\\/A081584_1.png\",\"width\":728,\"height\":654},{\"@type\":\"BreadcrumbList\",\"@id\":\"https:\\\/\\\/bogensportdiscount.ch\\\/fr\\\/produit\\\/nap-mechanischer-broadhead-verdict-ss-100gr-2-klinge-3er-pack\\\/#breadcrumb\",\"itemListElement\":[{\"@type\":\"ListItem\",\"position\":1,\"name\":\"Home\",\"item\":\"https:\\\/\\\/bogensportdiscount.ch\\\/\"},{\"@type\":\"ListItem\",\"position\":2,\"name\":\"Shop\",\"item\":\"https:\\\/\\\/bogensportdiscount.ch\\\/shop\\\/\"},{\"@type\":\"ListItem\",\"position\":3,\"name\":\"NAP AUSKLAPPBARE JAGDSPITZEN VERDICT SS 100GR 2 KLINGEN 3\\\/PK\"}]},{\"@type\":\"WebSite\",\"@id\":\"https:\\\/\\\/bogensportdiscount.ch\\\/#website\",\"url\":\"https:\\\/\\\/bogensportdiscount.ch\\\/\",\"name\":\"Bogensportdiscount\",\"description\":\"\",\"potentialAction\":[{\"@type\":\"SearchAction\",\"target\":{\"@type\":\"EntryPoint\",\"urlTemplate\":\"https:\\\/\\\/bogensportdiscount.ch\\\/?s={search_term_string}\"},\"query-input\":{\"@type\":\"PropertyValueSpecification\",\"valueRequired\":true,\"valueName\":\"search_term_string\"}}],\"inLanguage\":\"it-IT\"}]}<\/script>\n<!-- \/ Yoast SEO plugin. -->","yoast_head_json":{"title":"NAP AUSKLAPPBARE JAGDSPITZEN VERDICT SS 100GR 2 KLINGEN 3\/PK - Bogensportdiscount \u2013 B\u00f6gen, Pfeile, Targets &amp; Zubeh\u00f6r","robots":{"index":"noindex","follow":"follow","max-snippet":"max-snippet:-1","max-image-preview":"max-image-preview:large","max-video-preview":"max-video-preview:-1"},"og_locale":"it_IT","og_type":"article","og_title":"NAP AUSKLAPPBARE JAGDSPITZEN VERDICT SS 100GR 2 KLINGEN 3\/PK - Bogensportdiscount \u2013 B\u00f6gen, Pfeile, Targets &amp; Zubeh\u00f6r","og_description":"Marke: NAPKlingen: 2Gewicht: 100GTIN: 888151052532","og_url":"https:\/\/bogensportdiscount.ch\/it\/produit\/nap-mechanischer-broadhead-verdict-ss-100gr-2-klinge-3er-pack\/","og_site_name":"Bogensportdiscount \u2013 B\u00f6gen, Pfeile, Targets &amp; Zubeh\u00f6r","article_modified_time":"2026-04-20T10:49:11+00:00","og_image":[{"width":728,"height":654,"url":"https:\/\/bogensportdiscount.ch\/wp-content\/uploads\/bsm-images\/A081584_1.png","type":"image\/png"}],"twitter_card":"summary_large_image","schema":{"@context":"https:\/\/schema.org","@graph":[{"@type":"WebPage","@id":"https:\/\/bogensportdiscount.ch\/fr\/produit\/nap-mechanischer-broadhead-verdict-ss-100gr-2-klinge-3er-pack\/","url":"https:\/\/bogensportdiscount.ch\/fr\/produit\/nap-mechanischer-broadhead-verdict-ss-100gr-2-klinge-3er-pack\/","name":"NAP AUSKLAPPBARE JAGDSPITZEN VERDICT SS 100GR 2 KLINGEN 3\/PK - Bogensportdiscount \u2013 B\u00f6gen, Pfeile, Targets &amp; Zubeh\u00f6r","isPartOf":{"@id":"https:\/\/bogensportdiscount.ch\/#website"},"primaryImageOfPage":{"@id":"https:\/\/bogensportdiscount.ch\/fr\/produit\/nap-mechanischer-broadhead-verdict-ss-100gr-2-klinge-3er-pack\/#primaryimage"},"image":{"@id":"https:\/\/bogensportdiscount.ch\/fr\/produit\/nap-mechanischer-broadhead-verdict-ss-100gr-2-klinge-3er-pack\/#primaryimage"},"thumbnailUrl":"https:\/\/bogensportdiscount.ch\/wp-content\/uploads\/bsm-images\/A081584_1.png","datePublished":"2026-04-05T12:30:37+00:00","dateModified":"2026-04-20T10:49:11+00:00","breadcrumb":{"@id":"https:\/\/bogensportdiscount.ch\/fr\/produit\/nap-mechanischer-broadhead-verdict-ss-100gr-2-klinge-3er-pack\/#breadcrumb"},"inLanguage":"it-IT","potentialAction":[{"@type":"ReadAction","target":["https:\/\/bogensportdiscount.ch\/fr\/produit\/nap-mechanischer-broadhead-verdict-ss-100gr-2-klinge-3er-pack\/"]}]},{"@type":"ImageObject","inLanguage":"it-IT","@id":"https:\/\/bogensportdiscount.ch\/fr\/produit\/nap-mechanischer-broadhead-verdict-ss-100gr-2-klinge-3er-pack\/#primaryimage","url":"https:\/\/bogensportdiscount.ch\/wp-content\/uploads\/bsm-images\/A081584_1.png","contentUrl":"https:\/\/bogensportdiscount.ch\/wp-content\/uploads\/bsm-images\/A081584_1.png","width":728,"height":654},{"@type":"BreadcrumbList","@id":"https:\/\/bogensportdiscount.ch\/fr\/produit\/nap-mechanischer-broadhead-verdict-ss-100gr-2-klinge-3er-pack\/#breadcrumb","itemListElement":[{"@type":"ListItem","position":1,"name":"Home","item":"https:\/\/bogensportdiscount.ch\/"},{"@type":"ListItem","position":2,"name":"Shop","item":"https:\/\/bogensportdiscount.ch\/shop\/"},{"@type":"ListItem","position":3,"name":"NAP AUSKLAPPBARE JAGDSPITZEN VERDICT SS 100GR 2 KLINGEN 3\/PK"}]},{"@type":"WebSite","@id":"https:\/\/bogensportdiscount.ch\/#website","url":"https:\/\/bogensportdiscount.ch\/","name":"Bogensportdiscount","description":"","potentialAction":[{"@type":"SearchAction","target":{"@type":"EntryPoint","urlTemplate":"https:\/\/bogensportdiscount.ch\/?s={search_term_string}"},"query-input":{"@type":"PropertyValueSpecification","valueRequired":true,"valueName":"search_term_string"}}],"inLanguage":"it-IT"}]}},"_links":{"self":[{"href":"https:\/\/bogensportdiscount.ch\/it\/wp-json\/wp\/v2\/product\/393663","targetHints":{"allow":["GET"]}}],"collection":[{"href":"https:\/\/bogensportdiscount.ch\/it\/wp-json\/wp\/v2\/product"}],"about":[{"href":"https:\/\/bogensportdiscount.ch\/it\/wp-json\/wp\/v2\/types\/product"}],"replies":[{"embeddable":true,"href":"https:\/\/bogensportdiscount.ch\/it\/wp-json\/wp\/v2\/comments?post=393663"}],"wp:featuredmedia":[{"embeddable":true,"href":"https:\/\/bogensportdiscount.ch\/it\/wp-json\/wp\/v2\/media\/522632"}],"wp:attachment":[{"href":"https:\/\/bogensportdiscount.ch\/it\/wp-json\/wp\/v2\/media?parent=393663"}],"wp:term":[{"taxonomy":"product_brand","embeddable":true,"href":"https:\/\/bogensportdiscount.ch\/it\/wp-json\/wp\/v2\/product_brand?post=393663"},{"taxonomy":"product_cat","embeddable":true,"href":"https:\/\/bogensportdiscount.ch\/it\/wp-json\/wp\/v2\/product_cat?post=393663"},{"taxonomy":"product_tag","embeddable":true,"href":"https:\/\/bogensportdiscount.ch\/it\/wp-json\/wp\/v2\/product_tag?post=393663"}],"curies":[{"name":"wp","href":"https:\/\/api.w.org\/{rel}","templated":true}]}}