{"id":393639,"date":"2026-04-05T14:30:31","date_gmt":"2026-04-05T12:30:31","guid":{"rendered":"https:\/\/bogensportdiscount.ch\/produkt\/victory-3dhv-glue-in-bullet-points-80-150gr-12pk\/"},"modified":"2026-04-15T12:16:10","modified_gmt":"2026-04-15T10:16:10","slug":"victory-3dhv-einklebespitzen-bullet-points-80-150gr-12er-pack","status":"publish","type":"product","link":"https:\/\/bogensportdiscount.ch\/it\/prodotto\/victory-3dhv-einklebespitzen-bullet-points-80-150gr-12er-pack\/","title":{"rendered":"COLLAUDO VICTORY 3DHV IN PUNTI BULLET 80-150gr 12PK"},"content":{"rendered":"<p>Die Victory 3DHV Glue-In Bullet Points sind Einklebespitzen, die speziell f\u00fcr Victory 3DHV-Pfeilsch\u00e4fte konzipiert wurden. Die Bullet-Point-Form sorgt f\u00fcr ein gutes Eindringverhalten in 3D-Ziele und Schaumstoffscheiben und erleichtert das Herausziehen der Pfeile.<\/p>\n<p>Der angebotene Gewichtsbereich von 80 bis 150 Grain erm\u00f6glicht es, das Gesamtgewicht des Pfeils gezielt anzupassen und so das Flugbild und die Auftreffenergie zu optimieren. Das Paket enth\u00e4lt 12 Spitzen.<\/p>\n<ul>\n<li>Einklebespitzen (Glue-In) f\u00fcr Victory 3DHV-Sch\u00e4fte<\/li>\n<li>Bullet-Point-Form f\u00fcr einfaches Herausziehen<\/li>\n<li>Gewichtsbereich 80\u2013150 Grain<\/li>\n<li>12 Spitzen pro Packung<\/li>\n<\/ul>","protected":false},"excerpt":{"rendered":"<p><strong>Marchio:<\/strong> Victory<br \/><strong>Tipo:<\/strong> Break-off<br \/><strong>Gewicht:<\/strong> 80-150<br \/><strong>GTIN:<\/strong> 811870033292<\/p>","protected":false},"featured_media":453276,"comment_status":"open","ping_status":"closed","template":"","meta":[],"product_brand":[547],"product_cat":[4543],"product_tag":[3546],"class_list":{"0":"post-393639","1":"product","2":"type-product","3":"status-publish","4":"has-post-thumbnail","6":"product_brand-victory","7":"product_cat-einklebe-spitzen-pfeil-komponenten","8":"product_tag-neuheit","10":"first","11":"instock","12":"shipping-taxable","13":"purchasable","14":"product-type-simple"},"_links":{"self":[{"href":"https:\/\/bogensportdiscount.ch\/it\/wp-json\/wp\/v2\/product\/393639","targetHints":{"allow":["GET"]}}],"collection":[{"href":"https:\/\/bogensportdiscount.ch\/it\/wp-json\/wp\/v2\/product"}],"about":[{"href":"https:\/\/bogensportdiscount.ch\/it\/wp-json\/wp\/v2\/types\/product"}],"replies":[{"embeddable":true,"href":"https:\/\/bogensportdiscount.ch\/it\/wp-json\/wp\/v2\/comments?post=393639"}],"wp:featuredmedia":[{"embeddable":true,"href":"https:\/\/bogensportdiscount.ch\/it\/wp-json\/wp\/v2\/media\/453276"}],"wp:attachment":[{"href":"https:\/\/bogensportdiscount.ch\/it\/wp-json\/wp\/v2\/media?parent=393639"}],"wp:term":[{"taxonomy":"product_brand","embeddable":true,"href":"https:\/\/bogensportdiscount.ch\/it\/wp-json\/wp\/v2\/product_brand?post=393639"},{"taxonomy":"product_cat","embeddable":true,"href":"https:\/\/bogensportdiscount.ch\/it\/wp-json\/wp\/v2\/product_cat?post=393639"},{"taxonomy":"product_tag","embeddable":true,"href":"https:\/\/bogensportdiscount.ch\/it\/wp-json\/wp\/v2\/product_tag?post=393639"}],"curies":[{"name":"wp","href":"https:\/\/api.w.org\/{rel}","templated":true}]}}