{"id":393638,"date":"2026-04-05T14:30:31","date_gmt":"2026-04-05T12:30:31","guid":{"rendered":"https:\/\/bogensportdiscount.ch\/produkt\/victory-vxt-vap-id-4-2-glue-in-bullet-points-vap-250-vxt-300-120-140gr-12pk\/"},"modified":"2026-05-14T07:13:55","modified_gmt":"2026-05-14T05:13:55","slug":"victory-vxt-vap-id-4-2-einklebespitzen-bullet-points-vap-250-vxt-300-120-140gr-12er-pack","status":"publish","type":"product","link":"https:\/\/bogensportdiscount.ch\/it\/prodotto\/victory-vxt-vap-id-4-2-einklebespitzen-bullet-points-vap-250-vxt-300-120-140gr-12er-pack\/","title":{"rendered":"VICTORY VXT\/VAP ID 4.2 EINKLEBE SPITZE VAP 250 VXT 300 120-140gr 12PK"},"content":{"rendered":"<p>Die Victory VXT\/VAP ID 4.2 Bullet Point Einklebespitzen sind auf die VAP 250 und VXT 300 Pfeilsch\u00e4fte von Victory abgestimmt. Der Innendurchmesser von 4.2 mm gew\u00e4hrleistet eine passgenaue Verbindung mit den entsprechenden Sch\u00e4ften.<\/p>\n<p>Con un peso da 120 a 140 Grain, queste punte sono adatte a diversi ambiti di utilizzo nel tiro con l'arco. Il pack da 12 consente un approvvigionamento economico per l'allenamento e la gara.<\/p>\n<ul>\n<li>Forma bullet point per applicazioni standardizzate<\/li>\n<li>ID 4.2 \u2013 compatibile con le aste VICTORY VAP 250 e VXT 300<\/li>\n<li>Gamma di peso: 120\u2013140 Grain<\/li>\n<li>12 St\u00fcck pro Packung<\/li>\n<\/ul>","protected":false},"excerpt":{"rendered":"<table>\n<tr>\n<th>Propriet\u00e0<\/th>\n<th>Valore<\/th>\n<\/tr>\n<tr>\n<td>Marca<\/td>\n<td>Victory<\/td>\n<\/tr>\n<tr>\n<td>Tipo<\/td>\n<td>Break-off<\/td>\n<\/tr>\n<tr>\n<td>Diametro interno<\/td>\n<td>4,2<\/td>\n<\/tr>\n<tr>\n<td>Peso<\/td>\n<td>120-140<\/td>\n<\/tr>\n<tr>\n<td>Paese di origine<\/td>\n<td>Corea del Sud<\/td>\n<\/tr>\n<tr>\n<td>GTIN<\/td>\n<td>811870041464<\/td>\n<\/tr>\n<\/table>","protected":false},"featured_media":453275,"comment_status":"open","ping_status":"closed","template":"","meta":[],"product_brand":[547],"product_cat":[4158,4511,4543],"product_tag":[3546],"class_list":{"0":"post-393638","1":"product","2":"type-product","3":"status-publish","4":"has-post-thumbnail","6":"product_brand-victory","7":"product_cat-pfeile-schaefte","8":"product_cat-pfeil-komponenten","9":"product_cat-einklebe-spitzen","10":"product_tag-neuheit","11":"product_shipping_class-bsd-standard","13":"first","14":"instock","15":"shipping-taxable","16":"purchasable","17":"product-type-simple"},"yoast_head":"<!-- This site is optimized with the Yoast SEO plugin v27.6 - https:\/\/yoast.com\/product\/yoast-seo-wordpress\/ -->\n<title>VICTORY VXT\/VAP ID 4.2 EINKLEBE SPITZE VAP 250 VXT 300 120-140gr 12PK - Bogensportdiscount \u2013 B\u00f6gen, Pfeile, Targets &amp; Zubeh\u00f6r<\/title>\n<meta name=\"description\" content=\"VICTORY VXT\/VAP ID 4.2 EINKLEBE SPITZE VAP 250 VXT 300 120-140gr 12PK g\u00fcnstig kaufen bei Bogensportdiscount \u2013 Top-Marken, schneller Versand aus der Schweiz.\" \/>\n<meta name=\"robots\" content=\"index, follow, max-snippet:-1, max-image-preview:large, max-video-preview:-1\" \/>\n<link rel=\"canonical\" href=\"https:\/\/bogensportdiscount.ch\/it\/prodotto\/victory-vxt-vap-id-4-2-einklebespitzen-bullet-points-vap-250-vxt-300-120-140gr-12er-pack\/\" \/>\n<meta property=\"og:locale\" content=\"it_IT\" \/>\n<meta property=\"og:type\" content=\"article\" \/>\n<meta property=\"og:title\" content=\"VICTORY VXT\/VAP ID 4.2 EINKLEBE SPITZE VAP 250 VXT 300 120-140gr 12PK - Bogensportdiscount \u2013 B\u00f6gen, Pfeile, Targets &amp; Zubeh\u00f6r\" \/>\n<meta property=\"og:description\" content=\"VICTORY VXT\/VAP ID 4.2 EINKLEBE SPITZE VAP 250 VXT 300 120-140gr 12PK g\u00fcnstig kaufen bei Bogensportdiscount \u2013 Top-Marken, schneller Versand aus der Schweiz.\" \/>\n<meta property=\"og:url\" content=\"https:\/\/bogensportdiscount.ch\/it\/prodotto\/victory-vxt-vap-id-4-2-einklebespitzen-bullet-points-vap-250-vxt-300-120-140gr-12er-pack\/\" \/>\n<meta property=\"og:site_name\" content=\"Bogensportdiscount \u2013 B\u00f6gen, Pfeile, Targets &amp; Zubeh\u00f6r\" \/>\n<meta property=\"article:modified_time\" content=\"2026-05-14T05:13:55+00:00\" \/>\n<meta property=\"og:image\" content=\"https:\/\/bogensportdiscount.ch\/wp-content\/uploads\/bsm-images\/a081491_1.jpg\" \/>\n\t<meta property=\"og:image:width\" content=\"400\" \/>\n\t<meta property=\"og:image:height\" content=\"266\" \/>\n\t<meta property=\"og:image:type\" content=\"image\/jpeg\" \/>\n<meta name=\"twitter:card\" content=\"summary_large_image\" \/>\n<script type=\"application\/ld+json\" class=\"yoast-schema-graph\">{\"@context\":\"https:\\\/\\\/schema.org\",\"@graph\":[{\"@type\":\"WebPage\",\"@id\":\"https:\\\/\\\/bogensportdiscount.ch\\\/produkt\\\/victory-vxt-vap-id-4-2-einklebespitzen-bullet-points-vap-250-vxt-300-120-140gr-12er-pack\\\/\",\"url\":\"https:\\\/\\\/bogensportdiscount.ch\\\/produkt\\\/victory-vxt-vap-id-4-2-einklebespitzen-bullet-points-vap-250-vxt-300-120-140gr-12er-pack\\\/\",\"name\":\"VICTORY VXT\\\/VAP ID 4.2 EINKLEBE SPITZE VAP 250 VXT 300 120-140gr 12PK - Bogensportdiscount \u2013 B\u00f6gen, Pfeile, Targets &amp; Zubeh\u00f6r\",\"isPartOf\":{\"@id\":\"https:\\\/\\\/bogensportdiscount.ch\\\/#website\"},\"primaryImageOfPage\":{\"@id\":\"https:\\\/\\\/bogensportdiscount.ch\\\/produkt\\\/victory-vxt-vap-id-4-2-einklebespitzen-bullet-points-vap-250-vxt-300-120-140gr-12er-pack\\\/#primaryimage\"},\"image\":{\"@id\":\"https:\\\/\\\/bogensportdiscount.ch\\\/produkt\\\/victory-vxt-vap-id-4-2-einklebespitzen-bullet-points-vap-250-vxt-300-120-140gr-12er-pack\\\/#primaryimage\"},\"thumbnailUrl\":\"https:\\\/\\\/bogensportdiscount.ch\\\/wp-content\\\/uploads\\\/bsm-images\\\/a081491_1.jpg\",\"datePublished\":\"2026-04-05T12:30:31+00:00\",\"dateModified\":\"2026-05-14T05:13:55+00:00\",\"description\":\"VICTORY VXT\\\/VAP ID 4.2 EINKLEBE SPITZE VAP 250 VXT 300 120-140gr 12PK g\u00fcnstig kaufen bei Bogensportdiscount \u2013 Top-Marken, schneller Versand aus der Schweiz.\",\"breadcrumb\":{\"@id\":\"https:\\\/\\\/bogensportdiscount.ch\\\/produkt\\\/victory-vxt-vap-id-4-2-einklebespitzen-bullet-points-vap-250-vxt-300-120-140gr-12er-pack\\\/#breadcrumb\"},\"inLanguage\":\"it-IT\",\"potentialAction\":[{\"@type\":\"ReadAction\",\"target\":[\"https:\\\/\\\/bogensportdiscount.ch\\\/produkt\\\/victory-vxt-vap-id-4-2-einklebespitzen-bullet-points-vap-250-vxt-300-120-140gr-12er-pack\\\/\"]}]},{\"@type\":\"ImageObject\",\"inLanguage\":\"it-IT\",\"@id\":\"https:\\\/\\\/bogensportdiscount.ch\\\/produkt\\\/victory-vxt-vap-id-4-2-einklebespitzen-bullet-points-vap-250-vxt-300-120-140gr-12er-pack\\\/#primaryimage\",\"url\":\"https:\\\/\\\/bogensportdiscount.ch\\\/wp-content\\\/uploads\\\/bsm-images\\\/a081491_1.jpg\",\"contentUrl\":\"https:\\\/\\\/bogensportdiscount.ch\\\/wp-content\\\/uploads\\\/bsm-images\\\/a081491_1.jpg\",\"width\":400,\"height\":266},{\"@type\":\"BreadcrumbList\",\"@id\":\"https:\\\/\\\/bogensportdiscount.ch\\\/produkt\\\/victory-vxt-vap-id-4-2-einklebespitzen-bullet-points-vap-250-vxt-300-120-140gr-12er-pack\\\/#breadcrumb\",\"itemListElement\":[{\"@type\":\"ListItem\",\"position\":1,\"name\":\"Home\",\"item\":\"https:\\\/\\\/bogensportdiscount.ch\\\/\"},{\"@type\":\"ListItem\",\"position\":2,\"name\":\"Shop\",\"item\":\"https:\\\/\\\/bogensportdiscount.ch\\\/shop\\\/\"},{\"@type\":\"ListItem\",\"position\":3,\"name\":\"VICTORY VXT\\\/VAP ID 4.2 GLUE IN BULLET POINTS VAP 250 VXT 300 120-140gr 12PK\"}]},{\"@type\":\"WebSite\",\"@id\":\"https:\\\/\\\/bogensportdiscount.ch\\\/#website\",\"url\":\"https:\\\/\\\/bogensportdiscount.ch\\\/\",\"name\":\"Bogensportdiscount\",\"description\":\"\",\"potentialAction\":[{\"@type\":\"SearchAction\",\"target\":{\"@type\":\"EntryPoint\",\"urlTemplate\":\"https:\\\/\\\/bogensportdiscount.ch\\\/?s={search_term_string}\"},\"query-input\":{\"@type\":\"PropertyValueSpecification\",\"valueRequired\":true,\"valueName\":\"search_term_string\"}}],\"inLanguage\":\"it-IT\"}]}<\/script>\n<!-- \/ Yoast SEO plugin. -->","yoast_head_json":{"title":"VICTORY VXT\/VAP ID 4.2 EINKLEBE SPITZE VAP 250 VXT 300 120-140gr 12PK - Bogensportdiscount \u2013 B\u00f6gen, Pfeile, Targets &amp; Zubeh\u00f6r","description":"VICTORY VXT\/VAP ID 4.2 EINKLEBE SPITZE VAP 250 VXT 300 120-140gr 12PK g\u00fcnstig kaufen bei Bogensportdiscount \u2013 Top-Marken, schneller Versand aus der Schweiz.","robots":{"index":"index","follow":"follow","max-snippet":"max-snippet:-1","max-image-preview":"max-image-preview:large","max-video-preview":"max-video-preview:-1"},"canonical":"https:\/\/bogensportdiscount.ch\/it\/prodotto\/victory-vxt-vap-id-4-2-einklebespitzen-bullet-points-vap-250-vxt-300-120-140gr-12er-pack\/","og_locale":"it_IT","og_type":"article","og_title":"VICTORY VXT\/VAP ID 4.2 EINKLEBE SPITZE VAP 250 VXT 300 120-140gr 12PK - Bogensportdiscount \u2013 B\u00f6gen, Pfeile, Targets &amp; Zubeh\u00f6r","og_description":"VICTORY VXT\/VAP ID 4.2 EINKLEBE SPITZE VAP 250 VXT 300 120-140gr 12PK g\u00fcnstig kaufen bei Bogensportdiscount \u2013 Top-Marken, schneller Versand aus der Schweiz.","og_url":"https:\/\/bogensportdiscount.ch\/it\/prodotto\/victory-vxt-vap-id-4-2-einklebespitzen-bullet-points-vap-250-vxt-300-120-140gr-12er-pack\/","og_site_name":"Bogensportdiscount \u2013 B\u00f6gen, Pfeile, Targets &amp; Zubeh\u00f6r","article_modified_time":"2026-05-14T05:13:55+00:00","og_image":[{"width":400,"height":266,"url":"https:\/\/bogensportdiscount.ch\/wp-content\/uploads\/bsm-images\/a081491_1.jpg","type":"image\/jpeg"}],"twitter_card":"summary_large_image","schema":{"@context":"https:\/\/schema.org","@graph":[{"@type":"WebPage","@id":"https:\/\/bogensportdiscount.ch\/produkt\/victory-vxt-vap-id-4-2-einklebespitzen-bullet-points-vap-250-vxt-300-120-140gr-12er-pack\/","url":"https:\/\/bogensportdiscount.ch\/produkt\/victory-vxt-vap-id-4-2-einklebespitzen-bullet-points-vap-250-vxt-300-120-140gr-12er-pack\/","name":"VICTORY VXT\/VAP ID 4.2 EINKLEBE SPITZE VAP 250 VXT 300 120-140gr 12PK - Bogensportdiscount \u2013 B\u00f6gen, Pfeile, Targets &amp; Zubeh\u00f6r","isPartOf":{"@id":"https:\/\/bogensportdiscount.ch\/#website"},"primaryImageOfPage":{"@id":"https:\/\/bogensportdiscount.ch\/produkt\/victory-vxt-vap-id-4-2-einklebespitzen-bullet-points-vap-250-vxt-300-120-140gr-12er-pack\/#primaryimage"},"image":{"@id":"https:\/\/bogensportdiscount.ch\/produkt\/victory-vxt-vap-id-4-2-einklebespitzen-bullet-points-vap-250-vxt-300-120-140gr-12er-pack\/#primaryimage"},"thumbnailUrl":"https:\/\/bogensportdiscount.ch\/wp-content\/uploads\/bsm-images\/a081491_1.jpg","datePublished":"2026-04-05T12:30:31+00:00","dateModified":"2026-05-14T05:13:55+00:00","description":"VICTORY VXT\/VAP ID 4.2 EINKLEBE SPITZE VAP 250 VXT 300 120-140gr 12PK g\u00fcnstig kaufen bei Bogensportdiscount \u2013 Top-Marken, schneller Versand aus der Schweiz.","breadcrumb":{"@id":"https:\/\/bogensportdiscount.ch\/produkt\/victory-vxt-vap-id-4-2-einklebespitzen-bullet-points-vap-250-vxt-300-120-140gr-12er-pack\/#breadcrumb"},"inLanguage":"it-IT","potentialAction":[{"@type":"ReadAction","target":["https:\/\/bogensportdiscount.ch\/produkt\/victory-vxt-vap-id-4-2-einklebespitzen-bullet-points-vap-250-vxt-300-120-140gr-12er-pack\/"]}]},{"@type":"ImageObject","inLanguage":"it-IT","@id":"https:\/\/bogensportdiscount.ch\/produkt\/victory-vxt-vap-id-4-2-einklebespitzen-bullet-points-vap-250-vxt-300-120-140gr-12er-pack\/#primaryimage","url":"https:\/\/bogensportdiscount.ch\/wp-content\/uploads\/bsm-images\/a081491_1.jpg","contentUrl":"https:\/\/bogensportdiscount.ch\/wp-content\/uploads\/bsm-images\/a081491_1.jpg","width":400,"height":266},{"@type":"BreadcrumbList","@id":"https:\/\/bogensportdiscount.ch\/produkt\/victory-vxt-vap-id-4-2-einklebespitzen-bullet-points-vap-250-vxt-300-120-140gr-12er-pack\/#breadcrumb","itemListElement":[{"@type":"ListItem","position":1,"name":"Home","item":"https:\/\/bogensportdiscount.ch\/"},{"@type":"ListItem","position":2,"name":"Shop","item":"https:\/\/bogensportdiscount.ch\/shop\/"},{"@type":"ListItem","position":3,"name":"VICTORY VXT\/VAP ID 4.2 GLUE IN BULLET POINTS VAP 250 VXT 300 120-140gr 12PK"}]},{"@type":"WebSite","@id":"https:\/\/bogensportdiscount.ch\/#website","url":"https:\/\/bogensportdiscount.ch\/","name":"Bogensportdiscount","description":"","potentialAction":[{"@type":"SearchAction","target":{"@type":"EntryPoint","urlTemplate":"https:\/\/bogensportdiscount.ch\/?s={search_term_string}"},"query-input":{"@type":"PropertyValueSpecification","valueRequired":true,"valueName":"search_term_string"}}],"inLanguage":"it-IT"}]}},"_links":{"self":[{"href":"https:\/\/bogensportdiscount.ch\/it\/wp-json\/wp\/v2\/product\/393638","targetHints":{"allow":["GET"]}}],"collection":[{"href":"https:\/\/bogensportdiscount.ch\/it\/wp-json\/wp\/v2\/product"}],"about":[{"href":"https:\/\/bogensportdiscount.ch\/it\/wp-json\/wp\/v2\/types\/product"}],"replies":[{"embeddable":true,"href":"https:\/\/bogensportdiscount.ch\/it\/wp-json\/wp\/v2\/comments?post=393638"}],"wp:featuredmedia":[{"embeddable":true,"href":"https:\/\/bogensportdiscount.ch\/it\/wp-json\/wp\/v2\/media\/453275"}],"wp:attachment":[{"href":"https:\/\/bogensportdiscount.ch\/it\/wp-json\/wp\/v2\/media?parent=393638"}],"wp:term":[{"taxonomy":"product_brand","embeddable":true,"href":"https:\/\/bogensportdiscount.ch\/it\/wp-json\/wp\/v2\/product_brand?post=393638"},{"taxonomy":"product_cat","embeddable":true,"href":"https:\/\/bogensportdiscount.ch\/it\/wp-json\/wp\/v2\/product_cat?post=393638"},{"taxonomy":"product_tag","embeddable":true,"href":"https:\/\/bogensportdiscount.ch\/it\/wp-json\/wp\/v2\/product_tag?post=393638"}],"curies":[{"name":"wp","href":"https:\/\/api.w.org\/{rel}","templated":true}]}}