{"id":393633,"date":"2026-04-05T14:30:30","date_gmt":"2026-04-05T12:30:30","guid":{"rendered":"https:\/\/bogensportdiscount.ch\/produkt\/victory-vxt-vap-id-4-2-glue-in-bullet-points-400-500-80-100gr-12pk\/"},"modified":"2026-04-15T12:16:09","modified_gmt":"2026-04-15T10:16:09","slug":"victory-vxt-vap-id-4-2-einklebe-spitzen-bullet-400-500-80-100gr-12er-pack","status":"publish","type":"product","link":"https:\/\/bogensportdiscount.ch\/it\/prodotto\/victory-vxt-vap-id-4-2-einklebe-spitzen-bullet-400-500-80-100gr-12er-pack\/","title":{"rendered":"VICTORY VXT\/VAP ID 4.2 COLLA IN PUNTI BULLET 400-500 80-100gr 12PK"},"content":{"rendered":"<p>Diese Einklebe-Spitzen von Victory sind speziell f\u00fcr die VXT- und VAP-Schaftserien mit ID 4.2 (Innendurchmesser 4.2 mm) konzipiert. Das Bullet-Profil sorgt f\u00fcr eine gute Durchdringung und eignet sich sowohl f\u00fcr den Trainings- als auch den Wettkampfeinsatz.<\/p>\n<p>Die Spitzen sind in einem Gewichtsbereich von 80 bis 100 Grain erh\u00e4ltlich und passen zu Schaftspines von 400 bis 500. Das 12er-Pack erm\u00f6glicht eine wirtschaftliche Erg\u00e4nzung des Pfeilbaus oder den einfachen Austausch besch\u00e4digter Spitzen.<\/p>\n<ul>\n<li>Kompatibel mit Victory VXT und VAP Sch\u00e4ften (ID 4.2)<\/li>\n<li>Bullet-Form f\u00fcr gleichm\u00e4ssige Penetration<\/li>\n<li>Spine-Bereich 400\u2013500, Gewicht 80\u2013100 Grain<\/li>\n<li>12 St\u00fcck pro Pack<\/li>\n<\/ul>","protected":false},"excerpt":{"rendered":"<p><strong>Marchio:<\/strong> Victory<br \/><strong>Tipo:<\/strong> Break-off<br \/><strong>ID:<\/strong> 4,2<br \/><strong>Gewicht:<\/strong> 80-100<br \/><strong>GTIN:<\/strong> 811870041556<\/p>","protected":false},"featured_media":453270,"comment_status":"open","ping_status":"closed","template":"","meta":[],"product_brand":[547],"product_cat":[4543],"product_tag":[3546],"class_list":{"0":"post-393633","1":"product","2":"type-product","3":"status-publish","4":"has-post-thumbnail","6":"product_brand-victory","7":"product_cat-einklebe-spitzen-pfeil-komponenten","8":"product_tag-neuheit","10":"first","11":"instock","12":"shipping-taxable","13":"purchasable","14":"product-type-simple"},"_links":{"self":[{"href":"https:\/\/bogensportdiscount.ch\/it\/wp-json\/wp\/v2\/product\/393633","targetHints":{"allow":["GET"]}}],"collection":[{"href":"https:\/\/bogensportdiscount.ch\/it\/wp-json\/wp\/v2\/product"}],"about":[{"href":"https:\/\/bogensportdiscount.ch\/it\/wp-json\/wp\/v2\/types\/product"}],"replies":[{"embeddable":true,"href":"https:\/\/bogensportdiscount.ch\/it\/wp-json\/wp\/v2\/comments?post=393633"}],"wp:featuredmedia":[{"embeddable":true,"href":"https:\/\/bogensportdiscount.ch\/it\/wp-json\/wp\/v2\/media\/453270"}],"wp:attachment":[{"href":"https:\/\/bogensportdiscount.ch\/it\/wp-json\/wp\/v2\/media?parent=393633"}],"wp:term":[{"taxonomy":"product_brand","embeddable":true,"href":"https:\/\/bogensportdiscount.ch\/it\/wp-json\/wp\/v2\/product_brand?post=393633"},{"taxonomy":"product_cat","embeddable":true,"href":"https:\/\/bogensportdiscount.ch\/it\/wp-json\/wp\/v2\/product_cat?post=393633"},{"taxonomy":"product_tag","embeddable":true,"href":"https:\/\/bogensportdiscount.ch\/it\/wp-json\/wp\/v2\/product_tag?post=393633"}],"curies":[{"name":"wp","href":"https:\/\/api.w.org\/{rel}","templated":true}]}}