{"id":393630,"date":"2026-04-05T14:30:29","date_gmt":"2026-04-05T12:30:29","guid":{"rendered":"https:\/\/bogensportdiscount.ch\/produkt\/victory-vxt-vap-id-4-2-glue-in-bullet-points-600-1200-80-100gr-12pk\/"},"modified":"2026-04-15T12:16:09","modified_gmt":"2026-04-15T10:16:09","slug":"victory-vxt-vap-id-4-2-einklebespitzen-bullet-600-1200-80-100gr-12er-pack","status":"publish","type":"product","link":"https:\/\/bogensportdiscount.ch\/it\/prodotto\/victory-vxt-vap-id-4-2-einklebespitzen-bullet-600-1200-80-100gr-12er-pack\/","title":{"rendered":"VICTORY VXT\/VAP ID 4.2 COLLA IN PUNTI BULLET 600-1200 80-100gr 12PK"},"content":{"rendered":"<p>Die Victory VXT\/VAP ID 4.2 Einklebespitzen im Bullet-Design sind speziell auf die schlanken VXT- und VAP-Carbonsch\u00e4fte von Victory abgestimmt. Der Innendurchmesser von 4.2 mm entspricht dem Standard dieser Schaftserie und gew\u00e4hrleistet eine pr\u00e4zise, spielfreie Verklebung.<\/p>\n<p>Die Spitzen sind in einem breiten Spine-Bereich von 600 bis 1200 sowie einem Gewichtsbereich von 80 bis 100 Grain erh\u00e4ltlich, was eine flexible Abstimmung des Pfeils auf individuelle Anforderungen erm\u00f6glicht. Jede Packung enth\u00e4lt 12 Spitzen.<\/p>\n<ul>\n<li>Passend f\u00fcr Victory VXT- und VAP-Sch\u00e4fte mit ID 4.2 mm<\/li>\n<li>Bullet-Form f\u00fcr gute Eindringtiefe<\/li>\n<li>Spine-Bereich 600\u20131200, Gewicht 80\u2013100 Grain<\/li>\n<li>12 St\u00fcck pro Packung<\/li>\n<\/ul>","protected":false},"excerpt":{"rendered":"<p><strong>Marchio:<\/strong> Victory<br \/><strong>Tipo:<\/strong> Break-off<br \/><strong>ID:<\/strong> 4,2<br \/><strong>Gewicht:<\/strong> 80-100<br \/><strong>GTIN:<\/strong> 811870041617<\/p>","protected":false},"featured_media":453268,"comment_status":"open","ping_status":"closed","template":"","meta":[],"product_brand":[547],"product_cat":[4543],"product_tag":[3546],"class_list":{"0":"post-393630","1":"product","2":"type-product","3":"status-publish","4":"has-post-thumbnail","6":"product_brand-victory","7":"product_cat-einklebe-spitzen-pfeil-komponenten","8":"product_tag-neuheit","10":"first","11":"instock","12":"shipping-taxable","13":"purchasable","14":"product-type-simple"},"_links":{"self":[{"href":"https:\/\/bogensportdiscount.ch\/it\/wp-json\/wp\/v2\/product\/393630","targetHints":{"allow":["GET"]}}],"collection":[{"href":"https:\/\/bogensportdiscount.ch\/it\/wp-json\/wp\/v2\/product"}],"about":[{"href":"https:\/\/bogensportdiscount.ch\/it\/wp-json\/wp\/v2\/types\/product"}],"replies":[{"embeddable":true,"href":"https:\/\/bogensportdiscount.ch\/it\/wp-json\/wp\/v2\/comments?post=393630"}],"wp:featuredmedia":[{"embeddable":true,"href":"https:\/\/bogensportdiscount.ch\/it\/wp-json\/wp\/v2\/media\/453268"}],"wp:attachment":[{"href":"https:\/\/bogensportdiscount.ch\/it\/wp-json\/wp\/v2\/media?parent=393630"}],"wp:term":[{"taxonomy":"product_brand","embeddable":true,"href":"https:\/\/bogensportdiscount.ch\/it\/wp-json\/wp\/v2\/product_brand?post=393630"},{"taxonomy":"product_cat","embeddable":true,"href":"https:\/\/bogensportdiscount.ch\/it\/wp-json\/wp\/v2\/product_cat?post=393630"},{"taxonomy":"product_tag","embeddable":true,"href":"https:\/\/bogensportdiscount.ch\/it\/wp-json\/wp\/v2\/product_tag?post=393630"}],"curies":[{"name":"wp","href":"https:\/\/api.w.org\/{rel}","templated":true}]}}