{"id":393618,"date":"2026-04-05T14:30:27","date_gmt":"2026-04-05T12:30:27","guid":{"rendered":"https:\/\/bogensportdiscount.ch\/produkt\/easton-arrows-axis-4mm-long-range-mg-250-3-hybrid-vanes-w-halfout-inserts-36-pk\/"},"modified":"2026-04-17T18:40:51","modified_gmt":"2026-04-17T16:40:51","slug":"easton-pfeile-axis-4mm-long-range-mg-250-3-hybrid-vanes-halfout-inserts-36er-pack","status":"publish","type":"product","link":"https:\/\/bogensportdiscount.ch\/it\/prodotto\/easton-pfeile-axis-4mm-long-range-mg-250-3-hybrid-vanes-halfout-inserts-36er-pack\/","title":{"rendered":"EASTON ARROWS AXIS 4MM LONG RANGE MG 250 3\u2033 HYBRID VANES con inserti HALFOUT 36\/PK"},"content":{"rendered":"<p>Die Easton Axis 4MM Long Range MG sind speziell f\u00fcr den Jagdeinsatz auf gr\u00f6ssere Distanzen konzipierte Carbon-Pfeile. Der 4-mm-Schaft mit Micro-Diameter-Profil reduziert den Windwiderstand und erm\u00f6glicht eine flachere Flugbahn, was besonders bei wechselnden Bedingungen von Vorteil ist.<\/p>\n<p>Die Pfeile werden fertig montiert mit 3&#8243; Hybrid-Vanes geliefert, die eine gute Stabilisierung des Pfeils gew\u00e4hrleisten. Die enthaltenen Halfout Inserts erm\u00f6glichen eine sichere Befestigung g\u00e4ngiger Jagdspitzen. Spine 250 eignet sich f\u00fcr st\u00e4rkere Zuggewichte.<\/p>\n<ul>\n<li>4-mm-Micro-Diameter-Carbon-Schaft f\u00fcr geringen Luftwiderstand<\/li>\n<li>Spine 250 f\u00fcr starke Zuggewichte<\/li>\n<li>3&#8243; Hybrid-Vanes f\u00fcr zuverl\u00e4ssige Flugstabilisierung<\/li>\n<li>Inkl. Halfout Inserts, 36 Pfeile pro Packung<\/li>\n<\/ul>","protected":false},"excerpt":{"rendered":"<p><strong>Marchio:<\/strong> Easton<br \/><strong>Farbe:<\/strong> Schwarz<br \/><strong>Spine:<\/strong> 250<br \/><strong>ID:<\/strong> 4<br \/><strong>Straightness tolerance (inch):<\/strong> ,001<br \/><strong>Packaging:<\/strong> 36\/Pk<br \/><strong>GTIN:<\/strong> 723560012497<\/p>","protected":false},"featured_media":445201,"comment_status":"open","ping_status":"closed","template":"","meta":[],"product_brand":[417],"product_cat":[4303],"product_tag":[3546],"class_list":{"0":"post-393618","1":"product","2":"type-product","3":"status-publish","4":"has-post-thumbnail","6":"product_brand-easton","7":"product_cat-befiederte-carbon-jagd-pfeile","8":"product_tag-neuheit","10":"first","11":"instock","12":"shipping-taxable","13":"purchasable","14":"product-type-simple"},"_links":{"self":[{"href":"https:\/\/bogensportdiscount.ch\/it\/wp-json\/wp\/v2\/product\/393618","targetHints":{"allow":["GET"]}}],"collection":[{"href":"https:\/\/bogensportdiscount.ch\/it\/wp-json\/wp\/v2\/product"}],"about":[{"href":"https:\/\/bogensportdiscount.ch\/it\/wp-json\/wp\/v2\/types\/product"}],"replies":[{"embeddable":true,"href":"https:\/\/bogensportdiscount.ch\/it\/wp-json\/wp\/v2\/comments?post=393618"}],"wp:featuredmedia":[{"embeddable":true,"href":"https:\/\/bogensportdiscount.ch\/it\/wp-json\/wp\/v2\/media\/445201"}],"wp:attachment":[{"href":"https:\/\/bogensportdiscount.ch\/it\/wp-json\/wp\/v2\/media?parent=393618"}],"wp:term":[{"taxonomy":"product_brand","embeddable":true,"href":"https:\/\/bogensportdiscount.ch\/it\/wp-json\/wp\/v2\/product_brand?post=393618"},{"taxonomy":"product_cat","embeddable":true,"href":"https:\/\/bogensportdiscount.ch\/it\/wp-json\/wp\/v2\/product_cat?post=393618"},{"taxonomy":"product_tag","embeddable":true,"href":"https:\/\/bogensportdiscount.ch\/it\/wp-json\/wp\/v2\/product_tag?post=393618"}],"curies":[{"name":"wp","href":"https:\/\/api.w.org\/{rel}","templated":true}]}}