{"id":393608,"date":"2026-04-05T14:30:24","date_gmt":"2026-04-05T12:30:24","guid":{"rendered":"https:\/\/bogensportdiscount.ch\/produkt\/avalon-tab-parts-avalon-adjustable-brass-shelf-with-screws-brass\/"},"modified":"2026-04-16T12:19:24","modified_gmt":"2026-04-16T10:19:24","slug":"avalon-tab-ersatzteil-verstellbares-messing-shelf-mit-schrauben","status":"publish","type":"product","link":"https:\/\/bogensportdiscount.ch\/it\/prodotto\/avalon-tab-ersatzteil-verstellbares-messing-shelf-mit-schrauben\/","title":{"rendered":"AVALON TAB PARTS AVALON MENSOLA REGOLABILE IN OTTONE CON VITI OTTONE"},"content":{"rendered":"<p>Dieses verstellbare Messing-Shelf von Avalon ist ein Einzelteil f\u00fcr Finger Tabs und dient als Ersatz- oder Austauschteil. Das Shelf erm\u00f6glicht eine individuelle Anpassung der Position und wird inklusive Befestigungsschrauben geliefert.<\/p>\n<p>Messing bietet eine gute Stabilit\u00e4t und Langlebigkeit, was dieses Bauteil zu einer zuverl\u00e4ssigen Option f\u00fcr die Wartung und Anpassung von Finger Tabs macht.<\/p>\n<ul>\n<li>Material: Messing<\/li>\n<li>Verstellbar f\u00fcr individuelle Anpassung<\/li>\n<li>Inklusive Befestigungsschrauben<\/li>\n<li>Ersatzteil f\u00fcr kompatible Avalon Finger Tabs<\/li>\n<\/ul>","protected":false},"excerpt":{"rendered":"<p><strong>Marchio:<\/strong> Avalon<br \/><strong>GTIN:<\/strong> 6426007528547<\/p>","protected":false},"featured_media":445206,"comment_status":"open","ping_status":"closed","template":"","meta":[],"product_brand":[449],"product_cat":[4252],"product_tag":[3546],"class_list":{"0":"post-393608","1":"product","2":"type-product","3":"status-publish","4":"has-post-thumbnail","6":"product_brand-avalon","7":"product_cat-einzelteile-fuer-finger-tabs","8":"product_tag-neuheit","10":"first","11":"instock","12":"shipping-taxable","13":"purchasable","14":"product-type-simple"},"_links":{"self":[{"href":"https:\/\/bogensportdiscount.ch\/it\/wp-json\/wp\/v2\/product\/393608","targetHints":{"allow":["GET"]}}],"collection":[{"href":"https:\/\/bogensportdiscount.ch\/it\/wp-json\/wp\/v2\/product"}],"about":[{"href":"https:\/\/bogensportdiscount.ch\/it\/wp-json\/wp\/v2\/types\/product"}],"replies":[{"embeddable":true,"href":"https:\/\/bogensportdiscount.ch\/it\/wp-json\/wp\/v2\/comments?post=393608"}],"wp:featuredmedia":[{"embeddable":true,"href":"https:\/\/bogensportdiscount.ch\/it\/wp-json\/wp\/v2\/media\/445206"}],"wp:attachment":[{"href":"https:\/\/bogensportdiscount.ch\/it\/wp-json\/wp\/v2\/media?parent=393608"}],"wp:term":[{"taxonomy":"product_brand","embeddable":true,"href":"https:\/\/bogensportdiscount.ch\/it\/wp-json\/wp\/v2\/product_brand?post=393608"},{"taxonomy":"product_cat","embeddable":true,"href":"https:\/\/bogensportdiscount.ch\/it\/wp-json\/wp\/v2\/product_cat?post=393608"},{"taxonomy":"product_tag","embeddable":true,"href":"https:\/\/bogensportdiscount.ch\/it\/wp-json\/wp\/v2\/product_tag?post=393608"}],"curies":[{"name":"wp","href":"https:\/\/api.w.org\/{rel}","templated":true}]}}