{"id":393574,"date":"2026-04-05T14:30:17","date_gmt":"2026-04-05T12:30:17","guid":{"rendered":"https:\/\/bogensportdiscount.ch\/produkt\/sanlida-dragon-x9-hunting-3d-stabilizer\/"},"modified":"2026-04-15T12:16:06","modified_gmt":"2026-04-15T10:16:06","slug":"sanlida-jagd-3d-stabilisator-dragon-x9","status":"publish","type":"product","link":"https:\/\/bogensportdiscount.ch\/it\/prodotto\/sanlida-jagd-3d-stabilisator-dragon-x9\/","title":{"rendered":"SANLIDA DRAGON X9 CACCIA E STABILIZZATORE 3D"},"content":{"rendered":"<p>Der SANLIDA Dragon X9 Stabilisator ist auf die Anforderungen im Jagd- und 3D-Bogenschiessen ausgerichtet. Kompakte Bauweise und Funktionalit\u00e4t stehen bei diesem Modell im Vordergrund, um auch unter schwierigen Bedingungen im Gel\u00e4nde eine stabile Schussabgabe zu unterst\u00fctzen.<\/p>\n<p>Stabilisatoren reduzieren Torsion und Vibration des Bogens beim Schuss und helfen, das Bogenbild ruhig zu halten. Der Dragon X9 eignet sich sowohl f\u00fcr den Einsatz auf dem 3D-Parcours als auch f\u00fcr den jagdlichen Bereich.<\/p>\n<ul>\n<li>Geeignet f\u00fcr Jagd- und 3D-Bogenschiessen<\/li>\n<li>Reduziert Vibrationen und Torsion nach dem Schuss<\/li>\n<li>Kompakte Bauform f\u00fcr den Einsatz im Gel\u00e4nde<\/li>\n<li>Modell: Dragon X9 von SANLIDA<\/li>\n<\/ul>","protected":false},"excerpt":{"rendered":"<p><strong>Marchio:<\/strong> Sanlida<br \/><strong>Farbe:<\/strong> Schwarz<br \/><strong>GTIN:<\/strong> 6971804431274<\/p>","protected":false},"featured_media":441375,"comment_status":"open","ping_status":"closed","template":"","meta":[],"product_brand":[459],"product_cat":[4629],"product_tag":[3546],"class_list":{"0":"post-393574","1":"product","2":"type-product","3":"status-publish","4":"has-post-thumbnail","6":"product_brand-sanlida","7":"product_cat-jagd-stabilizer","8":"product_tag-neuheit","10":"first","11":"instock","12":"shipping-taxable","13":"purchasable","14":"product-type-simple"},"_links":{"self":[{"href":"https:\/\/bogensportdiscount.ch\/it\/wp-json\/wp\/v2\/product\/393574","targetHints":{"allow":["GET"]}}],"collection":[{"href":"https:\/\/bogensportdiscount.ch\/it\/wp-json\/wp\/v2\/product"}],"about":[{"href":"https:\/\/bogensportdiscount.ch\/it\/wp-json\/wp\/v2\/types\/product"}],"replies":[{"embeddable":true,"href":"https:\/\/bogensportdiscount.ch\/it\/wp-json\/wp\/v2\/comments?post=393574"}],"wp:featuredmedia":[{"embeddable":true,"href":"https:\/\/bogensportdiscount.ch\/it\/wp-json\/wp\/v2\/media\/441375"}],"wp:attachment":[{"href":"https:\/\/bogensportdiscount.ch\/it\/wp-json\/wp\/v2\/media?parent=393574"}],"wp:term":[{"taxonomy":"product_brand","embeddable":true,"href":"https:\/\/bogensportdiscount.ch\/it\/wp-json\/wp\/v2\/product_brand?post=393574"},{"taxonomy":"product_cat","embeddable":true,"href":"https:\/\/bogensportdiscount.ch\/it\/wp-json\/wp\/v2\/product_cat?post=393574"},{"taxonomy":"product_tag","embeddable":true,"href":"https:\/\/bogensportdiscount.ch\/it\/wp-json\/wp\/v2\/product_tag?post=393574"}],"curies":[{"name":"wp","href":"https:\/\/api.w.org\/{rel}","templated":true}]}}