{"id":393547,"date":"2026-04-05T14:30:09","date_gmt":"2026-04-05T12:30:09","guid":{"rendered":"https:\/\/bogensportdiscount.ch\/produkt\/avalon-replacement-red-lock-for-powr-button\/"},"modified":"2026-04-16T12:19:08","modified_gmt":"2026-04-16T10:19:08","slug":"avalon-ersatz-roter-verschluss-powr-button","status":"publish","type":"product","link":"https:\/\/bogensportdiscount.ch\/it\/prodotto\/avalon-ersatz-roter-verschluss-powr-button\/","title":{"rendered":"AVALON SOSTITUZIONE DEL LUCCHETTO ROSSO PER IL PULSANTE DI ACCENSIONE"},"content":{"rendered":"<p>Dieser rote Ersatzverschluss von AVALON ist als Ersatzteil f\u00fcr den Powr Button konzipiert. Er erm\u00f6glicht die unkomplizierte Wiederherstellung der vollen Funktion des Buttons bei Verschleiss oder Verlust des Originalteils.<\/p>\n<p>Der Verschluss ist passgenau f\u00fcr den AVALON Powr Button gefertigt und l\u00e4sst sich einfach austauschen. Als preisg\u00fcnstiges Ersatzteil verl\u00e4ngert er die Lebensdauer des Buttons zuverl\u00e4ssig.<\/p>\n<ul>\n<li>Passend f\u00fcr AVALON Powr Button<\/li>\n<li>Farbe: Rot<\/li>\n<li>Einfacher Austausch<\/li>\n<li>Original-Ersatzteil von AVALON<\/li>\n<\/ul>","protected":false},"excerpt":{"rendered":"<p><strong>Marchio:<\/strong> Avalon<br \/><strong>GTIN:<\/strong> 6426017797704<\/p>","protected":false},"featured_media":445247,"comment_status":"open","ping_status":"closed","template":"","meta":[],"product_brand":[449],"product_cat":[4648],"product_tag":[3546],"class_list":{"0":"post-393547","1":"product","2":"type-product","3":"status-publish","4":"has-post-thumbnail","6":"product_brand-avalon","7":"product_cat-einzelteile-fuer-button","8":"product_tag-neuheit","10":"first","11":"instock","12":"shipping-taxable","13":"purchasable","14":"product-type-simple"},"_links":{"self":[{"href":"https:\/\/bogensportdiscount.ch\/it\/wp-json\/wp\/v2\/product\/393547","targetHints":{"allow":["GET"]}}],"collection":[{"href":"https:\/\/bogensportdiscount.ch\/it\/wp-json\/wp\/v2\/product"}],"about":[{"href":"https:\/\/bogensportdiscount.ch\/it\/wp-json\/wp\/v2\/types\/product"}],"replies":[{"embeddable":true,"href":"https:\/\/bogensportdiscount.ch\/it\/wp-json\/wp\/v2\/comments?post=393547"}],"wp:featuredmedia":[{"embeddable":true,"href":"https:\/\/bogensportdiscount.ch\/it\/wp-json\/wp\/v2\/media\/445247"}],"wp:attachment":[{"href":"https:\/\/bogensportdiscount.ch\/it\/wp-json\/wp\/v2\/media?parent=393547"}],"wp:term":[{"taxonomy":"product_brand","embeddable":true,"href":"https:\/\/bogensportdiscount.ch\/it\/wp-json\/wp\/v2\/product_brand?post=393547"},{"taxonomy":"product_cat","embeddable":true,"href":"https:\/\/bogensportdiscount.ch\/it\/wp-json\/wp\/v2\/product_cat?post=393547"},{"taxonomy":"product_tag","embeddable":true,"href":"https:\/\/bogensportdiscount.ch\/it\/wp-json\/wp\/v2\/product_tag?post=393547"}],"curies":[{"name":"wp","href":"https:\/\/api.w.org\/{rel}","templated":true}]}}