{"id":393546,"date":"2026-04-05T14:30:09","date_gmt":"2026-04-05T12:30:09","guid":{"rendered":"https:\/\/bogensportdiscount.ch\/produkt\/avalon-replacement-screws-set-for-powr-button\/"},"modified":"2026-04-16T12:19:08","modified_gmt":"2026-04-16T10:19:08","slug":"avalon-ersatzschrauben-set-powr-button","status":"publish","type":"product","link":"https:\/\/bogensportdiscount.ch\/it\/prodotto\/avalon-ersatzschrauben-set-powr-button\/","title":{"rendered":"SET DI VITI DI RICAMBIO AVALON PER IL PULSANTE POWR"},"content":{"rendered":"<p>Das AVALON Ersatzschrauben-Set ist speziell f\u00fcr den AVALON Powr Button entwickelt worden. Mit diesem Set lassen sich verschlissene oder verlorene Schrauben unkompliziert ersetzen, um die volle Funktionsf\u00e4higkeit des Buttons wiederherzustellen.<\/p>\n<p>Das Set eignet sich f\u00fcr Bogensch\u00fctzen, die ihren Powr Button selbst warten und instand halten m\u00f6chten, ohne gleich das gesamte Zubeh\u00f6rteil ersetzen zu m\u00fcssen.<\/p>\n<ul>\n<li>Passgenau f\u00fcr AVALON Powr Button<\/li>\n<li>Einfacher Austausch bei Verschleiss oder Verlust<\/li>\n<li>Kosteng\u00fcnstige Wartungsl\u00f6sung<\/li>\n<\/ul>","protected":false},"excerpt":{"rendered":"<p><strong>Marchio:<\/strong> Avalon<br \/><strong>GTIN:<\/strong> 6426000415400<\/p>","protected":false},"featured_media":445246,"comment_status":"open","ping_status":"closed","template":"","meta":[],"product_brand":[449],"product_cat":[4648],"product_tag":[3546],"class_list":{"0":"post-393546","1":"product","2":"type-product","3":"status-publish","4":"has-post-thumbnail","6":"product_brand-avalon","7":"product_cat-einzelteile-fuer-button","8":"product_tag-neuheit","10":"first","11":"instock","12":"shipping-taxable","13":"purchasable","14":"product-type-simple"},"_links":{"self":[{"href":"https:\/\/bogensportdiscount.ch\/it\/wp-json\/wp\/v2\/product\/393546","targetHints":{"allow":["GET"]}}],"collection":[{"href":"https:\/\/bogensportdiscount.ch\/it\/wp-json\/wp\/v2\/product"}],"about":[{"href":"https:\/\/bogensportdiscount.ch\/it\/wp-json\/wp\/v2\/types\/product"}],"replies":[{"embeddable":true,"href":"https:\/\/bogensportdiscount.ch\/it\/wp-json\/wp\/v2\/comments?post=393546"}],"wp:featuredmedia":[{"embeddable":true,"href":"https:\/\/bogensportdiscount.ch\/it\/wp-json\/wp\/v2\/media\/445246"}],"wp:attachment":[{"href":"https:\/\/bogensportdiscount.ch\/it\/wp-json\/wp\/v2\/media?parent=393546"}],"wp:term":[{"taxonomy":"product_brand","embeddable":true,"href":"https:\/\/bogensportdiscount.ch\/it\/wp-json\/wp\/v2\/product_brand?post=393546"},{"taxonomy":"product_cat","embeddable":true,"href":"https:\/\/bogensportdiscount.ch\/it\/wp-json\/wp\/v2\/product_cat?post=393546"},{"taxonomy":"product_tag","embeddable":true,"href":"https:\/\/bogensportdiscount.ch\/it\/wp-json\/wp\/v2\/product_tag?post=393546"}],"curies":[{"name":"wp","href":"https:\/\/api.w.org\/{rel}","templated":true}]}}