{"id":393543,"date":"2026-04-05T14:30:08","date_gmt":"2026-04-05T12:30:08","guid":{"rendered":"https:\/\/bogensportdiscount.ch\/produkt\/danage-foam-target-centres-domino-110x22x24-5cm\/"},"modified":"2026-04-19T11:42:41","modified_gmt":"2026-04-19T09:42:41","slug":"danage-schaumstoff-zielscheibenkern-domino-110x22x245cm","status":"publish","type":"product","link":"https:\/\/bogensportdiscount.ch\/it\/prodotto\/danage-schaumstoff-zielscheibenkern-domino-110x22x245cm\/","title":{"rendered":"DANAGE FOAM ZIEL CENTRES DOMINO 110x22x24,5 cm"},"content":{"rendered":"<p>Der DANAGE Domino Schaumstoff-Zielscheibenkern ist ein Ersatzkern f\u00fcr Sackziele im Bogensport. Mit seinen Abmessungen von 110 x 22 x 24.5 cm bietet er eine grossz\u00fcgige Trefferfl\u00e4che und passt in handels\u00fcbliche Sackziel-H\u00fcllen des gleichen Formats.<\/p>\n<p>Schaumstoffkerne dieser Art werden eingesetzt, wenn der urspr\u00fcngliche Kern durch intensiven Gebrauch verschlissen ist. Durch den Austausch des Kerns kann die Lebensdauer des gesamten Sackziels verl\u00e4ngert werden, ohne das \u00e4ussere Geh\u00e4use ersetzen zu m\u00fcssen.<\/p>\n<ul>\n<li>Abmessungen: 110 x 22 x 24.5 cm<\/li>\n<li>Materiale: Schiuma<\/li>\n<li>Geeignet als Ersatzkern f\u00fcr Sackziele<\/li>\n<li>Von DANAGE, einem etablierten Hersteller im Bereich Bogensport-Zubeh\u00f6r<\/li>\n<\/ul>","protected":false},"excerpt":{"rendered":"<p><strong>Marchio:<\/strong> Danage<br \/><strong>Tipo:<\/strong> Strip<br \/><strong>Foam type:<\/strong> Polyfoam sandwich<\/p>","protected":false},"featured_media":453631,"comment_status":"open","ping_status":"closed","template":"","meta":[],"product_brand":[792],"product_cat":[4338],"product_tag":[3546],"class_list":{"0":"post-393543","1":"product","2":"type-product","3":"status-publish","4":"has-post-thumbnail","6":"product_brand-danage","7":"product_cat-center-teilen-fuer-ziele","8":"product_tag-neuheit","10":"first","11":"onbackorder","12":"shipping-taxable","13":"purchasable","14":"product-type-simple"},"_links":{"self":[{"href":"https:\/\/bogensportdiscount.ch\/it\/wp-json\/wp\/v2\/product\/393543","targetHints":{"allow":["GET"]}}],"collection":[{"href":"https:\/\/bogensportdiscount.ch\/it\/wp-json\/wp\/v2\/product"}],"about":[{"href":"https:\/\/bogensportdiscount.ch\/it\/wp-json\/wp\/v2\/types\/product"}],"replies":[{"embeddable":true,"href":"https:\/\/bogensportdiscount.ch\/it\/wp-json\/wp\/v2\/comments?post=393543"}],"wp:featuredmedia":[{"embeddable":true,"href":"https:\/\/bogensportdiscount.ch\/it\/wp-json\/wp\/v2\/media\/453631"}],"wp:attachment":[{"href":"https:\/\/bogensportdiscount.ch\/it\/wp-json\/wp\/v2\/media?parent=393543"}],"wp:term":[{"taxonomy":"product_brand","embeddable":true,"href":"https:\/\/bogensportdiscount.ch\/it\/wp-json\/wp\/v2\/product_brand?post=393543"},{"taxonomy":"product_cat","embeddable":true,"href":"https:\/\/bogensportdiscount.ch\/it\/wp-json\/wp\/v2\/product_cat?post=393543"},{"taxonomy":"product_tag","embeddable":true,"href":"https:\/\/bogensportdiscount.ch\/it\/wp-json\/wp\/v2\/product_tag?post=393543"}],"curies":[{"name":"wp","href":"https:\/\/api.w.org\/{rel}","templated":true}]}}