{"id":393517,"date":"2026-04-05T14:30:02","date_gmt":"2026-04-05T12:30:02","guid":{"rendered":"https:\/\/bogensportdiscount.ch\/produkt\/hamskea-quick-change-stabilizer-weight-w-linx-lock-tech-1oz-endcap-black\/"},"modified":"2026-05-14T07:13:54","modified_gmt":"2026-05-14T05:13:54","slug":"hamskea-stabilisator-wechselgewicht-linx-lock-1oz-endcap-schwarz","status":"publish","type":"product","link":"https:\/\/bogensportdiscount.ch\/it\/prodotto\/hamskea-stabilisator-wechselgewicht-linx-lock-1oz-endcap-schwarz\/","title":{"rendered":"HAMSKEA SCHNELLWECHSEL STABILISATOR GEWICHT m\/LINX-LOCK TECH 1oz ENDCAP SCHWARZ"},"content":{"rendered":"<p>Das HAMSKEA Quick Change Stabilisator-Wechselgewicht mit Linx-Lock Technologie ist ein 1 oz schweres Endcap-Gewicht f\u00fcr Bogenstabilisatoren. Dank des Quick-Change-Systems l\u00e4sst sich das Gewicht schnell und werkzeuglos wechseln oder anpassen.<\/p>\n<p>Die Linx-Lock Technologie sorgt f\u00fcr eine sichere Verbindung zwischen Gewicht und Stabilisator, sodass ein ungewolltes L\u00f6sen w\u00e4hrend des Schiessens verhindert wird. Das Gewicht ist in Schwarz gehalten und aus den USA stammend.<\/p>\n<ul>\n<li>Quick-Change-System f\u00fcr einfachen Gewichtswechsel<\/li>\n<li>Linx-Lock Technologie f\u00fcr sicheren Halt<\/li>\n<li>Peso: 1 oz<\/li>\n<li>Colore: Nero<\/li>\n<\/ul>","protected":false},"excerpt":{"rendered":"<table>\n<tr>\n<th>Propriet\u00e0<\/th>\n<th>Valore<\/th>\n<\/tr>\n<tr>\n<td>Marca<\/td>\n<td>Hamskea<\/td>\n<\/tr>\n<tr>\n<td>Peso<\/td>\n<td>1 oz<\/td>\n<\/tr>\n<tr>\n<td>Colore<\/td>\n<td>Nero<\/td>\n<\/tr>\n<tr>\n<td>Tecnologia<\/td>\n<td>Linx-Lock<\/td>\n<\/tr>\n<tr>\n<td>Paese di origine<\/td>\n<td>USA<\/td>\n<\/tr>\n<\/table>","protected":false},"featured_media":524226,"comment_status":"open","ping_status":"closed","template":"","meta":[],"product_brand":[465],"product_cat":[4128,4131,4199],"product_tag":[3546],"class_list":{"0":"post-393517","1":"product","2":"type-product","3":"status-publish","4":"has-post-thumbnail","6":"product_brand-hamskea","7":"product_cat-bogen-zubehoer","8":"product_cat-stabilisation","9":"product_cat-gewichte","10":"product_tag-neuheit","11":"product_shipping_class-bsd-standard","13":"first","14":"instock","15":"shipping-taxable","16":"purchasable","17":"product-type-simple"},"yoast_head":"<!-- This site is optimized with the Yoast SEO plugin v27.6 - https:\/\/yoast.com\/product\/yoast-seo-wordpress\/ -->\n<title>HAMSKEA SCHNELLWECHSEL STABILISATOR GEWICHT m\/LINX-LOCK TECH 1oz ENDCAP SCHWARZ - Bogensportdiscount \u2013 B\u00f6gen, Pfeile, Targets &amp; Zubeh\u00f6r<\/title>\n<meta name=\"description\" content=\"HAMSKEA SCHNELLWECHSEL STABILISATOR GEWICHT m\/LINX-LOCK TECH 1oz ENDCAP SCHWARZ g\u00fcnstig kaufen bei Bogensportdiscount \u2013 Top-Marken, schneller Versand aus der Schweiz.\" \/>\n<meta name=\"robots\" content=\"index, follow, max-snippet:-1, max-image-preview:large, max-video-preview:-1\" \/>\n<link rel=\"canonical\" href=\"https:\/\/bogensportdiscount.ch\/it\/prodotto\/hamskea-stabilisator-wechselgewicht-linx-lock-1oz-endcap-schwarz\/\" \/>\n<meta property=\"og:locale\" content=\"it_IT\" \/>\n<meta property=\"og:type\" content=\"article\" \/>\n<meta property=\"og:title\" content=\"HAMSKEA SCHNELLWECHSEL STABILISATOR GEWICHT m\/LINX-LOCK TECH 1oz ENDCAP SCHWARZ - Bogensportdiscount \u2013 B\u00f6gen, Pfeile, Targets &amp; Zubeh\u00f6r\" \/>\n<meta property=\"og:description\" content=\"HAMSKEA SCHNELLWECHSEL STABILISATOR GEWICHT m\/LINX-LOCK TECH 1oz ENDCAP SCHWARZ g\u00fcnstig kaufen bei Bogensportdiscount \u2013 Top-Marken, schneller Versand aus der Schweiz.\" \/>\n<meta property=\"og:url\" content=\"https:\/\/bogensportdiscount.ch\/it\/prodotto\/hamskea-stabilisator-wechselgewicht-linx-lock-1oz-endcap-schwarz\/\" \/>\n<meta property=\"og:site_name\" content=\"Bogensportdiscount \u2013 B\u00f6gen, Pfeile, Targets &amp; Zubeh\u00f6r\" \/>\n<meta property=\"article:modified_time\" content=\"2026-05-14T05:13:54+00:00\" \/>\n<meta property=\"og:image\" content=\"https:\/\/bogensportdiscount.ch\/wp-content\/uploads\/bsm-images\/A077825_1.png\" \/>\n\t<meta property=\"og:image:width\" content=\"961\" \/>\n\t<meta property=\"og:image:height\" content=\"967\" \/>\n\t<meta property=\"og:image:type\" content=\"image\/png\" \/>\n<meta name=\"twitter:card\" content=\"summary_large_image\" \/>\n<script type=\"application\/ld+json\" class=\"yoast-schema-graph\">{\"@context\":\"https:\\\/\\\/schema.org\",\"@graph\":[{\"@type\":\"WebPage\",\"@id\":\"https:\\\/\\\/bogensportdiscount.ch\\\/produkt\\\/hamskea-stabilisator-wechselgewicht-linx-lock-1oz-endcap-schwarz\\\/\",\"url\":\"https:\\\/\\\/bogensportdiscount.ch\\\/produkt\\\/hamskea-stabilisator-wechselgewicht-linx-lock-1oz-endcap-schwarz\\\/\",\"name\":\"HAMSKEA SCHNELLWECHSEL STABILISATOR GEWICHT m\\\/LINX-LOCK TECH 1oz ENDCAP SCHWARZ - Bogensportdiscount \u2013 B\u00f6gen, Pfeile, Targets &amp; Zubeh\u00f6r\",\"isPartOf\":{\"@id\":\"https:\\\/\\\/bogensportdiscount.ch\\\/#website\"},\"primaryImageOfPage\":{\"@id\":\"https:\\\/\\\/bogensportdiscount.ch\\\/produkt\\\/hamskea-stabilisator-wechselgewicht-linx-lock-1oz-endcap-schwarz\\\/#primaryimage\"},\"image\":{\"@id\":\"https:\\\/\\\/bogensportdiscount.ch\\\/produkt\\\/hamskea-stabilisator-wechselgewicht-linx-lock-1oz-endcap-schwarz\\\/#primaryimage\"},\"thumbnailUrl\":\"https:\\\/\\\/bogensportdiscount.ch\\\/wp-content\\\/uploads\\\/bsm-images\\\/A077825_1.png\",\"datePublished\":\"2026-04-05T12:30:02+00:00\",\"dateModified\":\"2026-05-14T05:13:54+00:00\",\"description\":\"HAMSKEA SCHNELLWECHSEL STABILISATOR GEWICHT m\\\/LINX-LOCK TECH 1oz ENDCAP SCHWARZ g\u00fcnstig kaufen bei Bogensportdiscount \u2013 Top-Marken, schneller Versand aus der Schweiz.\",\"breadcrumb\":{\"@id\":\"https:\\\/\\\/bogensportdiscount.ch\\\/produkt\\\/hamskea-stabilisator-wechselgewicht-linx-lock-1oz-endcap-schwarz\\\/#breadcrumb\"},\"inLanguage\":\"it-IT\",\"potentialAction\":[{\"@type\":\"ReadAction\",\"target\":[\"https:\\\/\\\/bogensportdiscount.ch\\\/produkt\\\/hamskea-stabilisator-wechselgewicht-linx-lock-1oz-endcap-schwarz\\\/\"]}]},{\"@type\":\"ImageObject\",\"inLanguage\":\"it-IT\",\"@id\":\"https:\\\/\\\/bogensportdiscount.ch\\\/produkt\\\/hamskea-stabilisator-wechselgewicht-linx-lock-1oz-endcap-schwarz\\\/#primaryimage\",\"url\":\"https:\\\/\\\/bogensportdiscount.ch\\\/wp-content\\\/uploads\\\/bsm-images\\\/A077825_1.png\",\"contentUrl\":\"https:\\\/\\\/bogensportdiscount.ch\\\/wp-content\\\/uploads\\\/bsm-images\\\/A077825_1.png\",\"width\":961,\"height\":967},{\"@type\":\"BreadcrumbList\",\"@id\":\"https:\\\/\\\/bogensportdiscount.ch\\\/produkt\\\/hamskea-stabilisator-wechselgewicht-linx-lock-1oz-endcap-schwarz\\\/#breadcrumb\",\"itemListElement\":[{\"@type\":\"ListItem\",\"position\":1,\"name\":\"Home\",\"item\":\"https:\\\/\\\/bogensportdiscount.ch\\\/\"},{\"@type\":\"ListItem\",\"position\":2,\"name\":\"Shop\",\"item\":\"https:\\\/\\\/bogensportdiscount.ch\\\/shop\\\/\"},{\"@type\":\"ListItem\",\"position\":3,\"name\":\"HAMSKEA QUICK CHANGE STABILIZER WEIGHT w\\\/LINX-LOCK TECH 1oz ENDCAP BLACK\"}]},{\"@type\":\"WebSite\",\"@id\":\"https:\\\/\\\/bogensportdiscount.ch\\\/#website\",\"url\":\"https:\\\/\\\/bogensportdiscount.ch\\\/\",\"name\":\"Bogensportdiscount\",\"description\":\"\",\"potentialAction\":[{\"@type\":\"SearchAction\",\"target\":{\"@type\":\"EntryPoint\",\"urlTemplate\":\"https:\\\/\\\/bogensportdiscount.ch\\\/?s={search_term_string}\"},\"query-input\":{\"@type\":\"PropertyValueSpecification\",\"valueRequired\":true,\"valueName\":\"search_term_string\"}}],\"inLanguage\":\"it-IT\"}]}<\/script>\n<!-- \/ Yoast SEO plugin. -->","yoast_head_json":{"title":"HAMSKEA SCHNELLWECHSEL STABILISATOR GEWICHT m\/LINX-LOCK TECH 1oz ENDCAP SCHWARZ - Bogensportdiscount \u2013 B\u00f6gen, Pfeile, Targets &amp; Zubeh\u00f6r","description":"HAMSKEA SCHNELLWECHSEL STABILISATOR GEWICHT m\/LINX-LOCK TECH 1oz ENDCAP SCHWARZ g\u00fcnstig kaufen bei Bogensportdiscount \u2013 Top-Marken, schneller Versand aus der Schweiz.","robots":{"index":"index","follow":"follow","max-snippet":"max-snippet:-1","max-image-preview":"max-image-preview:large","max-video-preview":"max-video-preview:-1"},"canonical":"https:\/\/bogensportdiscount.ch\/it\/prodotto\/hamskea-stabilisator-wechselgewicht-linx-lock-1oz-endcap-schwarz\/","og_locale":"it_IT","og_type":"article","og_title":"HAMSKEA SCHNELLWECHSEL STABILISATOR GEWICHT m\/LINX-LOCK TECH 1oz ENDCAP SCHWARZ - Bogensportdiscount \u2013 B\u00f6gen, Pfeile, Targets &amp; Zubeh\u00f6r","og_description":"HAMSKEA SCHNELLWECHSEL STABILISATOR GEWICHT m\/LINX-LOCK TECH 1oz ENDCAP SCHWARZ g\u00fcnstig kaufen bei Bogensportdiscount \u2013 Top-Marken, schneller Versand aus der Schweiz.","og_url":"https:\/\/bogensportdiscount.ch\/it\/prodotto\/hamskea-stabilisator-wechselgewicht-linx-lock-1oz-endcap-schwarz\/","og_site_name":"Bogensportdiscount \u2013 B\u00f6gen, Pfeile, Targets &amp; Zubeh\u00f6r","article_modified_time":"2026-05-14T05:13:54+00:00","og_image":[{"width":961,"height":967,"url":"https:\/\/bogensportdiscount.ch\/wp-content\/uploads\/bsm-images\/A077825_1.png","type":"image\/png"}],"twitter_card":"summary_large_image","schema":{"@context":"https:\/\/schema.org","@graph":[{"@type":"WebPage","@id":"https:\/\/bogensportdiscount.ch\/produkt\/hamskea-stabilisator-wechselgewicht-linx-lock-1oz-endcap-schwarz\/","url":"https:\/\/bogensportdiscount.ch\/produkt\/hamskea-stabilisator-wechselgewicht-linx-lock-1oz-endcap-schwarz\/","name":"HAMSKEA SCHNELLWECHSEL STABILISATOR GEWICHT m\/LINX-LOCK TECH 1oz ENDCAP SCHWARZ - Bogensportdiscount \u2013 B\u00f6gen, Pfeile, Targets &amp; Zubeh\u00f6r","isPartOf":{"@id":"https:\/\/bogensportdiscount.ch\/#website"},"primaryImageOfPage":{"@id":"https:\/\/bogensportdiscount.ch\/produkt\/hamskea-stabilisator-wechselgewicht-linx-lock-1oz-endcap-schwarz\/#primaryimage"},"image":{"@id":"https:\/\/bogensportdiscount.ch\/produkt\/hamskea-stabilisator-wechselgewicht-linx-lock-1oz-endcap-schwarz\/#primaryimage"},"thumbnailUrl":"https:\/\/bogensportdiscount.ch\/wp-content\/uploads\/bsm-images\/A077825_1.png","datePublished":"2026-04-05T12:30:02+00:00","dateModified":"2026-05-14T05:13:54+00:00","description":"HAMSKEA SCHNELLWECHSEL STABILISATOR GEWICHT m\/LINX-LOCK TECH 1oz ENDCAP SCHWARZ g\u00fcnstig kaufen bei Bogensportdiscount \u2013 Top-Marken, schneller Versand aus der Schweiz.","breadcrumb":{"@id":"https:\/\/bogensportdiscount.ch\/produkt\/hamskea-stabilisator-wechselgewicht-linx-lock-1oz-endcap-schwarz\/#breadcrumb"},"inLanguage":"it-IT","potentialAction":[{"@type":"ReadAction","target":["https:\/\/bogensportdiscount.ch\/produkt\/hamskea-stabilisator-wechselgewicht-linx-lock-1oz-endcap-schwarz\/"]}]},{"@type":"ImageObject","inLanguage":"it-IT","@id":"https:\/\/bogensportdiscount.ch\/produkt\/hamskea-stabilisator-wechselgewicht-linx-lock-1oz-endcap-schwarz\/#primaryimage","url":"https:\/\/bogensportdiscount.ch\/wp-content\/uploads\/bsm-images\/A077825_1.png","contentUrl":"https:\/\/bogensportdiscount.ch\/wp-content\/uploads\/bsm-images\/A077825_1.png","width":961,"height":967},{"@type":"BreadcrumbList","@id":"https:\/\/bogensportdiscount.ch\/produkt\/hamskea-stabilisator-wechselgewicht-linx-lock-1oz-endcap-schwarz\/#breadcrumb","itemListElement":[{"@type":"ListItem","position":1,"name":"Home","item":"https:\/\/bogensportdiscount.ch\/"},{"@type":"ListItem","position":2,"name":"Shop","item":"https:\/\/bogensportdiscount.ch\/shop\/"},{"@type":"ListItem","position":3,"name":"HAMSKEA QUICK CHANGE STABILIZER WEIGHT w\/LINX-LOCK TECH 1oz ENDCAP BLACK"}]},{"@type":"WebSite","@id":"https:\/\/bogensportdiscount.ch\/#website","url":"https:\/\/bogensportdiscount.ch\/","name":"Bogensportdiscount","description":"","potentialAction":[{"@type":"SearchAction","target":{"@type":"EntryPoint","urlTemplate":"https:\/\/bogensportdiscount.ch\/?s={search_term_string}"},"query-input":{"@type":"PropertyValueSpecification","valueRequired":true,"valueName":"search_term_string"}}],"inLanguage":"it-IT"}]}},"_links":{"self":[{"href":"https:\/\/bogensportdiscount.ch\/it\/wp-json\/wp\/v2\/product\/393517","targetHints":{"allow":["GET"]}}],"collection":[{"href":"https:\/\/bogensportdiscount.ch\/it\/wp-json\/wp\/v2\/product"}],"about":[{"href":"https:\/\/bogensportdiscount.ch\/it\/wp-json\/wp\/v2\/types\/product"}],"replies":[{"embeddable":true,"href":"https:\/\/bogensportdiscount.ch\/it\/wp-json\/wp\/v2\/comments?post=393517"}],"wp:featuredmedia":[{"embeddable":true,"href":"https:\/\/bogensportdiscount.ch\/it\/wp-json\/wp\/v2\/media\/524226"}],"wp:attachment":[{"href":"https:\/\/bogensportdiscount.ch\/it\/wp-json\/wp\/v2\/media?parent=393517"}],"wp:term":[{"taxonomy":"product_brand","embeddable":true,"href":"https:\/\/bogensportdiscount.ch\/it\/wp-json\/wp\/v2\/product_brand?post=393517"},{"taxonomy":"product_cat","embeddable":true,"href":"https:\/\/bogensportdiscount.ch\/it\/wp-json\/wp\/v2\/product_cat?post=393517"},{"taxonomy":"product_tag","embeddable":true,"href":"https:\/\/bogensportdiscount.ch\/it\/wp-json\/wp\/v2\/product_tag?post=393517"}],"curies":[{"name":"wp","href":"https:\/\/api.w.org\/{rel}","templated":true}]}}