{"id":393516,"date":"2026-04-05T14:30:02","date_gmt":"2026-04-05T12:30:02","guid":{"rendered":"https:\/\/bogensportdiscount.ch\/produkt\/hamskea-quick-change-stabilizer-weight-w-linx-lock-tech-1oz-endcap-silver\/"},"modified":"2026-04-15T12:16:03","modified_gmt":"2026-04-15T10:16:03","slug":"hamskea-stabilisator-gewicht-quick-change-linx-lock-1oz-endkappe-silber","status":"publish","type":"product","link":"https:\/\/bogensportdiscount.ch\/it\/prodotto\/hamskea-stabilisator-gewicht-quick-change-linx-lock-1oz-endkappe-silber\/","title":{"rendered":"HAMSKEA PESO STABILIZZATORE A CAMBIO RAPIDO CON LINX-LOCK TECH 1oz TAPPO ARGENTO"},"content":{"rendered":"<p>Das HAMSKEA Quick Change Stabilisator-Gewicht mit Linx-Lock Technologie ist ein Wechselgewicht f\u00fcr Bogensport-Stabilisatoren. Es wiegt 1 oz und ist als Endkappe ausgef\u00fchrt, die sich dank der Linx-Lock Technologie schnell und werkzeuglos montieren oder austauschen l\u00e4sst.<\/p>\n<p>Die Linx-Lock Technologie erm\u00f6glicht ein einfaches Wechseln der Gewichte, ohne den Stabilisator vollst\u00e4ndig zu demontieren. Das ist besonders praktisch, wenn die Balance des Bogens an unterschiedliche Bedingungen angepasst werden soll.<\/p>\n<ul>\n<li>Schnellwechselsystem mit Linx-Lock Technologie<\/li>\n<li>Gewicht: 1 oz<\/li>\n<li>Als Endkappe ausgef\u00fchrt<\/li>\n<li>Farbe: Silber<\/li>\n<\/ul>","protected":false},"excerpt":{"rendered":"<table>\n<tr>\n<th>Propriet\u00e0<\/th>\n<th>Valore<\/th>\n<\/tr>\n<tr>\n<td>Marchio<\/td>\n<td>Hamskea<\/td>\n<\/tr>\n<tr>\n<td>Peso<\/td>\n<td>1 oz<\/td>\n<\/tr>\n<tr>\n<td>Colore<\/td>\n<td>Silber<\/td>\n<\/tr>\n<tr>\n<td>Technologie<\/td>\n<td>Linx-Lock<\/td>\n<\/tr>\n<tr>\n<td>Origine<\/td>\n<td>USA<\/td>\n<\/tr>\n<\/table>","protected":false},"featured_media":441453,"comment_status":"open","ping_status":"closed","template":"","meta":[],"product_brand":[465],"product_cat":[4199],"product_tag":[3546],"class_list":{"0":"post-393516","1":"product","2":"type-product","3":"status-publish","4":"has-post-thumbnail","6":"product_brand-hamskea","7":"product_cat-gewichte-stabilisation","8":"product_tag-neuheit","10":"first","11":"instock","12":"shipping-taxable","13":"purchasable","14":"product-type-simple"},"_links":{"self":[{"href":"https:\/\/bogensportdiscount.ch\/it\/wp-json\/wp\/v2\/product\/393516","targetHints":{"allow":["GET"]}}],"collection":[{"href":"https:\/\/bogensportdiscount.ch\/it\/wp-json\/wp\/v2\/product"}],"about":[{"href":"https:\/\/bogensportdiscount.ch\/it\/wp-json\/wp\/v2\/types\/product"}],"replies":[{"embeddable":true,"href":"https:\/\/bogensportdiscount.ch\/it\/wp-json\/wp\/v2\/comments?post=393516"}],"wp:featuredmedia":[{"embeddable":true,"href":"https:\/\/bogensportdiscount.ch\/it\/wp-json\/wp\/v2\/media\/441453"}],"wp:attachment":[{"href":"https:\/\/bogensportdiscount.ch\/it\/wp-json\/wp\/v2\/media?parent=393516"}],"wp:term":[{"taxonomy":"product_brand","embeddable":true,"href":"https:\/\/bogensportdiscount.ch\/it\/wp-json\/wp\/v2\/product_brand?post=393516"},{"taxonomy":"product_cat","embeddable":true,"href":"https:\/\/bogensportdiscount.ch\/it\/wp-json\/wp\/v2\/product_cat?post=393516"},{"taxonomy":"product_tag","embeddable":true,"href":"https:\/\/bogensportdiscount.ch\/it\/wp-json\/wp\/v2\/product_tag?post=393516"}],"curies":[{"name":"wp","href":"https:\/\/api.w.org\/{rel}","templated":true}]}}