{"id":393510,"date":"2026-04-05T14:30:00","date_gmt":"2026-04-05T12:30:00","guid":{"rendered":"https:\/\/bogensportdiscount.ch\/produkt\/hamskea-quick-change-stabilizer-weight-w-linx-lock-tech-1oz-silver\/"},"modified":"2026-04-15T12:16:03","modified_gmt":"2026-04-15T10:16:03","slug":"hamskea-quick-change-stabilisator-gewicht-linx-lock-1oz-silber","status":"publish","type":"product","link":"https:\/\/bogensportdiscount.ch\/it\/prodotto\/hamskea-quick-change-stabilisator-gewicht-linx-lock-1oz-silber\/","title":{"rendered":"HAMSKEA PESO STABILIZZATORE A CAMBIO RAPIDO CON TECNICA LINX-LOCK 1oz ARGENTO"},"content":{"rendered":"<p>Das HAMSKEA Quick-Change Stabilisator-Gewicht ist speziell f\u00fcr Bogensch\u00fctzen entwickelt worden, die ihre Stabilisator-Balance flexibel und schnell anpassen m\u00f6chten. Dank der integrierten Linx-Lock Technologie l\u00e4sst sich das Gewicht ohne Werkzeug sicher befestigen und ebenso einfach wieder l\u00f6sen.<\/p>\n<p>Das Gewicht mit 1 Unze (ca. 28 g) in der Farbe Silber l\u00e4sst sich mit anderen HAMSKEA Linx-Lock kompatiblen Gewichten kombinieren, um die gew\u00fcnschte Gesamtmasse am Stabilisator individuell einzustellen.<\/p>\n<ul>\n<li>Gewicht: 1 oz (ca. 28 g)<\/li>\n<li>Farbe: Silber<\/li>\n<li>Schnellwechselsystem mit Linx-Lock Technologie<\/li>\n<li>Werkzeugloser Wechsel der Gewichte<\/li>\n<\/ul>","protected":false},"excerpt":{"rendered":"<p><strong>Marchio:<\/strong> Hamskea<br \/><strong>Farbe:<\/strong> Silbe<br \/><strong>GTIN:<\/strong> 850002375619<\/p>","protected":false},"featured_media":441471,"comment_status":"open","ping_status":"closed","template":"","meta":[],"product_brand":[465],"product_cat":[4199],"product_tag":[3546],"class_list":{"0":"post-393510","1":"product","2":"type-product","3":"status-publish","4":"has-post-thumbnail","6":"product_brand-hamskea","7":"product_cat-gewichte-stabilisation","8":"product_tag-neuheit","10":"first","11":"instock","12":"shipping-taxable","13":"purchasable","14":"product-type-simple"},"_links":{"self":[{"href":"https:\/\/bogensportdiscount.ch\/it\/wp-json\/wp\/v2\/product\/393510","targetHints":{"allow":["GET"]}}],"collection":[{"href":"https:\/\/bogensportdiscount.ch\/it\/wp-json\/wp\/v2\/product"}],"about":[{"href":"https:\/\/bogensportdiscount.ch\/it\/wp-json\/wp\/v2\/types\/product"}],"replies":[{"embeddable":true,"href":"https:\/\/bogensportdiscount.ch\/it\/wp-json\/wp\/v2\/comments?post=393510"}],"wp:featuredmedia":[{"embeddable":true,"href":"https:\/\/bogensportdiscount.ch\/it\/wp-json\/wp\/v2\/media\/441471"}],"wp:attachment":[{"href":"https:\/\/bogensportdiscount.ch\/it\/wp-json\/wp\/v2\/media?parent=393510"}],"wp:term":[{"taxonomy":"product_brand","embeddable":true,"href":"https:\/\/bogensportdiscount.ch\/it\/wp-json\/wp\/v2\/product_brand?post=393510"},{"taxonomy":"product_cat","embeddable":true,"href":"https:\/\/bogensportdiscount.ch\/it\/wp-json\/wp\/v2\/product_cat?post=393510"},{"taxonomy":"product_tag","embeddable":true,"href":"https:\/\/bogensportdiscount.ch\/it\/wp-json\/wp\/v2\/product_tag?post=393510"}],"curies":[{"name":"wp","href":"https:\/\/api.w.org\/{rel}","templated":true}]}}