{"id":393473,"date":"2026-04-05T14:29:51","date_gmt":"2026-04-05T12:29:51","guid":{"rendered":"https:\/\/bogensportdiscount.ch\/produkt\/axcel-hunting-3d-sight-landslyde-slider-accustat-ii-scope-4-pin-019-tactical-bowhunting\/"},"modified":"2026-04-16T12:28:23","modified_gmt":"2026-04-16T10:28:23","slug":"axcel-jagd-3d-visier-landslyde-slider-accustat-ii-scope-4-pin-019-tactical-bowhunting","status":"publish","type":"product","link":"https:\/\/bogensportdiscount.ch\/it\/prodotto\/axcel-jagd-3d-visier-landslyde-slider-accustat-ii-scope-4-pin-019-tactical-bowhunting\/","title":{"rendered":"CANNOCCHIALE AXCEL HUNTING &amp; 3D LANDSLYDE SLIDER ACCUSTAT II - 4 PIN .019 TATTICO BOWHUNTING"},"content":{"rendered":"<p>Das AXCEL Landslyde Slider AccuStat II Scope vereint ein gleitend verstellbares Visiersystem mit einem 4-Pin-Festpunkt-Setup im Kaliber .019 Zoll. Das Slider-Konzept erlaubt es, den Scope entlang der Schiene zu verschieben und so schnell auf wechselnde Distanzen zu reagieren \u2013 ein klarer Vorteil bei der Jagd und im 3D-Parcours.<\/p>\n<p>Der AccuStat II Scope ist auf pr\u00e4zise Ausrichtung ausgelegt und l\u00e4sst sich unabh\u00e4ngig vom restlichen Visierk\u00f6rper micro-justieren. Die Tactical Bowhunting Ausf\u00fchrung ist auf den robusten Feldeinsatz ausgerichtet und bietet eine kompakte Bauweise f\u00fcr den Einsatz unter realen Jagdbedingungen.<\/p>\n<ul>\n<li>Slider-System f\u00fcr flexible Entfernungseinstellung<\/li>\n<li>4 Pins im Kaliber .019 Zoll<\/li>\n<li>AccuStat II Scope mit unabh\u00e4ngiger Micro-Justierung<\/li>\n<li>Konzipiert f\u00fcr Jagd und 3D-Bogenschiessen<\/li>\n<\/ul>","protected":false},"excerpt":{"rendered":"<p><strong>Marchio:<\/strong> Axcel<br \/><strong>LH\/RH:<\/strong> Beidh\u00e4ndig<br \/><strong>Farbe:<\/strong> Gr\u00fcn<br \/><strong>Tipo:<\/strong> Direct mount<br \/><strong>Pin count:<\/strong> 4<br \/><strong>Pin size:<\/strong> 019<br \/><strong>GTIN:<\/strong> 611254295489<\/p>","protected":false},"featured_media":446005,"comment_status":"open","ping_status":"closed","template":"","meta":[],"product_brand":[467],"product_cat":[4263],"product_tag":[3546],"class_list":{"0":"post-393473","1":"product","2":"type-product","3":"status-publish","4":"has-post-thumbnail","6":"product_brand-axcel","7":"product_cat-jagd-und-3d-visiere","8":"product_tag-neuheit","10":"first","11":"instock","12":"shipping-taxable","13":"purchasable","14":"product-type-simple"},"_links":{"self":[{"href":"https:\/\/bogensportdiscount.ch\/it\/wp-json\/wp\/v2\/product\/393473","targetHints":{"allow":["GET"]}}],"collection":[{"href":"https:\/\/bogensportdiscount.ch\/it\/wp-json\/wp\/v2\/product"}],"about":[{"href":"https:\/\/bogensportdiscount.ch\/it\/wp-json\/wp\/v2\/types\/product"}],"replies":[{"embeddable":true,"href":"https:\/\/bogensportdiscount.ch\/it\/wp-json\/wp\/v2\/comments?post=393473"}],"wp:featuredmedia":[{"embeddable":true,"href":"https:\/\/bogensportdiscount.ch\/it\/wp-json\/wp\/v2\/media\/446005"}],"wp:attachment":[{"href":"https:\/\/bogensportdiscount.ch\/it\/wp-json\/wp\/v2\/media?parent=393473"}],"wp:term":[{"taxonomy":"product_brand","embeddable":true,"href":"https:\/\/bogensportdiscount.ch\/it\/wp-json\/wp\/v2\/product_brand?post=393473"},{"taxonomy":"product_cat","embeddable":true,"href":"https:\/\/bogensportdiscount.ch\/it\/wp-json\/wp\/v2\/product_cat?post=393473"},{"taxonomy":"product_tag","embeddable":true,"href":"https:\/\/bogensportdiscount.ch\/it\/wp-json\/wp\/v2\/product_tag?post=393473"}],"curies":[{"name":"wp","href":"https:\/\/api.w.org\/{rel}","templated":true}]}}