{"id":393454,"date":"2026-04-05T14:29:46","date_gmt":"2026-04-05T12:29:46","guid":{"rendered":"https:\/\/bogensportdiscount.ch\/produkt\/beier-3d-target-life-size-bear-brown-l152-x-w43-x-h77cm-group-1\/"},"modified":"2026-04-16T13:26:03","modified_gmt":"2026-04-16T11:26:03","slug":"beier-3d-ziel-lebensgrosse-braunbaer-braun-152x43x77cm-gruppe-1","status":"publish","type":"product","link":"https:\/\/bogensportdiscount.ch\/it\/prodotto\/beier-3d-ziel-lebensgrosse-braunbaer-braun-152x43x77cm-gruppe-1\/","title":{"rendered":"BEIER 3D TARGET A DIMENSIONE VITA - MARRONE : L152 x L43 x H77cm GRUPPO 1"},"content":{"rendered":"<p>Das BEIER 3D-Ziel \u00abBraunb\u00e4r\u00bb ist ein lebensgrosse Nachbildung eines Braunb\u00e4ren in brauner Farbgebung. Mit einer L\u00e4nge von 152 cm, einer Breite von 43 cm und einer H\u00f6he von 77 cm entspricht es den realen Proportionen des Tieres und bietet eine authentische Zielsituation f\u00fcr 3D-Bogenschiessen.<\/p>\n<p>Das Ziel ist der Gruppe 1 zugeteilt, was bei offiziellen 3D-Turnieren nach IFAA- oder 3D-Austria-Reglement die entsprechende Entfernungswertung bestimmt. Es eignet sich sowohl f\u00fcr den Trainingsgebrauch als auch f\u00fcr den Einsatz an Parcours.<\/p>\n<ul>\n<li>Lebensgrosse Darstellung eines Braunb\u00e4ren<\/li>\n<li>Abmessungen: L152 x B43 x H77 cm<\/li>\n<li>Farbe: Braun<\/li>\n<li>Turnierkategorie: Gruppe 1<\/li>\n<\/ul>","protected":false},"excerpt":{"rendered":"<p><strong>IFAA Group:<\/strong> 1<br \/><strong>Length:<\/strong> 152 cm<br \/><strong>Height:<\/strong> 77 cm<br \/><strong>Thickness:<\/strong> 43 cm<br \/><strong>Weight:<\/strong> 26 kg<br \/><strong>Made in:<\/strong> Germany<\/p>","protected":false},"featured_media":446048,"comment_status":"open","ping_status":"closed","template":"","meta":[],"product_brand":[831],"product_cat":[4311],"product_tag":[3546],"class_list":{"0":"post-393454","1":"product","2":"type-product","3":"status-publish","4":"has-post-thumbnail","6":"product_brand-beier","7":"product_cat-baeren-woelfe","8":"product_tag-neuheit","10":"first","11":"instock","12":"shipping-taxable","13":"purchasable","14":"product-type-simple"},"_links":{"self":[{"href":"https:\/\/bogensportdiscount.ch\/it\/wp-json\/wp\/v2\/product\/393454","targetHints":{"allow":["GET"]}}],"collection":[{"href":"https:\/\/bogensportdiscount.ch\/it\/wp-json\/wp\/v2\/product"}],"about":[{"href":"https:\/\/bogensportdiscount.ch\/it\/wp-json\/wp\/v2\/types\/product"}],"replies":[{"embeddable":true,"href":"https:\/\/bogensportdiscount.ch\/it\/wp-json\/wp\/v2\/comments?post=393454"}],"wp:featuredmedia":[{"embeddable":true,"href":"https:\/\/bogensportdiscount.ch\/it\/wp-json\/wp\/v2\/media\/446048"}],"wp:attachment":[{"href":"https:\/\/bogensportdiscount.ch\/it\/wp-json\/wp\/v2\/media?parent=393454"}],"wp:term":[{"taxonomy":"product_brand","embeddable":true,"href":"https:\/\/bogensportdiscount.ch\/it\/wp-json\/wp\/v2\/product_brand?post=393454"},{"taxonomy":"product_cat","embeddable":true,"href":"https:\/\/bogensportdiscount.ch\/it\/wp-json\/wp\/v2\/product_cat?post=393454"},{"taxonomy":"product_tag","embeddable":true,"href":"https:\/\/bogensportdiscount.ch\/it\/wp-json\/wp\/v2\/product_tag?post=393454"}],"curies":[{"name":"wp","href":"https:\/\/api.w.org\/{rel}","templated":true}]}}