{"id":393448,"date":"2026-04-05T14:29:45","date_gmt":"2026-04-05T12:29:45","guid":{"rendered":"https:\/\/bogensportdiscount.ch\/produkt\/cold-steel-karve-overall-21cm\/"},"modified":"2026-04-17T13:05:05","modified_gmt":"2026-04-17T11:05:05","slug":"cold-steel-messer-karve-21cm","status":"publish","type":"product","link":"https:\/\/bogensportdiscount.ch\/it\/prodotto\/cold-steel-messer-karve-21cm\/","title":{"rendered":"KARVE IN ACCIAIO FREDDO - totale 21 cm"},"content":{"rendered":"<p>Das Cold Steel Karve ist ein Messer aus dem Bereich Outdoor und Jagd mit einer Gesamtl\u00e4nge von 21 cm. Cold Steel ist bekannt f\u00fcr robuste und funktionale Klingen, die f\u00fcr anspruchsvolle Einsatzbedingungen ausgelegt sind.<\/p>\n<p>Mit seiner kompakten Abmessung eignet sich das Karve sowohl f\u00fcr den t\u00e4glichen Gebrauch im Feld als auch als zuverl\u00e4ssiges Werkzeug bei Jagd- und Outdoor-Aktivit\u00e4ten.<\/p>\n<ul>\n<li>Gesamtl\u00e4nge: 21 cm<\/li>\n<li>Marke: Cold Steel<\/li>\n<li>Kategorie: Outdoor &amp; Jagd \/ Messer &amp; Werkzeuge<\/li>\n<li>Solide Verarbeitung typisch f\u00fcr Cold Steel<\/li>\n<\/ul>","protected":false},"excerpt":{"rendered":"<p><strong>Marchio:<\/strong> Cold Steel<br \/><strong>L\u00e4nge (cm):<\/strong> 20,01-25<br \/><strong>Blade shape:<\/strong> Seax<br \/><strong>GTIN:<\/strong> 888151046944<\/p>","protected":false},"featured_media":441508,"comment_status":"open","ping_status":"closed","template":"","meta":[],"product_brand":[491],"product_cat":[4352],"product_tag":[3546],"class_list":{"0":"post-393448","1":"product","2":"type-product","3":"status-publish","4":"has-post-thumbnail","6":"product_brand-coldsteel","7":"product_cat-klappbare-klinge","8":"product_tag-neuheit","10":"first","11":"instock","12":"shipping-taxable","13":"purchasable","14":"product-type-simple"},"_links":{"self":[{"href":"https:\/\/bogensportdiscount.ch\/it\/wp-json\/wp\/v2\/product\/393448","targetHints":{"allow":["GET"]}}],"collection":[{"href":"https:\/\/bogensportdiscount.ch\/it\/wp-json\/wp\/v2\/product"}],"about":[{"href":"https:\/\/bogensportdiscount.ch\/it\/wp-json\/wp\/v2\/types\/product"}],"replies":[{"embeddable":true,"href":"https:\/\/bogensportdiscount.ch\/it\/wp-json\/wp\/v2\/comments?post=393448"}],"wp:featuredmedia":[{"embeddable":true,"href":"https:\/\/bogensportdiscount.ch\/it\/wp-json\/wp\/v2\/media\/441508"}],"wp:attachment":[{"href":"https:\/\/bogensportdiscount.ch\/it\/wp-json\/wp\/v2\/media?parent=393448"}],"wp:term":[{"taxonomy":"product_brand","embeddable":true,"href":"https:\/\/bogensportdiscount.ch\/it\/wp-json\/wp\/v2\/product_brand?post=393448"},{"taxonomy":"product_cat","embeddable":true,"href":"https:\/\/bogensportdiscount.ch\/it\/wp-json\/wp\/v2\/product_cat?post=393448"},{"taxonomy":"product_tag","embeddable":true,"href":"https:\/\/bogensportdiscount.ch\/it\/wp-json\/wp\/v2\/product_tag?post=393448"}],"curies":[{"name":"wp","href":"https:\/\/api.w.org\/{rel}","templated":true}]}}