{"id":393445,"date":"2026-04-05T14:29:44","date_gmt":"2026-04-05T12:29:44","guid":{"rendered":"https:\/\/bogensportdiscount.ch\/produkt\/saunders-pipper-sight\/"},"modified":"2026-04-13T20:51:32","modified_gmt":"2026-04-13T18:51:32","slug":"saunders-pipper-sight","status":"publish","type":"product","link":"https:\/\/bogensportdiscount.ch\/it\/prodotto\/saunders-pipper-sight\/","title":{"rendered":"VISTA PIPPER SAUNDERS"},"content":{"rendered":"<p>Das Saunders Pipper Sight ist ein Visierelement, das speziell f\u00fcr den Einsatz mit Schleudern entwickelt wurde. Es unterst\u00fctzt den Sch\u00fctzen beim genauen Anvisieren des Ziels und verbessert damit die Treffsicherheit im Vergleich zum freien Zielen.<\/p>\n<p>Das Produkt ist in der Kategorie Schleudern &amp; Zubeh\u00f6r eingeordnet und richtet sich an Anwender, die ihre Schleuder f\u00fcr Jagd oder Outdoor-Aktivit\u00e4ten einsetzen. Das Saunders Pipper Sight ist eine einfache M\u00f6glichkeit, die Pr\u00e4zision beim Schleudern zu steigern.<\/p>\n<ul>\n<li>Visieraufsatz f\u00fcr Schleudern<\/li>\n<li>Verbessert die Zielgenauigkeit<\/li>\n<li>Geeignet f\u00fcr Jagd und Outdoor<\/li>\n<li>Von der erfahrenen Marke Saunders<\/li>\n<\/ul>","protected":false},"excerpt":{"rendered":"<p><strong>Marchio:<\/strong> Saunders<\/p>","protected":false},"featured_media":441539,"comment_status":"open","ping_status":"closed","template":"","meta":[],"product_brand":[779],"product_cat":[17964],"product_tag":[3546],"class_list":{"0":"post-393445","1":"product","2":"type-product","3":"status-publish","4":"has-post-thumbnail","6":"product_brand-saunders","7":"product_cat-schleudern-zubehoer-zubehoer","8":"product_tag-neuheit","10":"first","11":"instock","12":"shipping-taxable","13":"purchasable","14":"product-type-simple"},"_links":{"self":[{"href":"https:\/\/bogensportdiscount.ch\/it\/wp-json\/wp\/v2\/product\/393445","targetHints":{"allow":["GET"]}}],"collection":[{"href":"https:\/\/bogensportdiscount.ch\/it\/wp-json\/wp\/v2\/product"}],"about":[{"href":"https:\/\/bogensportdiscount.ch\/it\/wp-json\/wp\/v2\/types\/product"}],"replies":[{"embeddable":true,"href":"https:\/\/bogensportdiscount.ch\/it\/wp-json\/wp\/v2\/comments?post=393445"}],"wp:featuredmedia":[{"embeddable":true,"href":"https:\/\/bogensportdiscount.ch\/it\/wp-json\/wp\/v2\/media\/441539"}],"wp:attachment":[{"href":"https:\/\/bogensportdiscount.ch\/it\/wp-json\/wp\/v2\/media?parent=393445"}],"wp:term":[{"taxonomy":"product_brand","embeddable":true,"href":"https:\/\/bogensportdiscount.ch\/it\/wp-json\/wp\/v2\/product_brand?post=393445"},{"taxonomy":"product_cat","embeddable":true,"href":"https:\/\/bogensportdiscount.ch\/it\/wp-json\/wp\/v2\/product_cat?post=393445"},{"taxonomy":"product_tag","embeddable":true,"href":"https:\/\/bogensportdiscount.ch\/it\/wp-json\/wp\/v2\/product_tag?post=393445"}],"curies":[{"name":"wp","href":"https:\/\/api.w.org\/{rel}","templated":true}]}}