{"id":393430,"date":"2026-04-05T14:29:40","date_gmt":"2026-04-05T12:29:40","guid":{"rendered":"https:\/\/bogensportdiscount.ch\/produkt\/mathews-bridge-lock-stabilizer-weight-3oz-steel\/"},"modified":"2026-04-15T12:15:59","modified_gmt":"2026-04-15T10:15:59","slug":"mathews-bridge-lock-stabilisator-gewicht-3oz-stahl","status":"publish","type":"product","link":"https:\/\/bogensportdiscount.ch\/it\/prodotto\/mathews-bridge-lock-stabilisator-gewicht-3oz-stahl\/","title":{"rendered":"MATHEWS BRIDGE-LOCK STABILIZZATORE PESO 3 oz ACCIAIO"},"content":{"rendered":"<p>Das Mathews Bridge-Lock Stabilisator-Gewicht in der Ausf\u00fchrung 3oz (ca. 85 g) aus Stahl ist ein Zubeh\u00f6rteil f\u00fcr das Bridge-Lock Stabilisatorsystem von Mathews. Es l\u00e4sst sich direkt am Bridge-Lock System montieren und erm\u00f6glicht eine individuelle Feinabstimmung der Bogenbalance.<\/p>\n<p>Durch das Hinzuf\u00fcgen oder Entfernen von Gewichten kann der Sch\u00fctze das Schwingungsverhalten und die Ausbalancierung des Bogens an seinen pers\u00f6nlichen Stil und die Schiessdisziplin anpassen. Die Stahlausf\u00fchrung sorgt f\u00fcr eine kompakte Bauform bei hohem Gewicht.<\/p>\n<ul>\n<li>Gewicht: 3oz (ca. 85 g)<\/li>\n<li>Material: Stahl<\/li>\n<li>Kompatibel mit Mathews Bridge-Lock Stabilisatorsystem<\/li>\n<li>Zur Feinabstimmung der Bogenbalance<\/li>\n<\/ul>","protected":false},"excerpt":{"rendered":"<p><strong>Marchio:<\/strong> Mathews<br \/><strong>Farbe:<\/strong> Schwarz<br \/><strong>Tipo:<\/strong> Stackable weight<br \/><strong>Materiale:<\/strong> Stahl<\/p>","protected":false},"featured_media":441550,"comment_status":"open","ping_status":"closed","template":"","meta":[],"product_brand":[427],"product_cat":[4199],"product_tag":[3546],"class_list":{"0":"post-393430","1":"product","2":"type-product","3":"status-publish","4":"has-post-thumbnail","6":"product_brand-mathews","7":"product_cat-gewichte-stabilisation","8":"product_tag-neuheit","10":"first","11":"instock","12":"shipping-taxable","13":"purchasable","14":"product-type-simple"},"_links":{"self":[{"href":"https:\/\/bogensportdiscount.ch\/it\/wp-json\/wp\/v2\/product\/393430","targetHints":{"allow":["GET"]}}],"collection":[{"href":"https:\/\/bogensportdiscount.ch\/it\/wp-json\/wp\/v2\/product"}],"about":[{"href":"https:\/\/bogensportdiscount.ch\/it\/wp-json\/wp\/v2\/types\/product"}],"replies":[{"embeddable":true,"href":"https:\/\/bogensportdiscount.ch\/it\/wp-json\/wp\/v2\/comments?post=393430"}],"wp:featuredmedia":[{"embeddable":true,"href":"https:\/\/bogensportdiscount.ch\/it\/wp-json\/wp\/v2\/media\/441550"}],"wp:attachment":[{"href":"https:\/\/bogensportdiscount.ch\/it\/wp-json\/wp\/v2\/media?parent=393430"}],"wp:term":[{"taxonomy":"product_brand","embeddable":true,"href":"https:\/\/bogensportdiscount.ch\/it\/wp-json\/wp\/v2\/product_brand?post=393430"},{"taxonomy":"product_cat","embeddable":true,"href":"https:\/\/bogensportdiscount.ch\/it\/wp-json\/wp\/v2\/product_cat?post=393430"},{"taxonomy":"product_tag","embeddable":true,"href":"https:\/\/bogensportdiscount.ch\/it\/wp-json\/wp\/v2\/product_tag?post=393430"}],"curies":[{"name":"wp","href":"https:\/\/api.w.org\/{rel}","templated":true}]}}