{"id":393406,"date":"2026-04-05T14:29:35","date_gmt":"2026-04-05T12:29:35","guid":{"rendered":"https:\/\/bogensportdiscount.ch\/produkt\/spothogg-compound-arrow-rest-parts-edge-blade-arm\/"},"modified":"2026-04-15T12:15:57","modified_gmt":"2026-04-15T10:15:57","slug":"spothogg-compound-auflage-ersatzteil-edge-blade-arm","status":"publish","type":"product","link":"https:\/\/bogensportdiscount.ch\/it\/prodotto\/spothogg-compound-auflage-ersatzteil-edge-blade-arm\/","title":{"rendered":"SPOTHOGG COMPOUND ARROW REST PARTI BORDO LAMA BRACCIO"},"content":{"rendered":"<p>Der SPOTHOGG Edge Blade Arm ist ein Originalersatzteil f\u00fcr die Edge Compound-Pfeilauflage von SPOTHOGG. Er richtet sich an Bogensch\u00fctzen, die eine besch\u00e4digte oder verschlissene Klinge bzw. den Arm ihrer bestehenden Auflage austauschen m\u00f6chten.<\/p>\n<p>Durch die Verwendung von Originalteilen bleibt die pr\u00e4zise Funktion der SPOTHOGG Edge Pfeilauflage erhalten. Das Teil ist direkt auf die Edge-Auflage abgestimmt und erm\u00f6glicht eine unkomplizierte Montage.<\/p>\n<ul>\n<li>Originalersatzteil von SPOTHOGG<\/li>\n<li>Passend f\u00fcr die SPOTHOGG Edge Compound-Pfeilauflage<\/li>\n<li>Erm\u00f6glicht kosteng\u00fcnstige Reparatur statt Komplettaustausch<\/li>\n<li>Einfache Montage am bestehenden Auflagesystem<\/li>\n<\/ul>","protected":false},"excerpt":{"rendered":"<p><strong>Marchio:<\/strong> Spot-Hogg<\/p>","protected":false},"featured_media":453631,"comment_status":"open","ping_status":"closed","template":"","meta":[],"product_brand":[538],"product_cat":[4130],"product_tag":[3546],"class_list":{"0":"post-393406","1":"product","2":"type-product","3":"status-publish","4":"has-post-thumbnail","6":"product_brand-spothogg","7":"product_cat-einzelteile-fuer-compound-pfeilauflage","8":"product_tag-neuheit","10":"first","11":"onbackorder","12":"shipping-taxable","13":"purchasable","14":"product-type-simple"},"_links":{"self":[{"href":"https:\/\/bogensportdiscount.ch\/it\/wp-json\/wp\/v2\/product\/393406","targetHints":{"allow":["GET"]}}],"collection":[{"href":"https:\/\/bogensportdiscount.ch\/it\/wp-json\/wp\/v2\/product"}],"about":[{"href":"https:\/\/bogensportdiscount.ch\/it\/wp-json\/wp\/v2\/types\/product"}],"replies":[{"embeddable":true,"href":"https:\/\/bogensportdiscount.ch\/it\/wp-json\/wp\/v2\/comments?post=393406"}],"wp:featuredmedia":[{"embeddable":true,"href":"https:\/\/bogensportdiscount.ch\/it\/wp-json\/wp\/v2\/media\/453631"}],"wp:attachment":[{"href":"https:\/\/bogensportdiscount.ch\/it\/wp-json\/wp\/v2\/media?parent=393406"}],"wp:term":[{"taxonomy":"product_brand","embeddable":true,"href":"https:\/\/bogensportdiscount.ch\/it\/wp-json\/wp\/v2\/product_brand?post=393406"},{"taxonomy":"product_cat","embeddable":true,"href":"https:\/\/bogensportdiscount.ch\/it\/wp-json\/wp\/v2\/product_cat?post=393406"},{"taxonomy":"product_tag","embeddable":true,"href":"https:\/\/bogensportdiscount.ch\/it\/wp-json\/wp\/v2\/product_tag?post=393406"}],"curies":[{"name":"wp","href":"https:\/\/api.w.org\/{rel}","templated":true}]}}