{"id":393371,"date":"2026-04-05T14:29:27","date_gmt":"2026-04-05T12:29:27","guid":{"rendered":"https:\/\/bogensportdiscount.ch\/produkt\/natur-foam-3d-target-wild-boar-climbing\/"},"modified":"2026-05-14T07:13:52","modified_gmt":"2026-05-14T05:13:52","slug":"naturfoam-3d-ziel-wildschwein-climbing","status":"publish","type":"product","link":"https:\/\/bogensportdiscount.ch\/it\/prodotto\/naturfoam-3d-ziel-wildschwein-climbing\/","title":{"rendered":"NATUR FOAM 3D-ZIEL WILDSCHWEIN &#8211; KLETTERER"},"content":{"rendered":"<p>Il NATURFOAM Cinghiale Climbing \u00e8 un bersaglio 3D per tiro con l'arco in schiuma, raffigurante un cinghiale in arrampicata. La forma naturalistica consente un allenamento vicino alla realt\u00e0 ed \u00e8 particolarmente adatto per percorsi 3D e situazioni di gara.<\/p>\n<p>I bersagli 3D di NATURFOAM sono specializzati nella rappresentazione realistica di animali e vengono realizzati in schiuma robusta, in grado di resistere a numerosi impatti di frecce. Il cinghiale in posa di arrampicata offre una situazione di tiro impegnativa grazie all'angolo modificato delle zone di impatto.<\/p>\n<ul>\n<li>Rappresentazione realistica di un cinghiale in arrampicata<\/li>\n<li>Realizzato in schiuma resistente<\/li>\n<li>Adatto per percorsi 3D e aree di allenamento<\/li>\n<li>Categoria: Cinghiali &amp; Verri<\/li>\n<\/ul>","protected":false},"excerpt":{"rendered":"<table>\n<tr>\n<th>Propriet\u00e0<\/th>\n<th>Valore<\/th>\n<\/tr>\n<tr>\n<td>Marca<\/td>\n<td>Natur Foam<\/td>\n<\/tr>\n<tr>\n<td>Tipo<\/td>\n<td>Group 1\/2\/3\/4<\/td>\n<\/tr>\n<tr>\n<td>Paese di origine<\/td>\n<td>Francia<\/td>\n<\/tr>\n<\/table>","protected":false},"featured_media":524272,"comment_status":"open","ping_status":"closed","template":"","meta":[],"product_brand":[412],"product_cat":[4143,4144,4315],"product_tag":[3546],"class_list":{"0":"post-393371","1":"product","2":"type-product","3":"status-publish","4":"has-post-thumbnail","6":"product_brand-naturfoam","7":"product_cat-ziele-auflagen","8":"product_cat-3d-ziele","9":"product_cat-schweine-eber","10":"product_tag-neuheit","11":"product_shipping_class-bsd-sperrgut","13":"first","14":"instock","15":"shipping-taxable","16":"purchasable","17":"product-type-simple"},"yoast_head":"<!-- This site is optimized with the Yoast SEO plugin v27.6 - https:\/\/yoast.com\/product\/yoast-seo-wordpress\/ -->\n<title>NATUR FOAM 3D-ZIEL WILDSCHWEIN - KLETTERER - Bogensportdiscount \u2013 B\u00f6gen, Pfeile, Targets &amp; Zubeh\u00f6r<\/title>\n<meta name=\"description\" content=\"NATUR FOAM 3D-ZIEL WILDSCHWEIN - KLETTERER g\u00fcnstig kaufen bei Bogensportdiscount \u2013 Top-Marken, schneller Versand aus der Schweiz.\" \/>\n<meta name=\"robots\" content=\"index, follow, max-snippet:-1, max-image-preview:large, max-video-preview:-1\" \/>\n<link rel=\"canonical\" href=\"https:\/\/bogensportdiscount.ch\/it\/prodotto\/naturfoam-3d-ziel-wildschwein-climbing\/\" \/>\n<meta property=\"og:locale\" content=\"it_IT\" \/>\n<meta property=\"og:type\" content=\"article\" \/>\n<meta property=\"og:title\" content=\"NATUR FOAM 3D-ZIEL WILDSCHWEIN - KLETTERER - Bogensportdiscount \u2013 B\u00f6gen, Pfeile, Targets &amp; Zubeh\u00f6r\" \/>\n<meta property=\"og:description\" content=\"NATUR FOAM 3D-ZIEL WILDSCHWEIN - KLETTERER g\u00fcnstig kaufen bei Bogensportdiscount \u2013 Top-Marken, schneller Versand aus der Schweiz.\" \/>\n<meta property=\"og:url\" content=\"https:\/\/bogensportdiscount.ch\/it\/prodotto\/naturfoam-3d-ziel-wildschwein-climbing\/\" \/>\n<meta property=\"og:site_name\" content=\"Bogensportdiscount \u2013 B\u00f6gen, Pfeile, Targets &amp; Zubeh\u00f6r\" \/>\n<meta property=\"article:modified_time\" content=\"2026-05-14T05:13:52+00:00\" \/>\n<meta property=\"og:image\" content=\"https:\/\/bogensportdiscount.ch\/wp-content\/uploads\/bsm-images\/A070879_1.jpg\" \/>\n\t<meta property=\"og:image:width\" content=\"600\" \/>\n\t<meta property=\"og:image:height\" content=\"800\" \/>\n\t<meta property=\"og:image:type\" content=\"image\/jpeg\" \/>\n<meta name=\"twitter:card\" content=\"summary_large_image\" \/>\n<script type=\"application\/ld+json\" class=\"yoast-schema-graph\">{\"@context\":\"https:\\\/\\\/schema.org\",\"@graph\":[{\"@type\":\"WebPage\",\"@id\":\"https:\\\/\\\/bogensportdiscount.ch\\\/produkt\\\/naturfoam-3d-ziel-wildschwein-climbing\\\/\",\"url\":\"https:\\\/\\\/bogensportdiscount.ch\\\/produkt\\\/naturfoam-3d-ziel-wildschwein-climbing\\\/\",\"name\":\"NATUR FOAM 3D-ZIEL WILDSCHWEIN - KLETTERER - Bogensportdiscount \u2013 B\u00f6gen, Pfeile, Targets &amp; Zubeh\u00f6r\",\"isPartOf\":{\"@id\":\"https:\\\/\\\/bogensportdiscount.ch\\\/#website\"},\"primaryImageOfPage\":{\"@id\":\"https:\\\/\\\/bogensportdiscount.ch\\\/produkt\\\/naturfoam-3d-ziel-wildschwein-climbing\\\/#primaryimage\"},\"image\":{\"@id\":\"https:\\\/\\\/bogensportdiscount.ch\\\/produkt\\\/naturfoam-3d-ziel-wildschwein-climbing\\\/#primaryimage\"},\"thumbnailUrl\":\"https:\\\/\\\/bogensportdiscount.ch\\\/wp-content\\\/uploads\\\/bsm-images\\\/A070879_1.jpg\",\"datePublished\":\"2026-04-05T12:29:27+00:00\",\"dateModified\":\"2026-05-14T05:13:52+00:00\",\"description\":\"NATUR FOAM 3D-ZIEL WILDSCHWEIN - KLETTERER g\u00fcnstig kaufen bei Bogensportdiscount \u2013 Top-Marken, schneller Versand aus der Schweiz.\",\"breadcrumb\":{\"@id\":\"https:\\\/\\\/bogensportdiscount.ch\\\/produkt\\\/naturfoam-3d-ziel-wildschwein-climbing\\\/#breadcrumb\"},\"inLanguage\":\"it-IT\",\"potentialAction\":[{\"@type\":\"ReadAction\",\"target\":[\"https:\\\/\\\/bogensportdiscount.ch\\\/produkt\\\/naturfoam-3d-ziel-wildschwein-climbing\\\/\"]}]},{\"@type\":\"ImageObject\",\"inLanguage\":\"it-IT\",\"@id\":\"https:\\\/\\\/bogensportdiscount.ch\\\/produkt\\\/naturfoam-3d-ziel-wildschwein-climbing\\\/#primaryimage\",\"url\":\"https:\\\/\\\/bogensportdiscount.ch\\\/wp-content\\\/uploads\\\/bsm-images\\\/A070879_1.jpg\",\"contentUrl\":\"https:\\\/\\\/bogensportdiscount.ch\\\/wp-content\\\/uploads\\\/bsm-images\\\/A070879_1.jpg\",\"width\":600,\"height\":800},{\"@type\":\"BreadcrumbList\",\"@id\":\"https:\\\/\\\/bogensportdiscount.ch\\\/produkt\\\/naturfoam-3d-ziel-wildschwein-climbing\\\/#breadcrumb\",\"itemListElement\":[{\"@type\":\"ListItem\",\"position\":1,\"name\":\"Home\",\"item\":\"https:\\\/\\\/bogensportdiscount.ch\\\/\"},{\"@type\":\"ListItem\",\"position\":2,\"name\":\"Shop\",\"item\":\"https:\\\/\\\/bogensportdiscount.ch\\\/shop\\\/\"},{\"@type\":\"ListItem\",\"position\":3,\"name\":\"NATUR FOAM 3D TARGET WILD BOAR &#8211; CLIMBING\"}]},{\"@type\":\"WebSite\",\"@id\":\"https:\\\/\\\/bogensportdiscount.ch\\\/#website\",\"url\":\"https:\\\/\\\/bogensportdiscount.ch\\\/\",\"name\":\"Bogensportdiscount\",\"description\":\"\",\"potentialAction\":[{\"@type\":\"SearchAction\",\"target\":{\"@type\":\"EntryPoint\",\"urlTemplate\":\"https:\\\/\\\/bogensportdiscount.ch\\\/?s={search_term_string}\"},\"query-input\":{\"@type\":\"PropertyValueSpecification\",\"valueRequired\":true,\"valueName\":\"search_term_string\"}}],\"inLanguage\":\"it-IT\"}]}<\/script>\n<!-- \/ Yoast SEO plugin. -->","yoast_head_json":{"title":"NATUR FOAM 3D-ZIEL WILDSCHWEIN - KLETTERER - Bogensportdiscount \u2013 B\u00f6gen, Pfeile, Targets &amp; Zubeh\u00f6r","description":"NATUR FOAM 3D-ZIEL WILDSCHWEIN - KLETTERER g\u00fcnstig kaufen bei Bogensportdiscount \u2013 Top-Marken, schneller Versand aus der Schweiz.","robots":{"index":"index","follow":"follow","max-snippet":"max-snippet:-1","max-image-preview":"max-image-preview:large","max-video-preview":"max-video-preview:-1"},"canonical":"https:\/\/bogensportdiscount.ch\/it\/prodotto\/naturfoam-3d-ziel-wildschwein-climbing\/","og_locale":"it_IT","og_type":"article","og_title":"NATUR FOAM 3D-ZIEL WILDSCHWEIN - KLETTERER - Bogensportdiscount \u2013 B\u00f6gen, Pfeile, Targets &amp; Zubeh\u00f6r","og_description":"NATUR FOAM 3D-ZIEL WILDSCHWEIN - KLETTERER g\u00fcnstig kaufen bei Bogensportdiscount \u2013 Top-Marken, schneller Versand aus der Schweiz.","og_url":"https:\/\/bogensportdiscount.ch\/it\/prodotto\/naturfoam-3d-ziel-wildschwein-climbing\/","og_site_name":"Bogensportdiscount \u2013 B\u00f6gen, Pfeile, Targets &amp; Zubeh\u00f6r","article_modified_time":"2026-05-14T05:13:52+00:00","og_image":[{"width":600,"height":800,"url":"https:\/\/bogensportdiscount.ch\/wp-content\/uploads\/bsm-images\/A070879_1.jpg","type":"image\/jpeg"}],"twitter_card":"summary_large_image","schema":{"@context":"https:\/\/schema.org","@graph":[{"@type":"WebPage","@id":"https:\/\/bogensportdiscount.ch\/produkt\/naturfoam-3d-ziel-wildschwein-climbing\/","url":"https:\/\/bogensportdiscount.ch\/produkt\/naturfoam-3d-ziel-wildschwein-climbing\/","name":"NATUR FOAM 3D-ZIEL WILDSCHWEIN - KLETTERER - Bogensportdiscount \u2013 B\u00f6gen, Pfeile, Targets &amp; Zubeh\u00f6r","isPartOf":{"@id":"https:\/\/bogensportdiscount.ch\/#website"},"primaryImageOfPage":{"@id":"https:\/\/bogensportdiscount.ch\/produkt\/naturfoam-3d-ziel-wildschwein-climbing\/#primaryimage"},"image":{"@id":"https:\/\/bogensportdiscount.ch\/produkt\/naturfoam-3d-ziel-wildschwein-climbing\/#primaryimage"},"thumbnailUrl":"https:\/\/bogensportdiscount.ch\/wp-content\/uploads\/bsm-images\/A070879_1.jpg","datePublished":"2026-04-05T12:29:27+00:00","dateModified":"2026-05-14T05:13:52+00:00","description":"NATUR FOAM 3D-ZIEL WILDSCHWEIN - KLETTERER g\u00fcnstig kaufen bei Bogensportdiscount \u2013 Top-Marken, schneller Versand aus der Schweiz.","breadcrumb":{"@id":"https:\/\/bogensportdiscount.ch\/produkt\/naturfoam-3d-ziel-wildschwein-climbing\/#breadcrumb"},"inLanguage":"it-IT","potentialAction":[{"@type":"ReadAction","target":["https:\/\/bogensportdiscount.ch\/produkt\/naturfoam-3d-ziel-wildschwein-climbing\/"]}]},{"@type":"ImageObject","inLanguage":"it-IT","@id":"https:\/\/bogensportdiscount.ch\/produkt\/naturfoam-3d-ziel-wildschwein-climbing\/#primaryimage","url":"https:\/\/bogensportdiscount.ch\/wp-content\/uploads\/bsm-images\/A070879_1.jpg","contentUrl":"https:\/\/bogensportdiscount.ch\/wp-content\/uploads\/bsm-images\/A070879_1.jpg","width":600,"height":800},{"@type":"BreadcrumbList","@id":"https:\/\/bogensportdiscount.ch\/produkt\/naturfoam-3d-ziel-wildschwein-climbing\/#breadcrumb","itemListElement":[{"@type":"ListItem","position":1,"name":"Home","item":"https:\/\/bogensportdiscount.ch\/"},{"@type":"ListItem","position":2,"name":"Shop","item":"https:\/\/bogensportdiscount.ch\/shop\/"},{"@type":"ListItem","position":3,"name":"NATUR FOAM 3D TARGET WILD BOAR &#8211; CLIMBING"}]},{"@type":"WebSite","@id":"https:\/\/bogensportdiscount.ch\/#website","url":"https:\/\/bogensportdiscount.ch\/","name":"Bogensportdiscount","description":"","potentialAction":[{"@type":"SearchAction","target":{"@type":"EntryPoint","urlTemplate":"https:\/\/bogensportdiscount.ch\/?s={search_term_string}"},"query-input":{"@type":"PropertyValueSpecification","valueRequired":true,"valueName":"search_term_string"}}],"inLanguage":"it-IT"}]}},"_links":{"self":[{"href":"https:\/\/bogensportdiscount.ch\/it\/wp-json\/wp\/v2\/product\/393371","targetHints":{"allow":["GET"]}}],"collection":[{"href":"https:\/\/bogensportdiscount.ch\/it\/wp-json\/wp\/v2\/product"}],"about":[{"href":"https:\/\/bogensportdiscount.ch\/it\/wp-json\/wp\/v2\/types\/product"}],"replies":[{"embeddable":true,"href":"https:\/\/bogensportdiscount.ch\/it\/wp-json\/wp\/v2\/comments?post=393371"}],"wp:featuredmedia":[{"embeddable":true,"href":"https:\/\/bogensportdiscount.ch\/it\/wp-json\/wp\/v2\/media\/524272"}],"wp:attachment":[{"href":"https:\/\/bogensportdiscount.ch\/it\/wp-json\/wp\/v2\/media?parent=393371"}],"wp:term":[{"taxonomy":"product_brand","embeddable":true,"href":"https:\/\/bogensportdiscount.ch\/it\/wp-json\/wp\/v2\/product_brand?post=393371"},{"taxonomy":"product_cat","embeddable":true,"href":"https:\/\/bogensportdiscount.ch\/it\/wp-json\/wp\/v2\/product_cat?post=393371"},{"taxonomy":"product_tag","embeddable":true,"href":"https:\/\/bogensportdiscount.ch\/it\/wp-json\/wp\/v2\/product_tag?post=393371"}],"curies":[{"name":"wp","href":"https:\/\/api.w.org\/{rel}","templated":true}]}}