{"id":393370,"date":"2026-04-05T14:29:27","date_gmt":"2026-04-05T12:29:27","guid":{"rendered":"https:\/\/bogensportdiscount.ch\/produkt\/killerinstict-killer-instinct-crossbow-accessories-arrow-retainer-spring-3\/"},"modified":"2026-04-15T12:15:55","modified_gmt":"2026-04-15T10:15:55","slug":"killer-instinct-armbrust-pfeilhaltefeder-arrow-retainer-spring-3","status":"publish","type":"product","link":"https:\/\/bogensportdiscount.ch\/it\/prodotto\/killer-instinct-armbrust-pfeilhaltefeder-arrow-retainer-spring-3\/","title":{"rendered":"KILLERINSTICT KILLER INSTINCT ACCESSORI PER BALESTRA MOLLA DI FISSAGGIO FRECCIA 3"},"content":{"rendered":"<p>Die Killer Instinct Arrow Retainer Spring 3 ist ein Ersatzteil f\u00fcr Killer Instinct Armbr\u00fcste. Die Pfeilhaltefeder fixiert den Pfeil auf der Armbrust-Schiene und stellt sicher, dass er beim Spannen und Schuss korrekt gef\u00fchrt wird.<\/p>\n<p>Als Originalzubeh\u00f6r von Killer Instinct eignet sich dieses Ersatzteil f\u00fcr die Wartung und Instandhaltung kompatibler Armbrust-Modelle. Eine intakte Pfeilhaltefeder ist wichtig f\u00fcr eine zuverl\u00e4ssige und sichere Funktion der Armbrust.<\/p>\n<ul>\n<li>Ersatz-Pfeilhaltefeder f\u00fcr Killer Instinct Armbr\u00fcste<\/li>\n<li>Sorgt f\u00fcr sichere Pfeilf\u00fchrung auf der Schiene<\/li>\n<li>Originalzubeh\u00f6r von Killer Instinct<\/li>\n<li>Einfacher Austausch bei Verschleiss<\/li>\n<\/ul>","protected":false},"excerpt":{"rendered":"<p><strong>Marchio:<\/strong> Killer Instinct<\/p>","protected":false},"featured_media":441611,"comment_status":"open","ping_status":"closed","template":"","meta":[],"product_brand":[627],"product_cat":[4137],"product_tag":[3546],"class_list":{"0":"post-393370","1":"product","2":"type-product","3":"status-publish","4":"has-post-thumbnail","6":"product_brand-killerinstict","7":"product_cat-weitere","8":"product_tag-neuheit","10":"first","11":"instock","12":"shipping-taxable","13":"purchasable","14":"product-type-simple"},"_links":{"self":[{"href":"https:\/\/bogensportdiscount.ch\/it\/wp-json\/wp\/v2\/product\/393370","targetHints":{"allow":["GET"]}}],"collection":[{"href":"https:\/\/bogensportdiscount.ch\/it\/wp-json\/wp\/v2\/product"}],"about":[{"href":"https:\/\/bogensportdiscount.ch\/it\/wp-json\/wp\/v2\/types\/product"}],"replies":[{"embeddable":true,"href":"https:\/\/bogensportdiscount.ch\/it\/wp-json\/wp\/v2\/comments?post=393370"}],"wp:featuredmedia":[{"embeddable":true,"href":"https:\/\/bogensportdiscount.ch\/it\/wp-json\/wp\/v2\/media\/441611"}],"wp:attachment":[{"href":"https:\/\/bogensportdiscount.ch\/it\/wp-json\/wp\/v2\/media?parent=393370"}],"wp:term":[{"taxonomy":"product_brand","embeddable":true,"href":"https:\/\/bogensportdiscount.ch\/it\/wp-json\/wp\/v2\/product_brand?post=393370"},{"taxonomy":"product_cat","embeddable":true,"href":"https:\/\/bogensportdiscount.ch\/it\/wp-json\/wp\/v2\/product_cat?post=393370"},{"taxonomy":"product_tag","embeddable":true,"href":"https:\/\/bogensportdiscount.ch\/it\/wp-json\/wp\/v2\/product_tag?post=393370"}],"curies":[{"name":"wp","href":"https:\/\/api.w.org\/{rel}","templated":true}]}}