{"id":393348,"date":"2026-04-05T14:29:22","date_gmt":"2026-04-05T12:29:22","guid":{"rendered":"https:\/\/bogensportdiscount.ch\/produkt\/morrell-portable-target-yellow-jacket-yj-400-super-duper-25x27x14\/"},"modified":"2026-04-15T12:15:55","modified_gmt":"2026-04-15T10:15:55","slug":"morrel-bogenschiessen-zielscheibe-yellow-jacket-yj-400-super-duper-25x27x14","status":"publish","type":"product","link":"https:\/\/bogensportdiscount.ch\/it\/prodotto\/morrel-bogenschiessen-zielscheibe-yellow-jacket-yj-400-super-duper-25x27x14\/","title":{"rendered":"MORRELL PORTABLE TARGET GIACCA GIALLA YJ-400 SUPER DUPER - 25\u2033x27\u2033x14\u2033"},"content":{"rendered":"<p>Das MORREL Yellow Jacket YJ-400 Super Duper ist ein portables Bogensport-Ziel aus der bew\u00e4hrten Yellow-Jacket-Serie. Mit den Abmessungen 25&#8243;\u00d727&#8243;\u00d714&#8243; (ca. 63\u00d769\u00d736 cm) bietet es eine solide Trefferfl\u00e4che f\u00fcr das Training im Garten oder auf dem Schiessplatz.<\/p>\n<p>Das Ziel geh\u00f6rt zur Kategorie der W\u00fcrfel- und Sackziele und ist auf den wiederholten Einsatz mit Pfeil und Bogen ausgelegt. Die kompakte Gr\u00f6sse erleichtert den Transport und die Lagerung.<\/p>\n<ul>\n<li>Portables Design f\u00fcr flexiblen Einsatz<\/li>\n<li>Kompakte Abmessungen: 25&#8243;\u00d727&#8243;\u00d714&#8243;<\/li>\n<li>Geeignet f\u00fcr Compound- und Recurve-B\u00f6gen<\/li>\n<li>Aus der bew\u00e4hrten Yellow-Jacket-Produktlinie von MORREL<\/li>\n<\/ul>","protected":false},"excerpt":{"rendered":"<p><strong>Marchio:<\/strong> Morrel<br \/><strong>Tipo:<\/strong> Bag<br \/><strong>Weight (grams):<\/strong> 16300<br \/><strong>GTIN:<\/strong> 036496112811<\/p>","protected":false},"featured_media":441645,"comment_status":"open","ping_status":"closed","template":"","meta":[],"product_brand":[579],"product_cat":[4151],"product_tag":[3546],"class_list":{"0":"post-393348","1":"product","2":"type-product","3":"status-publish","4":"has-post-thumbnail","6":"product_brand-morrel","7":"product_cat-wuerfel-sacke","8":"product_tag-neuheit","10":"first","11":"instock","12":"shipping-taxable","13":"purchasable","14":"product-type-simple"},"_links":{"self":[{"href":"https:\/\/bogensportdiscount.ch\/it\/wp-json\/wp\/v2\/product\/393348","targetHints":{"allow":["GET"]}}],"collection":[{"href":"https:\/\/bogensportdiscount.ch\/it\/wp-json\/wp\/v2\/product"}],"about":[{"href":"https:\/\/bogensportdiscount.ch\/it\/wp-json\/wp\/v2\/types\/product"}],"replies":[{"embeddable":true,"href":"https:\/\/bogensportdiscount.ch\/it\/wp-json\/wp\/v2\/comments?post=393348"}],"wp:featuredmedia":[{"embeddable":true,"href":"https:\/\/bogensportdiscount.ch\/it\/wp-json\/wp\/v2\/media\/441645"}],"wp:attachment":[{"href":"https:\/\/bogensportdiscount.ch\/it\/wp-json\/wp\/v2\/media?parent=393348"}],"wp:term":[{"taxonomy":"product_brand","embeddable":true,"href":"https:\/\/bogensportdiscount.ch\/it\/wp-json\/wp\/v2\/product_brand?post=393348"},{"taxonomy":"product_cat","embeddable":true,"href":"https:\/\/bogensportdiscount.ch\/it\/wp-json\/wp\/v2\/product_cat?post=393348"},{"taxonomy":"product_tag","embeddable":true,"href":"https:\/\/bogensportdiscount.ch\/it\/wp-json\/wp\/v2\/product_tag?post=393348"}],"curies":[{"name":"wp","href":"https:\/\/api.w.org\/{rel}","templated":true}]}}