{"id":393338,"date":"2026-04-05T14:29:20","date_gmt":"2026-04-05T12:29:20","guid":{"rendered":"https:\/\/bogensportdiscount.ch\/produkt\/fivics-tab-part-saker-1-saker-2-finger-spacer\/"},"modified":"2026-04-17T19:12:29","modified_gmt":"2026-04-17T17:12:29","slug":"fivics-tab-teil-saker-1-saker-2-fingerspreizer","status":"publish","type":"product","link":"https:\/\/bogensportdiscount.ch\/it\/prodotto\/fivics-tab-teil-saker-1-saker-2-fingerspreizer\/","title":{"rendered":"PARTE SCHEDA FIVICS SAKER 1 - DISTANZIATORE DITA SAKER 2"},"content":{"rendered":"<p>Dieser Fingerspreizer ist ein Zubeh\u00f6r- bzw. Ersatzteil f\u00fcr die FIVICS Tab-Modelle Saker 1 und Saker 2. Er wird zwischen den Fingern positioniert und gew\u00e4hrleistet einen konstanten Abstand, was zu einer gleichm\u00e4ssigen Zughand-Haltung beitr\u00e4gt.<\/p>\n<p>Der Austausch oder die Erg\u00e4nzung einzelner Tab-Teile erm\u00f6glicht es, den Tab individuell anzupassen und bei Verschleiss gezielt zu ersetzen, ohne das gesamte Produkt erneuern zu m\u00fcssen.<\/p>\n<ul>\n<li>Passend f\u00fcr FIVICS Saker 1 und Saker 2<\/li>\n<li>Sorgt f\u00fcr reproduzierbaren Fingerabstand<\/li>\n<li>Einfacher Austausch bei Verschleiss<\/li>\n<li>Original FIVICS Ersatzteil<\/li>\n<\/ul>","protected":false},"excerpt":{"rendered":"<p><strong>Marchio:<\/strong> Fivics<br \/><strong>Tipo:<\/strong> Spacer<\/p>","protected":false},"featured_media":441686,"comment_status":"open","ping_status":"closed","template":"","meta":[],"product_brand":[429],"product_cat":[4252],"product_tag":[3546],"class_list":{"0":"post-393338","1":"product","2":"type-product","3":"status-publish","4":"has-post-thumbnail","6":"product_brand-fivics","7":"product_cat-einzelteile-fuer-finger-tabs","8":"product_tag-neuheit","10":"first","11":"instock","12":"shipping-taxable","13":"purchasable","14":"product-type-simple"},"_links":{"self":[{"href":"https:\/\/bogensportdiscount.ch\/it\/wp-json\/wp\/v2\/product\/393338","targetHints":{"allow":["GET"]}}],"collection":[{"href":"https:\/\/bogensportdiscount.ch\/it\/wp-json\/wp\/v2\/product"}],"about":[{"href":"https:\/\/bogensportdiscount.ch\/it\/wp-json\/wp\/v2\/types\/product"}],"replies":[{"embeddable":true,"href":"https:\/\/bogensportdiscount.ch\/it\/wp-json\/wp\/v2\/comments?post=393338"}],"wp:featuredmedia":[{"embeddable":true,"href":"https:\/\/bogensportdiscount.ch\/it\/wp-json\/wp\/v2\/media\/441686"}],"wp:attachment":[{"href":"https:\/\/bogensportdiscount.ch\/it\/wp-json\/wp\/v2\/media?parent=393338"}],"wp:term":[{"taxonomy":"product_brand","embeddable":true,"href":"https:\/\/bogensportdiscount.ch\/it\/wp-json\/wp\/v2\/product_brand?post=393338"},{"taxonomy":"product_cat","embeddable":true,"href":"https:\/\/bogensportdiscount.ch\/it\/wp-json\/wp\/v2\/product_cat?post=393338"},{"taxonomy":"product_tag","embeddable":true,"href":"https:\/\/bogensportdiscount.ch\/it\/wp-json\/wp\/v2\/product_tag?post=393338"}],"curies":[{"name":"wp","href":"https:\/\/api.w.org\/{rel}","templated":true}]}}