{"id":393333,"date":"2026-04-05T14:29:19","date_gmt":"2026-04-05T12:29:19","guid":{"rendered":"https:\/\/bogensportdiscount.ch\/produkt\/rolan-recurve-part-limb-bolt\/"},"modified":"2026-04-15T12:15:53","modified_gmt":"2026-04-15T10:15:53","slug":"rolan-recurve-wurfarm-befestigungsschraube","status":"publish","type":"product","link":"https:\/\/bogensportdiscount.ch\/it\/prodotto\/rolan-recurve-wurfarm-befestigungsschraube\/","title":{"rendered":"BULLONE DELL'ARTO PARZIALE DEL RICURVO ROLAN"},"content":{"rendered":"<p>Diese Wurfarmbefestigungsschraube (Limb Bolt) von Rolan ist ein Ersatzteil f\u00fcr Recurveb\u00f6gen und dient zur sicheren Befestigung der Wurfarme am Bogenmittelst\u00fcck.<\/p>\n<p>Limb Bolts sind sicherheitsrelevante Komponenten, die regelm\u00e4ssig auf Verschleiss \u00fcberpr\u00fcft werden sollten. Eine besch\u00e4digte oder fehlende Befestigungsschraube sollte umgehend ersetzt werden.<\/p>\n<ul>\n<li>Ersatzteil f\u00fcr Rolan Recurveb\u00f6gen<\/li>\n<li>Zur Befestigung der Wurfarme am Mittelst\u00fcck<\/li>\n<li>G\u00fcnstiges Ersatzteil f\u00fcr den schnellen Austausch<\/li>\n<\/ul>","protected":false},"excerpt":{"rendered":"<p><strong>Marchio:<\/strong> Rolan<\/p>","protected":false},"featured_media":441704,"comment_status":"open","ping_status":"closed","template":"","meta":[],"product_brand":[851],"product_cat":[4522],"product_tag":[3546],"class_list":{"0":"post-393333","1":"product","2":"type-product","3":"status-publish","4":"has-post-thumbnail","6":"product_brand-rolan","7":"product_cat-einzelteile-fuer-recurve-boegen-recurve-boegen","8":"product_tag-neuheit","10":"first","11":"instock","12":"shipping-taxable","13":"purchasable","14":"product-type-simple"},"_links":{"self":[{"href":"https:\/\/bogensportdiscount.ch\/it\/wp-json\/wp\/v2\/product\/393333","targetHints":{"allow":["GET"]}}],"collection":[{"href":"https:\/\/bogensportdiscount.ch\/it\/wp-json\/wp\/v2\/product"}],"about":[{"href":"https:\/\/bogensportdiscount.ch\/it\/wp-json\/wp\/v2\/types\/product"}],"replies":[{"embeddable":true,"href":"https:\/\/bogensportdiscount.ch\/it\/wp-json\/wp\/v2\/comments?post=393333"}],"wp:featuredmedia":[{"embeddable":true,"href":"https:\/\/bogensportdiscount.ch\/it\/wp-json\/wp\/v2\/media\/441704"}],"wp:attachment":[{"href":"https:\/\/bogensportdiscount.ch\/it\/wp-json\/wp\/v2\/media?parent=393333"}],"wp:term":[{"taxonomy":"product_brand","embeddable":true,"href":"https:\/\/bogensportdiscount.ch\/it\/wp-json\/wp\/v2\/product_brand?post=393333"},{"taxonomy":"product_cat","embeddable":true,"href":"https:\/\/bogensportdiscount.ch\/it\/wp-json\/wp\/v2\/product_cat?post=393333"},{"taxonomy":"product_tag","embeddable":true,"href":"https:\/\/bogensportdiscount.ch\/it\/wp-json\/wp\/v2\/product_tag?post=393333"}],"curies":[{"name":"wp","href":"https:\/\/api.w.org\/{rel}","templated":true}]}}