{"id":393322,"date":"2026-04-05T14:29:16","date_gmt":"2026-04-05T12:29:16","guid":{"rendered":"https:\/\/bogensportdiscount.ch\/produkt\/barnett-recruit-xp-350fps-150lbs-1x30mm-3-dot-scope-compound-crossbow-set\/"},"modified":"2026-04-19T11:42:37","modified_gmt":"2026-04-19T09:42:37","slug":"barnett-compound-armbrust-recruit-xp-350fps-150lbs-set-1x30mm-3-dot-zielfernrohr","status":"publish","type":"product","link":"https:\/\/bogensportdiscount.ch\/it\/prodotto\/barnett-compound-armbrust-recruit-xp-350fps-150lbs-set-1x30mm-3-dot-zielfernrohr\/","title":{"rendered":"BARNETT RECRUIT XP 350fps 150LBS 1x30mm 3 DOT ZIELFERNROHR COMPOUND ARMBRUST SET"},"content":{"rendered":"<p>Die BARNETT Recruit XP ist eine leistungsstarke Compound-Armbrust, die mit einer Schussgeschwindigkeit von bis zu 350 fps und einem Zuggewicht von 150 lbs f\u00fcr hohe Durchschlagskraft sorgt. Das kompakte Design macht sie f\u00fcr Einsteiger und erfahrene Bogensch\u00fctzen gleichermassen geeignet.<\/p>\n<p>Das enthaltene 1x30mm Zielfernrohr mit 3-Dot-Absehen erm\u00f6glicht eine schnelle Zielerfassung und unterst\u00fctzt pr\u00e4zises Schiessen auf verschiedene Distanzen. Als vollst\u00e4ndiges Set bietet die Recruit XP alles, was f\u00fcr den direkten Einsatz ben\u00f6tigt wird.<\/p>\n<ul>\n<li>Schussgeschwindigkeit: 350 fps<\/li>\n<li>Zuggewicht: 150 lbs<\/li>\n<li>Inkl. 1x30mm Zielfernrohr mit 3-Dot-Absehen<\/li>\n<li>Compound-Armbrusttyp f\u00fcr effiziente Energie\u00fcbertragung<\/li>\n<\/ul>","protected":false},"excerpt":{"rendered":"<p><strong>Marchio:<\/strong> Barnett<br \/><strong>Peso di trazione (Lbs):<\/strong> 150<br \/><strong>Colore:<\/strong> Nero<br \/><strong>FPS:<\/strong> 350<br \/><strong>GTIN:<\/strong> 042609781843<\/p>","protected":false},"featured_media":513074,"comment_status":"open","ping_status":"closed","template":"","meta":[],"product_brand":[421],"product_cat":[4162],"product_tag":[3546],"class_list":{"0":"post-393322","1":"product","2":"type-product","3":"status-publish","4":"has-post-thumbnail","6":"product_brand-barnett","7":"product_cat-compound-armbrueste-armbueste","8":"product_tag-neuheit","10":"first","11":"instock","12":"shipping-taxable","13":"purchasable","14":"product-type-simple"},"yoast_head":"<!-- This site is optimized with the Yoast SEO plugin v27.4 - https:\/\/yoast.com\/product\/yoast-seo-wordpress\/ -->\n<title>BARNETT RECRUIT XP 350fps 150LBS 1x30mm 3 DOT ZIELFERNROHR COMPOUND ARMBRUST SET - Bogensportdiscount \u2013 B\u00f6gen, Pfeile, Targets &amp; Zubeh\u00f6r<\/title>\n<meta name=\"robots\" content=\"noindex, follow, max-snippet:-1, max-image-preview:large, max-video-preview:-1\" \/>\n<meta property=\"og:locale\" content=\"it_IT\" \/>\n<meta property=\"og:type\" content=\"article\" \/>\n<meta property=\"og:title\" content=\"BARNETT RECRUIT XP 350fps 150LBS 1x30mm 3 DOT ZIELFERNROHR COMPOUND ARMBRUST SET - Bogensportdiscount \u2013 B\u00f6gen, Pfeile, Targets &amp; Zubeh\u00f6r\" \/>\n<meta property=\"og:description\" content=\"Marke: BarnettZuggewicht (Lbs): 150Farbe: SchwarzFPS: 350GTIN: 042609781843\" \/>\n<meta property=\"og:url\" content=\"https:\/\/bogensportdiscount.ch\/it\/prodotto\/barnett-compound-armbrust-recruit-xp-350fps-150lbs-set-1x30mm-3-dot-zielfernrohr\/\" \/>\n<meta property=\"og:site_name\" content=\"Bogensportdiscount \u2013 B\u00f6gen, Pfeile, Targets &amp; Zubeh\u00f6r\" \/>\n<meta property=\"article:modified_time\" content=\"2026-04-19T09:42:37+00:00\" \/>\n<meta property=\"og:image\" content=\"https:\/\/bogensportdiscount.ch\/wp-content\/uploads\/bsm-images\/A069439_1.png\" \/>\n\t<meta property=\"og:image:width\" content=\"1361\" \/>\n\t<meta property=\"og:image:height\" content=\"1361\" \/>\n\t<meta property=\"og:image:type\" content=\"image\/png\" \/>\n<meta name=\"twitter:card\" content=\"summary_large_image\" \/>\n<script type=\"application\/ld+json\" class=\"yoast-schema-graph\">{\"@context\":\"https:\\\/\\\/schema.org\",\"@graph\":[{\"@type\":\"WebPage\",\"@id\":\"https:\\\/\\\/bogensportdiscount.ch\\\/it\\\/prodotto\\\/barnett-compound-armbrust-recruit-xp-350fps-150lbs-set-1x30mm-3-dot-zielfernrohr\\\/\",\"url\":\"https:\\\/\\\/bogensportdiscount.ch\\\/it\\\/prodotto\\\/barnett-compound-armbrust-recruit-xp-350fps-150lbs-set-1x30mm-3-dot-zielfernrohr\\\/\",\"name\":\"BARNETT RECRUIT XP 350fps 150LBS 1x30mm 3 DOT ZIELFERNROHR COMPOUND ARMBRUST SET - Bogensportdiscount \u2013 B\u00f6gen, Pfeile, Targets &amp; Zubeh\u00f6r\",\"isPartOf\":{\"@id\":\"https:\\\/\\\/bogensportdiscount.ch\\\/#website\"},\"primaryImageOfPage\":{\"@id\":\"https:\\\/\\\/bogensportdiscount.ch\\\/it\\\/prodotto\\\/barnett-compound-armbrust-recruit-xp-350fps-150lbs-set-1x30mm-3-dot-zielfernrohr\\\/#primaryimage\"},\"image\":{\"@id\":\"https:\\\/\\\/bogensportdiscount.ch\\\/it\\\/prodotto\\\/barnett-compound-armbrust-recruit-xp-350fps-150lbs-set-1x30mm-3-dot-zielfernrohr\\\/#primaryimage\"},\"thumbnailUrl\":\"https:\\\/\\\/bogensportdiscount.ch\\\/wp-content\\\/uploads\\\/bsm-images\\\/A069439_1.png\",\"datePublished\":\"2026-04-05T12:29:16+00:00\",\"dateModified\":\"2026-04-19T09:42:37+00:00\",\"breadcrumb\":{\"@id\":\"https:\\\/\\\/bogensportdiscount.ch\\\/it\\\/prodotto\\\/barnett-compound-armbrust-recruit-xp-350fps-150lbs-set-1x30mm-3-dot-zielfernrohr\\\/#breadcrumb\"},\"inLanguage\":\"it-IT\",\"potentialAction\":[{\"@type\":\"ReadAction\",\"target\":[\"https:\\\/\\\/bogensportdiscount.ch\\\/it\\\/prodotto\\\/barnett-compound-armbrust-recruit-xp-350fps-150lbs-set-1x30mm-3-dot-zielfernrohr\\\/\"]}]},{\"@type\":\"ImageObject\",\"inLanguage\":\"it-IT\",\"@id\":\"https:\\\/\\\/bogensportdiscount.ch\\\/it\\\/prodotto\\\/barnett-compound-armbrust-recruit-xp-350fps-150lbs-set-1x30mm-3-dot-zielfernrohr\\\/#primaryimage\",\"url\":\"https:\\\/\\\/bogensportdiscount.ch\\\/wp-content\\\/uploads\\\/bsm-images\\\/A069439_1.png\",\"contentUrl\":\"https:\\\/\\\/bogensportdiscount.ch\\\/wp-content\\\/uploads\\\/bsm-images\\\/A069439_1.png\",\"width\":1361,\"height\":1361},{\"@type\":\"BreadcrumbList\",\"@id\":\"https:\\\/\\\/bogensportdiscount.ch\\\/it\\\/prodotto\\\/barnett-compound-armbrust-recruit-xp-350fps-150lbs-set-1x30mm-3-dot-zielfernrohr\\\/#breadcrumb\",\"itemListElement\":[{\"@type\":\"ListItem\",\"position\":1,\"name\":\"Home\",\"item\":\"https:\\\/\\\/bogensportdiscount.ch\\\/\"},{\"@type\":\"ListItem\",\"position\":2,\"name\":\"Shop\",\"item\":\"https:\\\/\\\/bogensportdiscount.ch\\\/shop\\\/\"},{\"@type\":\"ListItem\",\"position\":3,\"name\":\"BARNETT RECRUIT XP 350fps 150LBS 1x30mm 3 DOT ZIELFERNROHR COMPOUND ARMBRUST SET\"}]},{\"@type\":\"WebSite\",\"@id\":\"https:\\\/\\\/bogensportdiscount.ch\\\/#website\",\"url\":\"https:\\\/\\\/bogensportdiscount.ch\\\/\",\"name\":\"Bogensportdiscount\",\"description\":\"\",\"potentialAction\":[{\"@type\":\"SearchAction\",\"target\":{\"@type\":\"EntryPoint\",\"urlTemplate\":\"https:\\\/\\\/bogensportdiscount.ch\\\/?s={search_term_string}\"},\"query-input\":{\"@type\":\"PropertyValueSpecification\",\"valueRequired\":true,\"valueName\":\"search_term_string\"}}],\"inLanguage\":\"it-IT\"}]}<\/script>\n<!-- \/ Yoast SEO plugin. -->","yoast_head_json":{"title":"BARNETT RECRUIT XP 350fps 150LBS 1x30mm 3 DOT ZIELFERNROHR COMPOUND ARMBRUST SET - Bogensportdiscount \u2013 B\u00f6gen, Pfeile, Targets &amp; Zubeh\u00f6r","robots":{"index":"noindex","follow":"follow","max-snippet":"max-snippet:-1","max-image-preview":"max-image-preview:large","max-video-preview":"max-video-preview:-1"},"og_locale":"it_IT","og_type":"article","og_title":"BARNETT RECRUIT XP 350fps 150LBS 1x30mm 3 DOT ZIELFERNROHR COMPOUND ARMBRUST SET - Bogensportdiscount \u2013 B\u00f6gen, Pfeile, Targets &amp; Zubeh\u00f6r","og_description":"Marke: BarnettZuggewicht (Lbs): 150Farbe: SchwarzFPS: 350GTIN: 042609781843","og_url":"https:\/\/bogensportdiscount.ch\/it\/prodotto\/barnett-compound-armbrust-recruit-xp-350fps-150lbs-set-1x30mm-3-dot-zielfernrohr\/","og_site_name":"Bogensportdiscount \u2013 B\u00f6gen, Pfeile, Targets &amp; Zubeh\u00f6r","article_modified_time":"2026-04-19T09:42:37+00:00","og_image":[{"width":1361,"height":1361,"url":"https:\/\/bogensportdiscount.ch\/wp-content\/uploads\/bsm-images\/A069439_1.png","type":"image\/png"}],"twitter_card":"summary_large_image","schema":{"@context":"https:\/\/schema.org","@graph":[{"@type":"WebPage","@id":"https:\/\/bogensportdiscount.ch\/it\/prodotto\/barnett-compound-armbrust-recruit-xp-350fps-150lbs-set-1x30mm-3-dot-zielfernrohr\/","url":"https:\/\/bogensportdiscount.ch\/it\/prodotto\/barnett-compound-armbrust-recruit-xp-350fps-150lbs-set-1x30mm-3-dot-zielfernrohr\/","name":"BARNETT RECRUIT XP 350fps 150LBS 1x30mm 3 DOT ZIELFERNROHR COMPOUND ARMBRUST SET - Bogensportdiscount \u2013 B\u00f6gen, Pfeile, Targets &amp; Zubeh\u00f6r","isPartOf":{"@id":"https:\/\/bogensportdiscount.ch\/#website"},"primaryImageOfPage":{"@id":"https:\/\/bogensportdiscount.ch\/it\/prodotto\/barnett-compound-armbrust-recruit-xp-350fps-150lbs-set-1x30mm-3-dot-zielfernrohr\/#primaryimage"},"image":{"@id":"https:\/\/bogensportdiscount.ch\/it\/prodotto\/barnett-compound-armbrust-recruit-xp-350fps-150lbs-set-1x30mm-3-dot-zielfernrohr\/#primaryimage"},"thumbnailUrl":"https:\/\/bogensportdiscount.ch\/wp-content\/uploads\/bsm-images\/A069439_1.png","datePublished":"2026-04-05T12:29:16+00:00","dateModified":"2026-04-19T09:42:37+00:00","breadcrumb":{"@id":"https:\/\/bogensportdiscount.ch\/it\/prodotto\/barnett-compound-armbrust-recruit-xp-350fps-150lbs-set-1x30mm-3-dot-zielfernrohr\/#breadcrumb"},"inLanguage":"it-IT","potentialAction":[{"@type":"ReadAction","target":["https:\/\/bogensportdiscount.ch\/it\/prodotto\/barnett-compound-armbrust-recruit-xp-350fps-150lbs-set-1x30mm-3-dot-zielfernrohr\/"]}]},{"@type":"ImageObject","inLanguage":"it-IT","@id":"https:\/\/bogensportdiscount.ch\/it\/prodotto\/barnett-compound-armbrust-recruit-xp-350fps-150lbs-set-1x30mm-3-dot-zielfernrohr\/#primaryimage","url":"https:\/\/bogensportdiscount.ch\/wp-content\/uploads\/bsm-images\/A069439_1.png","contentUrl":"https:\/\/bogensportdiscount.ch\/wp-content\/uploads\/bsm-images\/A069439_1.png","width":1361,"height":1361},{"@type":"BreadcrumbList","@id":"https:\/\/bogensportdiscount.ch\/it\/prodotto\/barnett-compound-armbrust-recruit-xp-350fps-150lbs-set-1x30mm-3-dot-zielfernrohr\/#breadcrumb","itemListElement":[{"@type":"ListItem","position":1,"name":"Home","item":"https:\/\/bogensportdiscount.ch\/"},{"@type":"ListItem","position":2,"name":"Shop","item":"https:\/\/bogensportdiscount.ch\/shop\/"},{"@type":"ListItem","position":3,"name":"BARNETT RECRUIT XP 350fps 150LBS 1x30mm 3 DOT ZIELFERNROHR COMPOUND ARMBRUST SET"}]},{"@type":"WebSite","@id":"https:\/\/bogensportdiscount.ch\/#website","url":"https:\/\/bogensportdiscount.ch\/","name":"Bogensportdiscount","description":"","potentialAction":[{"@type":"SearchAction","target":{"@type":"EntryPoint","urlTemplate":"https:\/\/bogensportdiscount.ch\/?s={search_term_string}"},"query-input":{"@type":"PropertyValueSpecification","valueRequired":true,"valueName":"search_term_string"}}],"inLanguage":"it-IT"}]}},"_links":{"self":[{"href":"https:\/\/bogensportdiscount.ch\/it\/wp-json\/wp\/v2\/product\/393322","targetHints":{"allow":["GET"]}}],"collection":[{"href":"https:\/\/bogensportdiscount.ch\/it\/wp-json\/wp\/v2\/product"}],"about":[{"href":"https:\/\/bogensportdiscount.ch\/it\/wp-json\/wp\/v2\/types\/product"}],"replies":[{"embeddable":true,"href":"https:\/\/bogensportdiscount.ch\/it\/wp-json\/wp\/v2\/comments?post=393322"}],"wp:featuredmedia":[{"embeddable":true,"href":"https:\/\/bogensportdiscount.ch\/it\/wp-json\/wp\/v2\/media\/513074"}],"wp:attachment":[{"href":"https:\/\/bogensportdiscount.ch\/it\/wp-json\/wp\/v2\/media?parent=393322"}],"wp:term":[{"taxonomy":"product_brand","embeddable":true,"href":"https:\/\/bogensportdiscount.ch\/it\/wp-json\/wp\/v2\/product_brand?post=393322"},{"taxonomy":"product_cat","embeddable":true,"href":"https:\/\/bogensportdiscount.ch\/it\/wp-json\/wp\/v2\/product_cat?post=393322"},{"taxonomy":"product_tag","embeddable":true,"href":"https:\/\/bogensportdiscount.ch\/it\/wp-json\/wp\/v2\/product_tag?post=393322"}],"curies":[{"name":"wp","href":"https:\/\/api.w.org\/{rel}","templated":true}]}}