{"id":393296,"date":"2026-04-05T14:29:10","date_gmt":"2026-04-05T12:29:10","guid":{"rendered":"https:\/\/bogensportdiscount.ch\/produkt\/cold-steel-knives-folding-talwar-folder-4-blade-black-handle-g-10\/"},"modified":"2026-04-19T11:42:36","modified_gmt":"2026-04-19T09:42:36","slug":"cold-steel-klappmesser-folding-talwar-4-zoll-klinge-schwarz-g10","status":"publish","type":"product","link":"https:\/\/bogensportdiscount.ch\/it\/prodotto\/cold-steel-klappmesser-folding-talwar-4-zoll-klinge-schwarz-g10\/","title":{"rendered":"COLD STEEL MESSER KLAPPMESSER TALWAR FOLDER 4&#8243; KLINGE &#8211; SCHWARZER GRIFF G-10"},"content":{"rendered":"<p>Il Cold Steel Folding Talwar \u00e8 un coltello tattico pieghevole ispirato al classico design del Talwar. La lama da 4 pollici offre un&#x27;ottima capacit\u00e0 di taglio per diverse attivit\u00e0 all&#x27;aperto e di caccia.<\/p>\n<p>L&#x27;impugnatura in laminato di fibra di vetro G-10 \u00e8 nota per la sua elevata resistenza, il basso assorbimento di umidit\u00e0 e l&#x27;ottima presa anche in condizioni di bagnato. La versione nera garantisce un look discreto.<\/p>\n<ul>\n<li>Lama da 4 pollici per un utilizzo versatile<\/li>\n<li>Materiale dell&#x27;impugnatura G-10 per garantire stabilit\u00e0 e presa sicura<\/li>\n<li>Struttura a serramanico per un trasporto sicuro<\/li>\n<li>Adatto per l&#x27;uso all&#x27;aperto, la caccia e le attivit\u00e0 quotidiane<\/li>\n<\/ul>","protected":false},"excerpt":{"rendered":"<p><strong>Marchio:<\/strong> Cold Steel<br \/><strong>Lunghezza (cm):<\/strong> 20,01-25<br \/><strong>Blade shape:<\/strong> Straight Back<br \/><strong>GTIN:<\/strong> 888151045480<\/p>","protected":false},"featured_media":513127,"comment_status":"open","ping_status":"closed","template":"","meta":[],"product_brand":[491],"product_cat":[4352],"product_tag":[3546],"class_list":{"0":"post-393296","1":"product","2":"type-product","3":"status-publish","4":"has-post-thumbnail","6":"product_brand-coldsteel","7":"product_cat-klappbare-klinge","8":"product_tag-neuheit","10":"first","11":"instock","12":"shipping-taxable","13":"purchasable","14":"product-type-simple"},"yoast_head":"<!-- This site is optimized with the Yoast SEO plugin v27.4 - https:\/\/yoast.com\/product\/yoast-seo-wordpress\/ -->\n<title>COLD STEEL MESSER KLAPPMESSER TALWAR FOLDER 4&quot; KLINGE - SCHWARZER GRIFF G-10 - Bogensportdiscount \u2013 B\u00f6gen, Pfeile, Targets &amp; Zubeh\u00f6r<\/title>\n<meta name=\"robots\" content=\"noindex, follow, max-snippet:-1, max-image-preview:large, max-video-preview:-1\" \/>\n<meta property=\"og:locale\" content=\"it_IT\" \/>\n<meta property=\"og:type\" content=\"article\" \/>\n<meta property=\"og:title\" content=\"COLD STEEL MESSER KLAPPMESSER TALWAR FOLDER 4&quot; KLINGE - SCHWARZER GRIFF G-10 - Bogensportdiscount \u2013 B\u00f6gen, Pfeile, Targets &amp; Zubeh\u00f6r\" \/>\n<meta property=\"og:description\" content=\"Marke: Cold SteelL\u00e4nge (cm): 20,01-25Blade shape: Straight BackGTIN: 888151045480\" \/>\n<meta property=\"og:url\" content=\"https:\/\/bogensportdiscount.ch\/it\/prodotto\/cold-steel-klappmesser-folding-talwar-4-zoll-klinge-schwarz-g10\/\" \/>\n<meta property=\"og:site_name\" content=\"Bogensportdiscount \u2013 B\u00f6gen, Pfeile, Targets &amp; Zubeh\u00f6r\" \/>\n<meta property=\"article:modified_time\" content=\"2026-04-19T09:42:36+00:00\" \/>\n<meta property=\"og:image\" content=\"https:\/\/bogensportdiscount.ch\/wp-content\/uploads\/bsm-images\/A068879_1.jpg\" \/>\n\t<meta property=\"og:image:width\" content=\"1280\" \/>\n\t<meta property=\"og:image:height\" content=\"1280\" \/>\n\t<meta property=\"og:image:type\" content=\"image\/jpeg\" \/>\n<meta name=\"twitter:card\" content=\"summary_large_image\" \/>\n<script type=\"application\/ld+json\" class=\"yoast-schema-graph\">{\"@context\":\"https:\\\/\\\/schema.org\",\"@graph\":[{\"@type\":\"WebPage\",\"@id\":\"https:\\\/\\\/bogensportdiscount.ch\\\/it\\\/prodotto\\\/cold-steel-klappmesser-folding-talwar-4-zoll-klinge-schwarz-g10\\\/\",\"url\":\"https:\\\/\\\/bogensportdiscount.ch\\\/it\\\/prodotto\\\/cold-steel-klappmesser-folding-talwar-4-zoll-klinge-schwarz-g10\\\/\",\"name\":\"COLD STEEL MESSER KLAPPMESSER TALWAR FOLDER 4\\\" KLINGE - SCHWARZER GRIFF G-10 - Bogensportdiscount \u2013 B\u00f6gen, Pfeile, Targets &amp; Zubeh\u00f6r\",\"isPartOf\":{\"@id\":\"https:\\\/\\\/bogensportdiscount.ch\\\/#website\"},\"primaryImageOfPage\":{\"@id\":\"https:\\\/\\\/bogensportdiscount.ch\\\/it\\\/prodotto\\\/cold-steel-klappmesser-folding-talwar-4-zoll-klinge-schwarz-g10\\\/#primaryimage\"},\"image\":{\"@id\":\"https:\\\/\\\/bogensportdiscount.ch\\\/it\\\/prodotto\\\/cold-steel-klappmesser-folding-talwar-4-zoll-klinge-schwarz-g10\\\/#primaryimage\"},\"thumbnailUrl\":\"https:\\\/\\\/bogensportdiscount.ch\\\/wp-content\\\/uploads\\\/bsm-images\\\/A068879_1.jpg\",\"datePublished\":\"2026-04-05T12:29:10+00:00\",\"dateModified\":\"2026-04-19T09:42:36+00:00\",\"breadcrumb\":{\"@id\":\"https:\\\/\\\/bogensportdiscount.ch\\\/it\\\/prodotto\\\/cold-steel-klappmesser-folding-talwar-4-zoll-klinge-schwarz-g10\\\/#breadcrumb\"},\"inLanguage\":\"it-IT\",\"potentialAction\":[{\"@type\":\"ReadAction\",\"target\":[\"https:\\\/\\\/bogensportdiscount.ch\\\/it\\\/prodotto\\\/cold-steel-klappmesser-folding-talwar-4-zoll-klinge-schwarz-g10\\\/\"]}]},{\"@type\":\"ImageObject\",\"inLanguage\":\"it-IT\",\"@id\":\"https:\\\/\\\/bogensportdiscount.ch\\\/it\\\/prodotto\\\/cold-steel-klappmesser-folding-talwar-4-zoll-klinge-schwarz-g10\\\/#primaryimage\",\"url\":\"https:\\\/\\\/bogensportdiscount.ch\\\/wp-content\\\/uploads\\\/bsm-images\\\/A068879_1.jpg\",\"contentUrl\":\"https:\\\/\\\/bogensportdiscount.ch\\\/wp-content\\\/uploads\\\/bsm-images\\\/A068879_1.jpg\",\"width\":1280,\"height\":1280},{\"@type\":\"BreadcrumbList\",\"@id\":\"https:\\\/\\\/bogensportdiscount.ch\\\/it\\\/prodotto\\\/cold-steel-klappmesser-folding-talwar-4-zoll-klinge-schwarz-g10\\\/#breadcrumb\",\"itemListElement\":[{\"@type\":\"ListItem\",\"position\":1,\"name\":\"Home\",\"item\":\"https:\\\/\\\/bogensportdiscount.ch\\\/\"},{\"@type\":\"ListItem\",\"position\":2,\"name\":\"Shop\",\"item\":\"https:\\\/\\\/bogensportdiscount.ch\\\/shop\\\/\"},{\"@type\":\"ListItem\",\"position\":3,\"name\":\"COLD STEEL MESSER KLAPPMESSER TALWAR FOLDER 4&#8243; KLINGE &#8211; SCHWARZER GRIFF G-10\"}]},{\"@type\":\"WebSite\",\"@id\":\"https:\\\/\\\/bogensportdiscount.ch\\\/#website\",\"url\":\"https:\\\/\\\/bogensportdiscount.ch\\\/\",\"name\":\"Bogensportdiscount\",\"description\":\"\",\"potentialAction\":[{\"@type\":\"SearchAction\",\"target\":{\"@type\":\"EntryPoint\",\"urlTemplate\":\"https:\\\/\\\/bogensportdiscount.ch\\\/?s={search_term_string}\"},\"query-input\":{\"@type\":\"PropertyValueSpecification\",\"valueRequired\":true,\"valueName\":\"search_term_string\"}}],\"inLanguage\":\"it-IT\"}]}<\/script>\n<!-- \/ Yoast SEO plugin. -->","yoast_head_json":{"title":"COLD STEEL MESSER KLAPPMESSER TALWAR FOLDER 4\" KLINGE - SCHWARZER GRIFF G-10 - Bogensportdiscount \u2013 B\u00f6gen, Pfeile, Targets &amp; Zubeh\u00f6r","robots":{"index":"noindex","follow":"follow","max-snippet":"max-snippet:-1","max-image-preview":"max-image-preview:large","max-video-preview":"max-video-preview:-1"},"og_locale":"it_IT","og_type":"article","og_title":"COLD STEEL MESSER KLAPPMESSER TALWAR FOLDER 4\" KLINGE - SCHWARZER GRIFF G-10 - Bogensportdiscount \u2013 B\u00f6gen, Pfeile, Targets &amp; Zubeh\u00f6r","og_description":"Marke: Cold SteelL\u00e4nge (cm): 20,01-25Blade shape: Straight BackGTIN: 888151045480","og_url":"https:\/\/bogensportdiscount.ch\/it\/prodotto\/cold-steel-klappmesser-folding-talwar-4-zoll-klinge-schwarz-g10\/","og_site_name":"Bogensportdiscount \u2013 B\u00f6gen, Pfeile, Targets &amp; Zubeh\u00f6r","article_modified_time":"2026-04-19T09:42:36+00:00","og_image":[{"width":1280,"height":1280,"url":"https:\/\/bogensportdiscount.ch\/wp-content\/uploads\/bsm-images\/A068879_1.jpg","type":"image\/jpeg"}],"twitter_card":"summary_large_image","schema":{"@context":"https:\/\/schema.org","@graph":[{"@type":"WebPage","@id":"https:\/\/bogensportdiscount.ch\/it\/prodotto\/cold-steel-klappmesser-folding-talwar-4-zoll-klinge-schwarz-g10\/","url":"https:\/\/bogensportdiscount.ch\/it\/prodotto\/cold-steel-klappmesser-folding-talwar-4-zoll-klinge-schwarz-g10\/","name":"COLD STEEL MESSER KLAPPMESSER TALWAR FOLDER 4\" KLINGE - SCHWARZER GRIFF G-10 - Bogensportdiscount \u2013 B\u00f6gen, Pfeile, Targets &amp; Zubeh\u00f6r","isPartOf":{"@id":"https:\/\/bogensportdiscount.ch\/#website"},"primaryImageOfPage":{"@id":"https:\/\/bogensportdiscount.ch\/it\/prodotto\/cold-steel-klappmesser-folding-talwar-4-zoll-klinge-schwarz-g10\/#primaryimage"},"image":{"@id":"https:\/\/bogensportdiscount.ch\/it\/prodotto\/cold-steel-klappmesser-folding-talwar-4-zoll-klinge-schwarz-g10\/#primaryimage"},"thumbnailUrl":"https:\/\/bogensportdiscount.ch\/wp-content\/uploads\/bsm-images\/A068879_1.jpg","datePublished":"2026-04-05T12:29:10+00:00","dateModified":"2026-04-19T09:42:36+00:00","breadcrumb":{"@id":"https:\/\/bogensportdiscount.ch\/it\/prodotto\/cold-steel-klappmesser-folding-talwar-4-zoll-klinge-schwarz-g10\/#breadcrumb"},"inLanguage":"it-IT","potentialAction":[{"@type":"ReadAction","target":["https:\/\/bogensportdiscount.ch\/it\/prodotto\/cold-steel-klappmesser-folding-talwar-4-zoll-klinge-schwarz-g10\/"]}]},{"@type":"ImageObject","inLanguage":"it-IT","@id":"https:\/\/bogensportdiscount.ch\/it\/prodotto\/cold-steel-klappmesser-folding-talwar-4-zoll-klinge-schwarz-g10\/#primaryimage","url":"https:\/\/bogensportdiscount.ch\/wp-content\/uploads\/bsm-images\/A068879_1.jpg","contentUrl":"https:\/\/bogensportdiscount.ch\/wp-content\/uploads\/bsm-images\/A068879_1.jpg","width":1280,"height":1280},{"@type":"BreadcrumbList","@id":"https:\/\/bogensportdiscount.ch\/it\/prodotto\/cold-steel-klappmesser-folding-talwar-4-zoll-klinge-schwarz-g10\/#breadcrumb","itemListElement":[{"@type":"ListItem","position":1,"name":"Home","item":"https:\/\/bogensportdiscount.ch\/"},{"@type":"ListItem","position":2,"name":"Shop","item":"https:\/\/bogensportdiscount.ch\/shop\/"},{"@type":"ListItem","position":3,"name":"COLD STEEL MESSER KLAPPMESSER TALWAR FOLDER 4&#8243; KLINGE &#8211; SCHWARZER GRIFF G-10"}]},{"@type":"WebSite","@id":"https:\/\/bogensportdiscount.ch\/#website","url":"https:\/\/bogensportdiscount.ch\/","name":"Bogensportdiscount","description":"","potentialAction":[{"@type":"SearchAction","target":{"@type":"EntryPoint","urlTemplate":"https:\/\/bogensportdiscount.ch\/?s={search_term_string}"},"query-input":{"@type":"PropertyValueSpecification","valueRequired":true,"valueName":"search_term_string"}}],"inLanguage":"it-IT"}]}},"_links":{"self":[{"href":"https:\/\/bogensportdiscount.ch\/it\/wp-json\/wp\/v2\/product\/393296","targetHints":{"allow":["GET"]}}],"collection":[{"href":"https:\/\/bogensportdiscount.ch\/it\/wp-json\/wp\/v2\/product"}],"about":[{"href":"https:\/\/bogensportdiscount.ch\/it\/wp-json\/wp\/v2\/types\/product"}],"replies":[{"embeddable":true,"href":"https:\/\/bogensportdiscount.ch\/it\/wp-json\/wp\/v2\/comments?post=393296"}],"wp:featuredmedia":[{"embeddable":true,"href":"https:\/\/bogensportdiscount.ch\/it\/wp-json\/wp\/v2\/media\/513127"}],"wp:attachment":[{"href":"https:\/\/bogensportdiscount.ch\/it\/wp-json\/wp\/v2\/media?parent=393296"}],"wp:term":[{"taxonomy":"product_brand","embeddable":true,"href":"https:\/\/bogensportdiscount.ch\/it\/wp-json\/wp\/v2\/product_brand?post=393296"},{"taxonomy":"product_cat","embeddable":true,"href":"https:\/\/bogensportdiscount.ch\/it\/wp-json\/wp\/v2\/product_cat?post=393296"},{"taxonomy":"product_tag","embeddable":true,"href":"https:\/\/bogensportdiscount.ch\/it\/wp-json\/wp\/v2\/product_tag?post=393296"}],"curies":[{"name":"wp","href":"https:\/\/api.w.org\/{rel}","templated":true}]}}