{"id":393277,"date":"2026-04-05T14:29:06","date_gmt":"2026-04-05T12:29:06","guid":{"rendered":"https:\/\/bogensportdiscount.ch\/produkt\/last-chance-revolution-vise-stabilizer-head-only\/"},"modified":"2026-04-15T12:15:51","modified_gmt":"2026-04-15T10:15:51","slug":"lastchance-revolution-vise-stabilizer-head-only","status":"publish","type":"product","link":"https:\/\/bogensportdiscount.ch\/it\/prodotto\/lastchance-revolution-vise-stabilizer-head-only\/","title":{"rendered":"ULTIMA OCCASIONE REVOLUTION MORSA STABILIZZATRICE SOLO TESTA"},"content":{"rendered":"<p>Der Last Chance Revolution Vise Stabilizer Head wird als eigenst\u00e4ndiger Kopf ohne weiteres Zubeh\u00f6r geliefert. Er ist als Erg\u00e4nzung oder Ersatzteil f\u00fcr den Revolution Bow Vise konzipiert und erm\u00f6glicht die Befestigung eines Stabilisators am Bogenschraubstock.<\/p>\n<p>Bow Vises werden im Tuning und bei der Einstellung von B\u00f6gen eingesetzt, um den Bogen sicher und stabil zu fixieren. Der Stabilisatorkopf erweitert die Funktionalit\u00e4t des Revolution Vise f\u00fcr pr\u00e4zise Arbeiten am Bogen.<\/p>\n<ul>\n<li>Kompatibel mit dem Last Chance Revolution Bow Vise<\/li>\n<li>Nur Stabilisatorkopf (Head Only) \u2013 kein weiteres Zubeh\u00f6r enthalten<\/li>\n<li>Prodotto negli Stati Uniti<\/li>\n<\/ul>","protected":false},"excerpt":{"rendered":"<p>Der Last Chance Revolution Vise Stabilizer Head ist der Stabilisatorkopf f\u00fcr die Revolution Bogenschraubstockhalterung. Das Ersatz- bzw. Einzelteil erm\u00f6glicht den Einsatz mit kompatiblen Vise-Systemen und ist in den USA gefertigt.<\/p>","protected":false},"featured_media":441728,"comment_status":"open","ping_status":"closed","template":"","meta":[],"product_brand":[499],"product_cat":[4335],"product_tag":[3546],"class_list":{"0":"post-393277","1":"product","2":"type-product","3":"status-publish","4":"has-post-thumbnail","6":"product_brand-lastchance","7":"product_cat-bow-vises","8":"product_tag-neuheit","10":"first","11":"instock","12":"shipping-taxable","13":"purchasable","14":"product-type-simple"},"_links":{"self":[{"href":"https:\/\/bogensportdiscount.ch\/it\/wp-json\/wp\/v2\/product\/393277","targetHints":{"allow":["GET"]}}],"collection":[{"href":"https:\/\/bogensportdiscount.ch\/it\/wp-json\/wp\/v2\/product"}],"about":[{"href":"https:\/\/bogensportdiscount.ch\/it\/wp-json\/wp\/v2\/types\/product"}],"replies":[{"embeddable":true,"href":"https:\/\/bogensportdiscount.ch\/it\/wp-json\/wp\/v2\/comments?post=393277"}],"wp:featuredmedia":[{"embeddable":true,"href":"https:\/\/bogensportdiscount.ch\/it\/wp-json\/wp\/v2\/media\/441728"}],"wp:attachment":[{"href":"https:\/\/bogensportdiscount.ch\/it\/wp-json\/wp\/v2\/media?parent=393277"}],"wp:term":[{"taxonomy":"product_brand","embeddable":true,"href":"https:\/\/bogensportdiscount.ch\/it\/wp-json\/wp\/v2\/product_brand?post=393277"},{"taxonomy":"product_cat","embeddable":true,"href":"https:\/\/bogensportdiscount.ch\/it\/wp-json\/wp\/v2\/product_cat?post=393277"},{"taxonomy":"product_tag","embeddable":true,"href":"https:\/\/bogensportdiscount.ch\/it\/wp-json\/wp\/v2\/product_tag?post=393277"}],"curies":[{"name":"wp","href":"https:\/\/api.w.org\/{rel}","templated":true}]}}