{"id":393275,"date":"2026-04-05T14:29:06","date_gmt":"2026-04-05T12:29:06","guid":{"rendered":"https:\/\/bogensportdiscount.ch\/produkt\/last-chance-revolution-vise-ultimate-kit\/"},"modified":"2026-04-15T12:15:51","modified_gmt":"2026-04-15T10:15:51","slug":"last-chance-revolution-vise-ultimate-kit","status":"publish","type":"product","link":"https:\/\/bogensportdiscount.ch\/it\/produkt\/last-chance-revolution-vise-ultimate-kit\/","title":{"rendered":"LAST CHANCE REVOLUTION VISE &#8211; ULTIMATE KIT"},"content":{"rendered":"<p>Der Last Chance Revolution Vise ist ein Bow Vise \u2013 ein Werkzeug zum sicheren Einspannen des Bogens w\u00e4hrend Einstellungs- und Tuningarbeiten. Das Ultimate Kit beinhaltet den vollst\u00e4ndigen Zubeh\u00f6rumfang und erm\u00f6glicht damit eine breite Einsatzm\u00f6glichkeit f\u00fcr verschiedene Bogentypen und Tuning-Situationen.<\/p>\n<p>Das Revolution Vise h\u00e4lt den Bogen stabil und vibrationsfrei in Position, sodass Sehne, Nockenpoint, Pfeilfenster, Visier und weitere Komponenten pr\u00e4zise eingestellt werden k\u00f6nnen. Dank des Ultimate Kits sind alle notwendigen Adapter und Erweiterungen direkt enthalten.<\/p>\n<ul>\n<li>Professioneller Bow Vise f\u00fcr pr\u00e4zise Bogenabstimmung<\/li>\n<li>Ultimate Kit mit vollst\u00e4ndigem Zubeh\u00f6rumfang<\/li>\n<li>Geeignet f\u00fcr verschiedene Bogenmodelle<\/li>\n<li>Stabile Halterung w\u00e4hrend Tuning- und Einstellarbeiten<\/li>\n<\/ul>","protected":false},"excerpt":{"rendered":"<p><strong>Marchio:<\/strong> Last Chance<br \/><strong>GTIN:<\/strong> 853510008512<\/p>","protected":false},"featured_media":441725,"comment_status":"open","ping_status":"closed","template":"","meta":[],"product_brand":[499],"product_cat":[4335],"product_tag":[3546],"class_list":{"0":"post-393275","1":"product","2":"type-product","3":"status-publish","4":"has-post-thumbnail","6":"product_brand-lastchance","7":"product_cat-bow-vises","8":"product_tag-neuheit","10":"first","11":"instock","12":"shipping-taxable","13":"purchasable","14":"product-type-simple"},"_links":{"self":[{"href":"https:\/\/bogensportdiscount.ch\/it\/wp-json\/wp\/v2\/product\/393275","targetHints":{"allow":["GET"]}}],"collection":[{"href":"https:\/\/bogensportdiscount.ch\/it\/wp-json\/wp\/v2\/product"}],"about":[{"href":"https:\/\/bogensportdiscount.ch\/it\/wp-json\/wp\/v2\/types\/product"}],"replies":[{"embeddable":true,"href":"https:\/\/bogensportdiscount.ch\/it\/wp-json\/wp\/v2\/comments?post=393275"}],"wp:featuredmedia":[{"embeddable":true,"href":"https:\/\/bogensportdiscount.ch\/it\/wp-json\/wp\/v2\/media\/441725"}],"wp:attachment":[{"href":"https:\/\/bogensportdiscount.ch\/it\/wp-json\/wp\/v2\/media?parent=393275"}],"wp:term":[{"taxonomy":"product_brand","embeddable":true,"href":"https:\/\/bogensportdiscount.ch\/it\/wp-json\/wp\/v2\/product_brand?post=393275"},{"taxonomy":"product_cat","embeddable":true,"href":"https:\/\/bogensportdiscount.ch\/it\/wp-json\/wp\/v2\/product_cat?post=393275"},{"taxonomy":"product_tag","embeddable":true,"href":"https:\/\/bogensportdiscount.ch\/it\/wp-json\/wp\/v2\/product_tag?post=393275"}],"curies":[{"name":"wp","href":"https:\/\/api.w.org\/{rel}","templated":true}]}}