{"id":393270,"date":"2026-04-05T14:29:05","date_gmt":"2026-04-05T12:29:05","guid":{"rendered":"https:\/\/bogensportdiscount.ch\/produkt\/apex-gear-covert-replacement-sight-tapes\/"},"modified":"2026-04-23T15:42:02","modified_gmt":"2026-04-23T13:42:02","slug":"apexgear-covert-ersatz-skalenbaender","status":"publish","type":"product","link":"https:\/\/bogensportdiscount.ch\/it\/prodotto\/apexgear-covert-ersatz-skalenbaender\/","title":{"rendered":"APEX GEAR COVERT ERSATZ VISIER-TAPES"},"content":{"rendered":"<p>Die Apexgear Covert Ersatz-Skalenb\u00e4nder sind speziell f\u00fcr das Covert-Visier von Apexgear ausgelegt. Sie werden ben\u00f6tigt, wenn das originale Skalenband verschlissen oder besch\u00e4digt ist, und stellen die korrekte Entfernungsanzeige am Visier wieder her.<\/p>\n<p>Skalenb\u00e4nder (Sight Tapes) sind ein wesentliches Element von verstellbaren Compoundvisieren. Sie zeigen die kalibrierte Entfernungsskala an, anhand derer der Sch\u00fctze die Visiereinstellung auf die jeweilige Distanz abstimmt.<\/p>\n<ul>\n<li>Originalersatz f\u00fcr Apexgear Covert Visiere<\/li>\n<li>Erm\u00f6glicht pr\u00e4zise Entfernungseinstellung<\/li>\n<li>Sostituzione semplice in caso di usura<\/li>\n<li>Adatto per caccia e tiro con l'arco 3D<\/li>\n<\/ul>","protected":false},"excerpt":{"rendered":"<p><strong>Marchio:<\/strong> Apex Gear<br \/><strong>Tipo:<\/strong> Sight tape<br \/><strong>GTIN:<\/strong> 788130023129<\/p>","protected":false},"featured_media":524321,"comment_status":"open","ping_status":"closed","template":"","meta":[],"product_brand":[561],"product_cat":[4134],"product_tag":[3546],"class_list":{"0":"post-393270","1":"product","2":"type-product","3":"status-publish","4":"has-post-thumbnail","6":"product_brand-apexgear","7":"product_cat-einzelteile-fur-jagd-und-3d","8":"product_tag-neuheit","9":"product_shipping_class-bsd-standard","11":"first","12":"instock","13":"shipping-taxable","14":"purchasable","15":"product-type-simple"},"yoast_head":"<!-- This site is optimized with the Yoast SEO plugin v27.4 - https:\/\/yoast.com\/product\/yoast-seo-wordpress\/ -->\n<title>APEX GEAR NASTRO DI RICAMBIO PER MIRINO - Bogensportdiscount \u2013 Archi, frecce, bersagli e accessori<\/title>\n<meta name=\"description\" content=\"Acquista i nastri di ricambio per mirini APEX GEAR COVERT a prezzi convenienti su Bogensportdiscount \u2013 Le migliori marche, spedizione veloce dalla Svizzera.\" \/>\n<meta name=\"robots\" content=\"index, follow, max-snippet:-1, max-image-preview:large, max-video-preview:-1\" \/>\n<link rel=\"canonical\" href=\"https:\/\/bogensportdiscount.ch\/it\/prodotto\/apexgear-covert-ersatz-skalenbaender\/\" \/>\n<meta property=\"og:locale\" content=\"it_IT\" \/>\n<meta property=\"og:type\" content=\"article\" \/>\n<meta property=\"og:title\" content=\"APEX GEAR COVERT NASTRO DI RICAMBIO PER MIRINO - Bogensportdiscount \u2013 Archi, frecce, bersagli e accessori\" \/>\n<meta property=\"og:description\" content=\"Acquista i nastri di ricambio per mirini APEX GEAR COVERT a prezzi convenienti su Bogensportdiscount \u2013 Le migliori marche, spedizione veloce dalla Svizzera.\" \/>\n<meta property=\"og:url\" content=\"https:\/\/bogensportdiscount.ch\/it\/prodotto\/apexgear-covert-ersatz-skalenbaender\/\" \/>\n<meta property=\"og:site_name\" content=\"Bogensportdiscount \u2013 B\u00f6gen, Pfeile, Targets &amp; Zubeh\u00f6r\" \/>\n<meta property=\"article:modified_time\" content=\"2026-04-23T13:42:02+00:00\" \/>\n<meta property=\"og:image\" content=\"https:\/\/bogensportdiscount.ch\/wp-content\/uploads\/bsm-images\/A067273_1.jpg\" \/>\n\t<meta property=\"og:image:width\" content=\"4650\" \/>\n\t<meta property=\"og:image:height\" content=\"3762\" \/>\n\t<meta property=\"og:image:type\" content=\"image\/jpeg\" \/>\n<meta name=\"twitter:card\" content=\"summary_large_image\" \/>\n<script type=\"application\/ld+json\" class=\"yoast-schema-graph\">{\"@context\":\"https:\\\/\\\/schema.org\",\"@graph\":[{\"@type\":\"WebPage\",\"@id\":\"https:\\\/\\\/bogensportdiscount.ch\\\/produkt\\\/apexgear-covert-ersatz-skalenbaender\\\/\",\"url\":\"https:\\\/\\\/bogensportdiscount.ch\\\/produkt\\\/apexgear-covert-ersatz-skalenbaender\\\/\",\"name\":\"APEX GEAR COVERT ERSATZ VISIER-TAPES - Bogensportdiscount \u2013 B\u00f6gen, Pfeile, Targets &amp; Zubeh\u00f6r\",\"isPartOf\":{\"@id\":\"https:\\\/\\\/bogensportdiscount.ch\\\/#website\"},\"primaryImageOfPage\":{\"@id\":\"https:\\\/\\\/bogensportdiscount.ch\\\/produkt\\\/apexgear-covert-ersatz-skalenbaender\\\/#primaryimage\"},\"image\":{\"@id\":\"https:\\\/\\\/bogensportdiscount.ch\\\/produkt\\\/apexgear-covert-ersatz-skalenbaender\\\/#primaryimage\"},\"thumbnailUrl\":\"https:\\\/\\\/bogensportdiscount.ch\\\/wp-content\\\/uploads\\\/bsm-images\\\/A067273_1.jpg\",\"datePublished\":\"2026-04-05T12:29:05+00:00\",\"dateModified\":\"2026-04-23T13:42:02+00:00\",\"description\":\"APEX GEAR COVERT ERSATZ VISIER-TAPES g\u00fcnstig kaufen bei Bogensportdiscount \u2013 Top-Marken, schneller Versand aus der Schweiz.\",\"breadcrumb\":{\"@id\":\"https:\\\/\\\/bogensportdiscount.ch\\\/produkt\\\/apexgear-covert-ersatz-skalenbaender\\\/#breadcrumb\"},\"inLanguage\":\"it-IT\",\"potentialAction\":[{\"@type\":\"ReadAction\",\"target\":[\"https:\\\/\\\/bogensportdiscount.ch\\\/produkt\\\/apexgear-covert-ersatz-skalenbaender\\\/\"]}]},{\"@type\":\"ImageObject\",\"inLanguage\":\"it-IT\",\"@id\":\"https:\\\/\\\/bogensportdiscount.ch\\\/produkt\\\/apexgear-covert-ersatz-skalenbaender\\\/#primaryimage\",\"url\":\"https:\\\/\\\/bogensportdiscount.ch\\\/wp-content\\\/uploads\\\/bsm-images\\\/A067273_1.jpg\",\"contentUrl\":\"https:\\\/\\\/bogensportdiscount.ch\\\/wp-content\\\/uploads\\\/bsm-images\\\/A067273_1.jpg\",\"width\":4650,\"height\":3762},{\"@type\":\"BreadcrumbList\",\"@id\":\"https:\\\/\\\/bogensportdiscount.ch\\\/produkt\\\/apexgear-covert-ersatz-skalenbaender\\\/#breadcrumb\",\"itemListElement\":[{\"@type\":\"ListItem\",\"position\":1,\"name\":\"Home\",\"item\":\"https:\\\/\\\/bogensportdiscount.ch\\\/\"},{\"@type\":\"ListItem\",\"position\":2,\"name\":\"Shop\",\"item\":\"https:\\\/\\\/bogensportdiscount.ch\\\/shop\\\/\"},{\"@type\":\"ListItem\",\"position\":3,\"name\":\"APEX GEAR COVERT ERSATZ VISIER-TAPES\"}]},{\"@type\":\"WebSite\",\"@id\":\"https:\\\/\\\/bogensportdiscount.ch\\\/#website\",\"url\":\"https:\\\/\\\/bogensportdiscount.ch\\\/\",\"name\":\"Bogensportdiscount\",\"description\":\"\",\"potentialAction\":[{\"@type\":\"SearchAction\",\"target\":{\"@type\":\"EntryPoint\",\"urlTemplate\":\"https:\\\/\\\/bogensportdiscount.ch\\\/?s={search_term_string}\"},\"query-input\":{\"@type\":\"PropertyValueSpecification\",\"valueRequired\":true,\"valueName\":\"search_term_string\"}}],\"inLanguage\":\"it-IT\"}]}<\/script>\n<!-- \/ Yoast SEO plugin. -->","yoast_head_json":{"title":"APEX GEAR NASTRO DI RICAMBIO PER MIRINO - Bogensportdiscount \u2013 Archi, frecce, bersagli e accessori","description":"Acquista i nastri di ricambio per mirini APEX GEAR COVERT a prezzi convenienti su Bogensportdiscount \u2013 Le migliori marche, spedizione veloce dalla Svizzera.","robots":{"index":"index","follow":"follow","max-snippet":"max-snippet:-1","max-image-preview":"max-image-preview:large","max-video-preview":"max-video-preview:-1"},"canonical":"https:\/\/bogensportdiscount.ch\/it\/prodotto\/apexgear-covert-ersatz-skalenbaender\/","og_locale":"it_IT","og_type":"article","og_title":"APEX GEAR COVERT NASTRO DI RICAMBIO PER MIRINO - Bogensportdiscount \u2013 Archi, frecce, bersagli e accessori","og_description":"Acquista i nastri di ricambio per mirini APEX GEAR COVERT a prezzi convenienti su Bogensportdiscount \u2013 Le migliori marche, spedizione veloce dalla Svizzera.","og_url":"https:\/\/bogensportdiscount.ch\/it\/prodotto\/apexgear-covert-ersatz-skalenbaender\/","og_site_name":"Bogensportdiscount \u2013 B\u00f6gen, Pfeile, Targets &amp; Zubeh\u00f6r","article_modified_time":"2026-04-23T13:42:02+00:00","og_image":[{"width":4650,"height":3762,"url":"https:\/\/bogensportdiscount.ch\/wp-content\/uploads\/bsm-images\/A067273_1.jpg","type":"image\/jpeg"}],"twitter_card":"summary_large_image","schema":{"@context":"https:\/\/schema.org","@graph":[{"@type":"WebPage","@id":"https:\/\/bogensportdiscount.ch\/produkt\/apexgear-covert-ersatz-skalenbaender\/","url":"https:\/\/bogensportdiscount.ch\/produkt\/apexgear-covert-ersatz-skalenbaender\/","name":"APEX GEAR COVERT NASTRO DI RICAMBIO PER MIRINO - Bogensportdiscount \u2013 Archi, frecce, bersagli e accessori","isPartOf":{"@id":"https:\/\/bogensportdiscount.ch\/#website"},"primaryImageOfPage":{"@id":"https:\/\/bogensportdiscount.ch\/produkt\/apexgear-covert-ersatz-skalenbaender\/#primaryimage"},"image":{"@id":"https:\/\/bogensportdiscount.ch\/produkt\/apexgear-covert-ersatz-skalenbaender\/#primaryimage"},"thumbnailUrl":"https:\/\/bogensportdiscount.ch\/wp-content\/uploads\/bsm-images\/A067273_1.jpg","datePublished":"2026-04-05T12:29:05+00:00","dateModified":"2026-04-23T13:42:02+00:00","description":"Acquista i nastri di ricambio per mirini APEX GEAR COVERT a prezzi convenienti su Bogensportdiscount \u2013 Le migliori marche, spedizione veloce dalla Svizzera.","breadcrumb":{"@id":"https:\/\/bogensportdiscount.ch\/produkt\/apexgear-covert-ersatz-skalenbaender\/#breadcrumb"},"inLanguage":"it-IT","potentialAction":[{"@type":"ReadAction","target":["https:\/\/bogensportdiscount.ch\/produkt\/apexgear-covert-ersatz-skalenbaender\/"]}]},{"@type":"ImageObject","inLanguage":"it-IT","@id":"https:\/\/bogensportdiscount.ch\/produkt\/apexgear-covert-ersatz-skalenbaender\/#primaryimage","url":"https:\/\/bogensportdiscount.ch\/wp-content\/uploads\/bsm-images\/A067273_1.jpg","contentUrl":"https:\/\/bogensportdiscount.ch\/wp-content\/uploads\/bsm-images\/A067273_1.jpg","width":4650,"height":3762},{"@type":"BreadcrumbList","@id":"https:\/\/bogensportdiscount.ch\/produkt\/apexgear-covert-ersatz-skalenbaender\/#breadcrumb","itemListElement":[{"@type":"ListItem","position":1,"name":"Home","item":"https:\/\/bogensportdiscount.ch\/"},{"@type":"ListItem","position":2,"name":"Shop","item":"https:\/\/bogensportdiscount.ch\/shop\/"},{"@type":"ListItem","position":3,"name":"APEX GEAR COVERT ERSATZ VISIER-TAPES"}]},{"@type":"WebSite","@id":"https:\/\/bogensportdiscount.ch\/#website","url":"https:\/\/bogensportdiscount.ch\/","name":"Bogensportdiscount","description":"","potentialAction":[{"@type":"SearchAction","target":{"@type":"EntryPoint","urlTemplate":"https:\/\/bogensportdiscount.ch\/?s={search_term_string}"},"query-input":{"@type":"PropertyValueSpecification","valueRequired":true,"valueName":"search_term_string"}}],"inLanguage":"it-IT"}]}},"_links":{"self":[{"href":"https:\/\/bogensportdiscount.ch\/it\/wp-json\/wp\/v2\/product\/393270","targetHints":{"allow":["GET"]}}],"collection":[{"href":"https:\/\/bogensportdiscount.ch\/it\/wp-json\/wp\/v2\/product"}],"about":[{"href":"https:\/\/bogensportdiscount.ch\/it\/wp-json\/wp\/v2\/types\/product"}],"replies":[{"embeddable":true,"href":"https:\/\/bogensportdiscount.ch\/it\/wp-json\/wp\/v2\/comments?post=393270"}],"wp:featuredmedia":[{"embeddable":true,"href":"https:\/\/bogensportdiscount.ch\/it\/wp-json\/wp\/v2\/media\/524321"}],"wp:attachment":[{"href":"https:\/\/bogensportdiscount.ch\/it\/wp-json\/wp\/v2\/media?parent=393270"}],"wp:term":[{"taxonomy":"product_brand","embeddable":true,"href":"https:\/\/bogensportdiscount.ch\/it\/wp-json\/wp\/v2\/product_brand?post=393270"},{"taxonomy":"product_cat","embeddable":true,"href":"https:\/\/bogensportdiscount.ch\/it\/wp-json\/wp\/v2\/product_cat?post=393270"},{"taxonomy":"product_tag","embeddable":true,"href":"https:\/\/bogensportdiscount.ch\/it\/wp-json\/wp\/v2\/product_tag?post=393270"}],"curies":[{"name":"wp","href":"https:\/\/api.w.org\/{rel}","templated":true}]}}