{"id":393262,"date":"2026-04-05T14:29:03","date_gmt":"2026-04-05T12:29:03","guid":{"rendered":"https:\/\/bogensportdiscount.ch\/produkt\/cbe-tactic-3pin-019-black\/"},"modified":"2026-04-15T12:15:50","modified_gmt":"2026-04-15T10:15:50","slug":"cbe-compound-visier-tactic-3-pin-019-schwarz","status":"publish","type":"product","link":"https:\/\/bogensportdiscount.ch\/it\/prodotto\/cbe-compound-visier-tactic-3-pin-019-schwarz\/","title":{"rendered":"CBE TACTIC \/ 3PIN .019 \/ NERO"},"content":{"rendered":"<p>Das CBE Tactic ist ein Compound-Visier aus der Kategorie der Jagd- und 3D-Visiere. Mit drei Pins der St\u00e4rke .019 Zoll bietet es klare Zielmarken f\u00fcr verschiedene Entfernungen und ist f\u00fcr den robusten Einsatz im Feld ausgelegt.<\/p>\n<p>Die Ausf\u00fchrung in Schwarz sorgt f\u00fcr ein unauff\u00e4lliges Erscheinungsbild, das sowohl beim 3D-Bogenschiessen als auch auf der Jagd von Vorteil ist. Das Visier ist als Direktmontage-L\u00f6sung konzipiert und l\u00e4sst sich an g\u00e4ngigen Compound-B\u00f6gen befestigen.<\/p>\n<ul>\n<li>3 Pins, St\u00e4rke .019 Zoll<\/li>\n<li>Geeignet f\u00fcr Jagd und 3D-Bogenschiessen<\/li>\n<li>Ausf\u00fchrung in Schwarz<\/li>\n<li>Kompakte Bauweise<\/li>\n<\/ul>","protected":false},"excerpt":{"rendered":"<p><strong>Marchio:<\/strong> CBE<br \/><strong>LH\/RH:<\/strong> Beidh\u00e4ndig<br \/><strong>Farbe:<\/strong> Schwarz<br \/><strong>Tipo:<\/strong> Direct mount<br \/><strong>Pin count:<\/strong> 3<br \/><strong>Pin size:<\/strong> 019<br \/><strong>GTIN:<\/strong> 745167014971<\/p>","protected":false},"featured_media":441748,"comment_status":"open","ping_status":"closed","template":"","meta":[],"product_brand":[523],"product_cat":[4263],"product_tag":[3546],"class_list":{"0":"post-393262","1":"product","2":"type-product","3":"status-publish","4":"has-post-thumbnail","6":"product_brand-cbe","7":"product_cat-jagd-und-3d-visiere","8":"product_tag-neuheit","10":"first","11":"instock","12":"shipping-taxable","13":"purchasable","14":"product-type-simple"},"_links":{"self":[{"href":"https:\/\/bogensportdiscount.ch\/it\/wp-json\/wp\/v2\/product\/393262","targetHints":{"allow":["GET"]}}],"collection":[{"href":"https:\/\/bogensportdiscount.ch\/it\/wp-json\/wp\/v2\/product"}],"about":[{"href":"https:\/\/bogensportdiscount.ch\/it\/wp-json\/wp\/v2\/types\/product"}],"replies":[{"embeddable":true,"href":"https:\/\/bogensportdiscount.ch\/it\/wp-json\/wp\/v2\/comments?post=393262"}],"wp:featuredmedia":[{"embeddable":true,"href":"https:\/\/bogensportdiscount.ch\/it\/wp-json\/wp\/v2\/media\/441748"}],"wp:attachment":[{"href":"https:\/\/bogensportdiscount.ch\/it\/wp-json\/wp\/v2\/media?parent=393262"}],"wp:term":[{"taxonomy":"product_brand","embeddable":true,"href":"https:\/\/bogensportdiscount.ch\/it\/wp-json\/wp\/v2\/product_brand?post=393262"},{"taxonomy":"product_cat","embeddable":true,"href":"https:\/\/bogensportdiscount.ch\/it\/wp-json\/wp\/v2\/product_cat?post=393262"},{"taxonomy":"product_tag","embeddable":true,"href":"https:\/\/bogensportdiscount.ch\/it\/wp-json\/wp\/v2\/product_tag?post=393262"}],"curies":[{"name":"wp","href":"https:\/\/api.w.org\/{rel}","templated":true}]}}