{"id":393259,"date":"2026-04-05T14:29:03","date_gmt":"2026-04-05T12:29:03","guid":{"rendered":"https:\/\/bogensportdiscount.ch\/produkt\/core-silhouette-plastic-grip-rh\/"},"modified":"2026-04-17T13:16:48","modified_gmt":"2026-04-17T11:16:48","slug":"core-recurve-griff-silhouette-kunststoff-rh","status":"publish","type":"product","link":"https:\/\/bogensportdiscount.ch\/it\/prodotto\/core-recurve-griff-silhouette-kunststoff-rh\/","title":{"rendered":"CORE SILHOUETTE IMPUGNATURA IN PLASTICA RH"},"content":{"rendered":"<p>Der CORE Silhouette Kunststoff-Griff ist ein Recurve-Bogengriff f\u00fcr Rechtsh\u00e4nder. Als Ersatzteil oder Zubeh\u00f6r f\u00fcr kompatible Recurvebogen bietet er eine funktionale und kosteng\u00fcnstige L\u00f6sung.<\/p>\n<p>Der Griff besteht aus Kunststoff und ist in der klassischen Silhouette-Form gehalten, die eine vertraute Handposition erm\u00f6glicht. Dank des niedrigen Preises eignet er sich besonders f\u00fcr Einsteiger oder als Reserveteil.<\/p>\n<ul>\n<li>Material: Kunststoff<\/li>\n<li>Ausf\u00fchrung: Rechtsh\u00e4nder (RH)<\/li>\n<li>Passend f\u00fcr kompatible Recurvebogen<\/li>\n<li>G\u00fcnstige Ersatz- oder Einstiegsoption<\/li>\n<\/ul>","protected":false},"excerpt":{"rendered":"<p><strong>Marchio:<\/strong> Core<br \/><strong>LH\/RH:<\/strong> RH<br \/><strong>Tipo:<\/strong> Medio<br \/><strong>Materiale:<\/strong> Plastik<\/p>","protected":false},"featured_media":441746,"comment_status":"open","ping_status":"closed","template":"","meta":[],"product_brand":[423],"product_cat":[4201],"product_tag":[3546],"class_list":{"0":"post-393259","1":"product","2":"type-product","3":"status-publish","4":"has-post-thumbnail","6":"product_brand-core","7":"product_cat-recurve-griffe-griffe-bogen-zubehoer","8":"product_tag-neuheit","10":"first","11":"instock","12":"shipping-taxable","13":"purchasable","14":"product-type-simple"},"_links":{"self":[{"href":"https:\/\/bogensportdiscount.ch\/it\/wp-json\/wp\/v2\/product\/393259","targetHints":{"allow":["GET"]}}],"collection":[{"href":"https:\/\/bogensportdiscount.ch\/it\/wp-json\/wp\/v2\/product"}],"about":[{"href":"https:\/\/bogensportdiscount.ch\/it\/wp-json\/wp\/v2\/types\/product"}],"replies":[{"embeddable":true,"href":"https:\/\/bogensportdiscount.ch\/it\/wp-json\/wp\/v2\/comments?post=393259"}],"wp:featuredmedia":[{"embeddable":true,"href":"https:\/\/bogensportdiscount.ch\/it\/wp-json\/wp\/v2\/media\/441746"}],"wp:attachment":[{"href":"https:\/\/bogensportdiscount.ch\/it\/wp-json\/wp\/v2\/media?parent=393259"}],"wp:term":[{"taxonomy":"product_brand","embeddable":true,"href":"https:\/\/bogensportdiscount.ch\/it\/wp-json\/wp\/v2\/product_brand?post=393259"},{"taxonomy":"product_cat","embeddable":true,"href":"https:\/\/bogensportdiscount.ch\/it\/wp-json\/wp\/v2\/product_cat?post=393259"},{"taxonomy":"product_tag","embeddable":true,"href":"https:\/\/bogensportdiscount.ch\/it\/wp-json\/wp\/v2\/product_tag?post=393259"}],"curies":[{"name":"wp","href":"https:\/\/api.w.org\/{rel}","templated":true}]}}