{"id":393252,"date":"2026-04-05T14:29:01","date_gmt":"2026-04-05T12:29:01","guid":{"rendered":"https:\/\/bogensportdiscount.ch\/produkt\/bohning-frontier-fletching-jig-includes-3-right-insert\/"},"modified":"2026-04-16T13:34:09","modified_gmt":"2026-04-16T11:34:09","slug":"bohning-befiederungslehre-frontier-fletching-jig-3-grad-rechts-einsatz","status":"publish","type":"product","link":"https:\/\/bogensportdiscount.ch\/it\/prodotto\/bohning-befiederungslehre-frontier-fletching-jig-3-grad-rechts-einsatz\/","title":{"rendered":"DIMA DI PUNZONATURA BOHNING FRONTIER - INCLUDE INSERTO DESTRO DI 3\u00b0."},"content":{"rendered":"<p>Die BOHNING Frontier Fletching Jig ist ein Werkzeug f\u00fcr den Pfeilbau und erm\u00f6glicht das gleichm\u00e4ssige und reproduzierbare Aufkleben von Befiederungen auf Pfeilsch\u00e4fte. Sie richtet sich an Bogensch\u00fctzen, die ihre Pfeile selbst befiedern m\u00f6chten.<\/p>\n<p>Im Lieferumfang ist ein 3\u00b0-Rechts-Einsatz enthalten. Dieser sorgt daf\u00fcr, dass die Befiederung mit einem leichten Winkel von 3\u00b0 nach rechts angebracht wird, was eine stabilisierte Flugbahn des Pfeils unterst\u00fctzt.<\/p>\n<ul>\n<li>Befiederungslehre f\u00fcr reproduzierbare Ergebnisse<\/li>\n<li>Inklusive 3\u00b0-Rechts-Einsatz (Right Insert)<\/li>\n<li>Geeignet f\u00fcr den heimischen Pfeilbau<\/li>\n<li>Von der etablierten Marke BOHNING<\/li>\n<\/ul>","protected":false},"excerpt":{"rendered":"<p><strong>Marchio:<\/strong> Bohning<br \/><strong>Tipo:<\/strong> Fletching jig<br \/><strong>GTIN:<\/strong> 010847267719<\/p>","protected":false},"featured_media":441757,"comment_status":"open","ping_status":"closed","template":"","meta":[],"product_brand":[444],"product_cat":[4141],"product_tag":[3546],"class_list":{"0":"post-393252","1":"product","2":"type-product","3":"status-publish","4":"has-post-thumbnail","6":"product_brand-bohning","7":"product_cat-fletching-jigs-parts","8":"product_tag-neuheit","10":"first","11":"instock","12":"shipping-taxable","13":"purchasable","14":"product-type-simple"},"_links":{"self":[{"href":"https:\/\/bogensportdiscount.ch\/it\/wp-json\/wp\/v2\/product\/393252","targetHints":{"allow":["GET"]}}],"collection":[{"href":"https:\/\/bogensportdiscount.ch\/it\/wp-json\/wp\/v2\/product"}],"about":[{"href":"https:\/\/bogensportdiscount.ch\/it\/wp-json\/wp\/v2\/types\/product"}],"replies":[{"embeddable":true,"href":"https:\/\/bogensportdiscount.ch\/it\/wp-json\/wp\/v2\/comments?post=393252"}],"wp:featuredmedia":[{"embeddable":true,"href":"https:\/\/bogensportdiscount.ch\/it\/wp-json\/wp\/v2\/media\/441757"}],"wp:attachment":[{"href":"https:\/\/bogensportdiscount.ch\/it\/wp-json\/wp\/v2\/media?parent=393252"}],"wp:term":[{"taxonomy":"product_brand","embeddable":true,"href":"https:\/\/bogensportdiscount.ch\/it\/wp-json\/wp\/v2\/product_brand?post=393252"},{"taxonomy":"product_cat","embeddable":true,"href":"https:\/\/bogensportdiscount.ch\/it\/wp-json\/wp\/v2\/product_cat?post=393252"},{"taxonomy":"product_tag","embeddable":true,"href":"https:\/\/bogensportdiscount.ch\/it\/wp-json\/wp\/v2\/product_tag?post=393252"}],"curies":[{"name":"wp","href":"https:\/\/api.w.org\/{rel}","templated":true}]}}