{"id":393199,"date":"2026-04-05T14:28:49","date_gmt":"2026-04-05T12:28:49","guid":{"rendered":"https:\/\/bogensportdiscount.ch\/produkt\/slick-trick-expandable-broadhead-torch-mechanical-2-blade-3-pk\/"},"modified":"2026-04-15T12:15:48","modified_gmt":"2026-04-15T10:15:48","slug":"slick-trick-mechanische-jagdspitze-torch-2-blatt-3er-pack","status":"publish","type":"product","link":"https:\/\/bogensportdiscount.ch\/it\/prodotto\/slick-trick-mechanische-jagdspitze-torch-2-blatt-3er-pack\/","title":{"rendered":"SLICK TRICK CANNELLO BROADHEAD ESPANDIBILE MECCANICO A 2 LAME 3\/PZ."},"content":{"rendered":"<p>Die Slick Trick Torch ist ein mechanischer Expandable-Broadhead mit 2 Klingen, der im 3er-Pack geliefert wird. Als aufklappbarer Jagdbroadhead entfaltet er seine Klingen beim Aufprall und sorgt so f\u00fcr einen grossen Wundkanal.<\/p>\n<p>Dank des 2-Blatt-Designs bietet die Torch eine pr\u00e4zise Flugbahn \u00e4hnlich eines Feldspitzenpfeils, kombiniert mit zuverl\u00e4ssiger Klingenentfaltung beim Einschlag. Das Produkt stammt aus US-amerikanischer Fertigung.<\/p>\n<ul>\n<li>Mechanischer Expandable-Broadhead mit 2 Klingen<\/li>\n<li>Grosser Wundkanal durch aufklappbare Klingen<\/li>\n<li>Feldspitzen\u00e4hnliche Flugbahn<\/li>\n<li>Im praktischen 3er-Pack erh\u00e4ltlich<\/li>\n<\/ul>","protected":false},"excerpt":{"rendered":"<table>\n<tr>\n<th>Propriet\u00e0<\/th>\n<th>Valore<\/th>\n<\/tr>\n<tr>\n<td>Marchio<\/td>\n<td>Slick Trick<\/td>\n<\/tr>\n<tr>\n<td>Klingen<\/td>\n<td>2<\/td>\n<\/tr>\n<tr>\n<td>Herkunftsland<\/td>\n<td>USA<\/td>\n<\/tr>\n<\/table>","protected":false},"featured_media":446220,"comment_status":"open","ping_status":"closed","template":"","meta":[],"product_brand":[487],"product_cat":[4212],"product_tag":[3546],"class_list":{"0":"post-393199","1":"product","2":"type-product","3":"status-publish","4":"has-post-thumbnail","6":"product_brand-slicktrick","7":"product_cat-mechanische-jagdspitzen","8":"product_tag-neuheit","10":"first","11":"instock","12":"shipping-taxable","13":"purchasable","14":"product-type-simple"},"_links":{"self":[{"href":"https:\/\/bogensportdiscount.ch\/it\/wp-json\/wp\/v2\/product\/393199","targetHints":{"allow":["GET"]}}],"collection":[{"href":"https:\/\/bogensportdiscount.ch\/it\/wp-json\/wp\/v2\/product"}],"about":[{"href":"https:\/\/bogensportdiscount.ch\/it\/wp-json\/wp\/v2\/types\/product"}],"replies":[{"embeddable":true,"href":"https:\/\/bogensportdiscount.ch\/it\/wp-json\/wp\/v2\/comments?post=393199"}],"wp:featuredmedia":[{"embeddable":true,"href":"https:\/\/bogensportdiscount.ch\/it\/wp-json\/wp\/v2\/media\/446220"}],"wp:attachment":[{"href":"https:\/\/bogensportdiscount.ch\/it\/wp-json\/wp\/v2\/media?parent=393199"}],"wp:term":[{"taxonomy":"product_brand","embeddable":true,"href":"https:\/\/bogensportdiscount.ch\/it\/wp-json\/wp\/v2\/product_brand?post=393199"},{"taxonomy":"product_cat","embeddable":true,"href":"https:\/\/bogensportdiscount.ch\/it\/wp-json\/wp\/v2\/product_cat?post=393199"},{"taxonomy":"product_tag","embeddable":true,"href":"https:\/\/bogensportdiscount.ch\/it\/wp-json\/wp\/v2\/product_tag?post=393199"}],"curies":[{"name":"wp","href":"https:\/\/api.w.org\/{rel}","templated":true}]}}