{"id":393190,"date":"2026-04-05T14:28:47","date_gmt":"2026-04-05T12:28:47","guid":{"rendered":"https:\/\/bogensportdiscount.ch\/produkt\/bohning-tower-arms-left-helical-purple\/"},"modified":"2026-04-16T13:33:58","modified_gmt":"2026-04-16T11:33:58","slug":"bohning-tower-arme-links-helikal-lila","status":"publish","type":"product","link":"https:\/\/bogensportdiscount.ch\/it\/prodotto\/bohning-tower-arme-links-helikal-lila\/","title":{"rendered":"BRACCI DELLA TORRE BOHNING ELICOIDALE SINISTRA VIOLA"},"content":{"rendered":"<p>Die Bohning Tower Arme in der Ausf\u00fchrung Links-Helikal (Lila) sind Ersatz- oder Zusatzarme f\u00fcr das Bohning Tower Befiederungsger\u00e4t. Mit diesen Armen werden Federn in einem helikalem Winkel nach links auf den Pfeilschaft aufgeklebt, was eine stabile Pfeilrotation und damit eine verbesserte Flugstabilit\u00e4t erm\u00f6glicht.<\/p>\n<p>Die farbliche Kennzeichnung in Lila erleichtert die schnelle Unterscheidung zwischen verschiedenen Armvarianten (links\/rechts, gerade\/helikal) beim Einsatz mehrerer Konfigurationen.<\/p>\n<ul>\n<li>Passend f\u00fcr das Bohning Tower Befiederungsger\u00e4t<\/li>\n<li>Links-Helikal-Ausf\u00fchrung f\u00fcr Pfeilrotation<\/li>\n<li>Farbkodierung Lila zur einfachen Identifikation<\/li>\n<li>Geeignet f\u00fcr verschiedene Pfeilschaftmaterialien<\/li>\n<\/ul>","protected":false},"excerpt":{"rendered":"<p><strong>Marchio:<\/strong> Bohning<br \/><strong>Tipo:<\/strong> Clamp<\/p>","protected":false},"featured_media":441781,"comment_status":"open","ping_status":"closed","template":"","meta":[],"product_brand":[444],"product_cat":[4141],"product_tag":[3546],"class_list":{"0":"post-393190","1":"product","2":"type-product","3":"status-publish","4":"has-post-thumbnail","6":"product_brand-bohning","7":"product_cat-fletching-jigs-parts","8":"product_tag-neuheit","10":"first","11":"instock","12":"shipping-taxable","13":"purchasable","14":"product-type-simple"},"_links":{"self":[{"href":"https:\/\/bogensportdiscount.ch\/it\/wp-json\/wp\/v2\/product\/393190","targetHints":{"allow":["GET"]}}],"collection":[{"href":"https:\/\/bogensportdiscount.ch\/it\/wp-json\/wp\/v2\/product"}],"about":[{"href":"https:\/\/bogensportdiscount.ch\/it\/wp-json\/wp\/v2\/types\/product"}],"replies":[{"embeddable":true,"href":"https:\/\/bogensportdiscount.ch\/it\/wp-json\/wp\/v2\/comments?post=393190"}],"wp:featuredmedia":[{"embeddable":true,"href":"https:\/\/bogensportdiscount.ch\/it\/wp-json\/wp\/v2\/media\/441781"}],"wp:attachment":[{"href":"https:\/\/bogensportdiscount.ch\/it\/wp-json\/wp\/v2\/media?parent=393190"}],"wp:term":[{"taxonomy":"product_brand","embeddable":true,"href":"https:\/\/bogensportdiscount.ch\/it\/wp-json\/wp\/v2\/product_brand?post=393190"},{"taxonomy":"product_cat","embeddable":true,"href":"https:\/\/bogensportdiscount.ch\/it\/wp-json\/wp\/v2\/product_cat?post=393190"},{"taxonomy":"product_tag","embeddable":true,"href":"https:\/\/bogensportdiscount.ch\/it\/wp-json\/wp\/v2\/product_tag?post=393190"}],"curies":[{"name":"wp","href":"https:\/\/api.w.org\/{rel}","templated":true}]}}