{"id":393161,"date":"2026-04-05T14:28:40","date_gmt":"2026-04-05T12:28:40","guid":{"rendered":"https:\/\/bogensportdiscount.ch\/produkt\/cold-steel-3-engage-black-g-10-handle\/"},"modified":"2026-04-17T13:05:06","modified_gmt":"2026-04-17T11:05:06","slug":"cold-steel-klappmesser-engage-3-zoll-schwarz-g10-griff","status":"publish","type":"product","link":"https:\/\/bogensportdiscount.ch\/it\/prodotto\/cold-steel-klappmesser-engage-3-zoll-schwarz-g10-griff\/","title":{"rendered":"ACCIAIO FREDDO DA 3\u2033 CON IMPUGNATURA IN G-10 NERO"},"content":{"rendered":"<p>Das Cold Steel Engage ist ein handliches Klappmesser mit einer 3-Zoll-Klinge und einem Griff aus G-10, einem glasfaserverst\u00e4rkten Kunststoff, der f\u00fcr seine hohe Stabilit\u00e4t und griffige Oberfl\u00e4che bekannt ist. Die schwarze Ausf\u00fchrung verleiht dem Messer ein dezentes, funktionales Erscheinungsbild.<\/p>\n<p>Das Engage richtet sich an Outdoor-Enthusiasten, J\u00e4ger und alle, die ein zuverl\u00e4ssiges Klappmesser f\u00fcr den t\u00e4glichen Gebrauch suchen. Der G-10-Griff bietet auch bei N\u00e4sse sicheren Halt.<\/p>\n<ul>\n<li>3-Zoll-Klinge<\/li>\n<li>Griff aus G-10 (glasfaserverst\u00e4rkter Kunststoff)<\/li>\n<li>Kompakte, handliche Bauform<\/li>\n<li>Geeignet f\u00fcr Outdoor und Jagd<\/li>\n<\/ul>","protected":false},"excerpt":{"rendered":"<p><strong>Marchio:<\/strong> Cold Steel<br \/><strong>L\u00e4nge (cm):<\/strong> 15,01-20<br \/><strong>Blade shape:<\/strong> Clip Point<br \/><strong>GTIN:<\/strong> 888151039946<\/p>","protected":false},"featured_media":441835,"comment_status":"open","ping_status":"closed","template":"","meta":[],"product_brand":[491],"product_cat":[4352],"product_tag":[3546],"class_list":{"0":"post-393161","1":"product","2":"type-product","3":"status-publish","4":"has-post-thumbnail","6":"product_brand-coldsteel","7":"product_cat-klappbare-klinge","8":"product_tag-neuheit","10":"first","11":"instock","12":"shipping-taxable","13":"purchasable","14":"product-type-simple"},"_links":{"self":[{"href":"https:\/\/bogensportdiscount.ch\/it\/wp-json\/wp\/v2\/product\/393161","targetHints":{"allow":["GET"]}}],"collection":[{"href":"https:\/\/bogensportdiscount.ch\/it\/wp-json\/wp\/v2\/product"}],"about":[{"href":"https:\/\/bogensportdiscount.ch\/it\/wp-json\/wp\/v2\/types\/product"}],"replies":[{"embeddable":true,"href":"https:\/\/bogensportdiscount.ch\/it\/wp-json\/wp\/v2\/comments?post=393161"}],"wp:featuredmedia":[{"embeddable":true,"href":"https:\/\/bogensportdiscount.ch\/it\/wp-json\/wp\/v2\/media\/441835"}],"wp:attachment":[{"href":"https:\/\/bogensportdiscount.ch\/it\/wp-json\/wp\/v2\/media?parent=393161"}],"wp:term":[{"taxonomy":"product_brand","embeddable":true,"href":"https:\/\/bogensportdiscount.ch\/it\/wp-json\/wp\/v2\/product_brand?post=393161"},{"taxonomy":"product_cat","embeddable":true,"href":"https:\/\/bogensportdiscount.ch\/it\/wp-json\/wp\/v2\/product_cat?post=393161"},{"taxonomy":"product_tag","embeddable":true,"href":"https:\/\/bogensportdiscount.ch\/it\/wp-json\/wp\/v2\/product_tag?post=393161"}],"curies":[{"name":"wp","href":"https:\/\/api.w.org\/{rel}","templated":true}]}}