{"id":393160,"date":"2026-04-05T14:28:40","date_gmt":"2026-04-05T12:28:40","guid":{"rendered":"https:\/\/bogensportdiscount.ch\/produkt\/cold-steel-mayhem\/"},"modified":"2026-04-17T13:05:03","modified_gmt":"2026-04-17T11:05:03","slug":"cold-steel-messer-mayhem","status":"publish","type":"product","link":"https:\/\/bogensportdiscount.ch\/it\/prodotto\/cold-steel-messer-mayhem\/","title":{"rendered":"CAOS DI ACCIAIO FREDDO"},"content":{"rendered":"<p>Das Cold Steel Mayhem ist ein Outdoor- und Jagdmesser des amerikanischen Herstellers Cold Steel, der f\u00fcr langlebige und zuverl\u00e4ssige Klingen bekannt ist. Das Modell Mayhem richtet sich an Anwender, die ein robustes Werkzeug f\u00fcr den Einsatz in der Natur suchen.<\/p>\n<p>Cold Steel steht seit Jahrzehnten f\u00fcr hochwertige St\u00e4hle und durchdachte Griffgestaltung. Das Mayhem f\u00fcgt sich in dieses Sortiment als leistungsf\u00e4higes Messer f\u00fcr Outdoor-Aktivit\u00e4ten, Jagd und Bushcraft ein.<\/p>\n<ul>\n<li>Marke: Cold Steel \u2014 bekannt f\u00fcr robuste und zuverl\u00e4ssige Klingen<\/li>\n<li>Kategorie: Outdoor- und Jagdmesser<\/li>\n<li>Geeignet f\u00fcr den Einsatz unter anspruchsvollen Bedingungen<\/li>\n<li>Solide Verarbeitung nach Cold-Steel-Standard<\/li>\n<\/ul>","protected":false},"excerpt":{"rendered":"<p><strong>Marchio:<\/strong> Cold Steel<br \/><strong>GTIN:<\/strong> 888151039953<\/p>","protected":false},"featured_media":441834,"comment_status":"open","ping_status":"closed","template":"","meta":[],"product_brand":[491],"product_cat":[4352],"product_tag":[3546],"class_list":{"0":"post-393160","1":"product","2":"type-product","3":"status-publish","4":"has-post-thumbnail","6":"product_brand-coldsteel","7":"product_cat-klappbare-klinge","8":"product_tag-neuheit","10":"first","11":"instock","12":"shipping-taxable","13":"purchasable","14":"product-type-simple"},"_links":{"self":[{"href":"https:\/\/bogensportdiscount.ch\/it\/wp-json\/wp\/v2\/product\/393160","targetHints":{"allow":["GET"]}}],"collection":[{"href":"https:\/\/bogensportdiscount.ch\/it\/wp-json\/wp\/v2\/product"}],"about":[{"href":"https:\/\/bogensportdiscount.ch\/it\/wp-json\/wp\/v2\/types\/product"}],"replies":[{"embeddable":true,"href":"https:\/\/bogensportdiscount.ch\/it\/wp-json\/wp\/v2\/comments?post=393160"}],"wp:featuredmedia":[{"embeddable":true,"href":"https:\/\/bogensportdiscount.ch\/it\/wp-json\/wp\/v2\/media\/441834"}],"wp:attachment":[{"href":"https:\/\/bogensportdiscount.ch\/it\/wp-json\/wp\/v2\/media?parent=393160"}],"wp:term":[{"taxonomy":"product_brand","embeddable":true,"href":"https:\/\/bogensportdiscount.ch\/it\/wp-json\/wp\/v2\/product_brand?post=393160"},{"taxonomy":"product_cat","embeddable":true,"href":"https:\/\/bogensportdiscount.ch\/it\/wp-json\/wp\/v2\/product_cat?post=393160"},{"taxonomy":"product_tag","embeddable":true,"href":"https:\/\/bogensportdiscount.ch\/it\/wp-json\/wp\/v2\/product_tag?post=393160"}],"curies":[{"name":"wp","href":"https:\/\/api.w.org\/{rel}","templated":true}]}}