{"id":393158,"date":"2026-04-05T14:28:39","date_gmt":"2026-04-05T12:28:39","guid":{"rendered":"https:\/\/bogensportdiscount.ch\/produkt\/buck-trail-traditional-armguards-amara-16cm-pull-up-leather\/"},"modified":"2026-05-14T07:13:49","modified_gmt":"2026-05-14T05:13:49","slug":"buck-trail-traditioneller-armschutz-amara-16cm-pull-up-leder","status":"publish","type":"product","link":"https:\/\/bogensportdiscount.ch\/it\/prodotto\/buck-trail-traditioneller-armschutz-amara-16cm-pull-up-leder\/","title":{"rendered":"BUCK TRAIL PARABRACCIO TRADIZIONALE AMARA 16cm CUOIO PULL-UP"},"content":{"rendered":"<p>Il parabraccio Buck Trail in pelle sintetica Amara \u00e8 un solido compagno per gli arcieri nel tiro con l'arco tradizionale. Con una lunghezza di 16 cm offre una superficie di protezione adeguata sull'avambraccio e, grazie al sistema di chiusura Pull-Up, \u00e8 rapido e facile da indossare.<\/p>\n<p>L'Amara \u00e8 una pelle sintetica resistente che imita l'aspetto della vera pelle, \u00e8 facile da curare e resistente alle intemperie. Il parabraccio \u00e8 adatto per arcieri di arco ricurvo e arco lungo che preferiscono una protezione dal design classico senza fronzoli inutili.<\/p>\n<ul>\n<li>Materiale: pelle sintetica Amara<\/li>\n<li>Lunghezza: 16 cm<\/li>\n<li>Chiusura: sistema Pull-Up<\/li>\n<li>Adatto per il tiro con l'arco tradizionale<\/li>\n<\/ul>","protected":false},"excerpt":{"rendered":"<table>\n<tr>\n<th>Propriet\u00e0<\/th>\n<th>Valore<\/th>\n<\/tr>\n<tr>\n<td>Marca<\/td>\n<td>Buck Trail<\/td>\n<\/tr>\n<tr>\n<td>Colore<\/td>\n<td>Marrone<\/td>\n<\/tr>\n<tr>\n<td>Lunghezza (cm)<\/td>\n<td>16<\/td>\n<\/tr>\n<tr>\n<td>Paese di origine<\/td>\n<td>Pakistan<\/td>\n<\/tr>\n<tr>\n<td>GTIN<\/td>\n<td>6426003193190<\/td>\n<\/tr>\n<\/table>","protected":false},"featured_media":524387,"comment_status":"open","ping_status":"closed","template":"","meta":[],"product_brand":[432],"product_cat":[4124,4153,4157],"product_tag":[3546],"class_list":{"0":"post-393158","1":"product","2":"type-product","3":"status-publish","4":"has-post-thumbnail","6":"product_brand-bucktrail","7":"product_cat-bogenschuetzer-ausruestung","8":"product_cat-arm-brustschutz","9":"product_cat-traditioneller-armschutz","10":"product_tag-neuheit","11":"product_shipping_class-bsd-standard","13":"first","14":"instock","15":"shipping-taxable","16":"purchasable","17":"product-type-simple"},"yoast_head":"<!-- This site is optimized with the Yoast SEO plugin v27.6 - https:\/\/yoast.com\/product\/yoast-seo-wordpress\/ -->\n<title>BUCK TRAIL PARABRACCIO TRADIZIONALE AMARA 16cm PULL-UP PELLE - Bogensportdiscount \u2013 Archi, Frecce, Bersagli &amp; Accessori<\/title>\n<meta name=\"description\" content=\"Acquisti BUCK TRAIL PARABRACCIO TRADIZIONALE AMARA 16cm PULL-UP PELLE a un prezzo conveniente su Bogensportdiscount \u2013 Marchi di punta, spedizione veloce dalla Svizzera.\" \/>\n<meta name=\"robots\" content=\"index, follow, max-snippet:-1, max-image-preview:large, max-video-preview:-1\" \/>\n<link rel=\"canonical\" href=\"https:\/\/bogensportdiscount.ch\/it\/prodotto\/buck-trail-traditioneller-armschutz-amara-16cm-pull-up-leder\/\" \/>\n<meta property=\"og:locale\" content=\"it_IT\" \/>\n<meta property=\"og:type\" content=\"article\" \/>\n<meta property=\"og:title\" content=\"BUCK TRAIL PARABRACCIO TRADIZIONALE AMARA 16cm PULL-UP PELLE - Bogensportdiscount \u2013 Archi, Frecce, Bersagli &amp; Accessori\" \/>\n<meta property=\"og:description\" content=\"Acquisti BUCK TRAIL PARABRACCIO TRADIZIONALE AMARA 16cm PULL-UP PELLE a un prezzo conveniente su Bogensportdiscount \u2013 Marchi di punta, spedizione veloce dalla Svizzera.\" \/>\n<meta property=\"og:url\" content=\"https:\/\/bogensportdiscount.ch\/it\/prodotto\/buck-trail-traditioneller-armschutz-amara-16cm-pull-up-leder\/\" \/>\n<meta property=\"og:site_name\" content=\"Bogensportdiscount \u2013 B\u00f6gen, Pfeile, Targets &amp; Zubeh\u00f6r\" \/>\n<meta property=\"article:modified_time\" content=\"2026-05-14T05:13:49+00:00\" \/>\n<meta property=\"og:image\" content=\"https:\/\/bogensportdiscount.ch\/wp-content\/uploads\/bsm-images\/A063432_1.png\" \/>\n\t<meta property=\"og:image:width\" content=\"5660\" \/>\n\t<meta property=\"og:image:height\" content=\"4780\" \/>\n\t<meta property=\"og:image:type\" content=\"image\/png\" \/>\n<meta name=\"twitter:card\" content=\"summary_large_image\" \/>\n<script type=\"application\/ld+json\" class=\"yoast-schema-graph\">{\"@context\":\"https:\\\/\\\/schema.org\",\"@graph\":[{\"@type\":\"WebPage\",\"@id\":\"https:\\\/\\\/bogensportdiscount.ch\\\/produkt\\\/buck-trail-traditioneller-armschutz-amara-16cm-pull-up-leder\\\/\",\"url\":\"https:\\\/\\\/bogensportdiscount.ch\\\/produkt\\\/buck-trail-traditioneller-armschutz-amara-16cm-pull-up-leder\\\/\",\"name\":\"BUCK TRAIL TRADITIONELLE ARMSCHUTZSCHIENEN AMARA 16cm PULL-UP LEDER - Bogensportdiscount \u2013 B\u00f6gen, Pfeile, Targets &amp; Zubeh\u00f6r\",\"isPartOf\":{\"@id\":\"https:\\\/\\\/bogensportdiscount.ch\\\/#website\"},\"primaryImageOfPage\":{\"@id\":\"https:\\\/\\\/bogensportdiscount.ch\\\/produkt\\\/buck-trail-traditioneller-armschutz-amara-16cm-pull-up-leder\\\/#primaryimage\"},\"image\":{\"@id\":\"https:\\\/\\\/bogensportdiscount.ch\\\/produkt\\\/buck-trail-traditioneller-armschutz-amara-16cm-pull-up-leder\\\/#primaryimage\"},\"thumbnailUrl\":\"https:\\\/\\\/bogensportdiscount.ch\\\/wp-content\\\/uploads\\\/bsm-images\\\/A063432_1.png\",\"datePublished\":\"2026-04-05T12:28:39+00:00\",\"dateModified\":\"2026-05-14T05:13:49+00:00\",\"description\":\"BUCK TRAIL TRADITIONELLE ARMSCHUTZSCHIENEN AMARA 16cm PULL-UP LEDER g\u00fcnstig kaufen bei Bogensportdiscount \u2013 Top-Marken, schneller Versand aus der Schweiz.\",\"breadcrumb\":{\"@id\":\"https:\\\/\\\/bogensportdiscount.ch\\\/produkt\\\/buck-trail-traditioneller-armschutz-amara-16cm-pull-up-leder\\\/#breadcrumb\"},\"inLanguage\":\"it-IT\",\"potentialAction\":[{\"@type\":\"ReadAction\",\"target\":[\"https:\\\/\\\/bogensportdiscount.ch\\\/produkt\\\/buck-trail-traditioneller-armschutz-amara-16cm-pull-up-leder\\\/\"]}]},{\"@type\":\"ImageObject\",\"inLanguage\":\"it-IT\",\"@id\":\"https:\\\/\\\/bogensportdiscount.ch\\\/produkt\\\/buck-trail-traditioneller-armschutz-amara-16cm-pull-up-leder\\\/#primaryimage\",\"url\":\"https:\\\/\\\/bogensportdiscount.ch\\\/wp-content\\\/uploads\\\/bsm-images\\\/A063432_1.png\",\"contentUrl\":\"https:\\\/\\\/bogensportdiscount.ch\\\/wp-content\\\/uploads\\\/bsm-images\\\/A063432_1.png\",\"width\":2500,\"height\":2111},{\"@type\":\"BreadcrumbList\",\"@id\":\"https:\\\/\\\/bogensportdiscount.ch\\\/produkt\\\/buck-trail-traditioneller-armschutz-amara-16cm-pull-up-leder\\\/#breadcrumb\",\"itemListElement\":[{\"@type\":\"ListItem\",\"position\":1,\"name\":\"Home\",\"item\":\"https:\\\/\\\/bogensportdiscount.ch\\\/\"},{\"@type\":\"ListItem\",\"position\":2,\"name\":\"Shop\",\"item\":\"https:\\\/\\\/bogensportdiscount.ch\\\/shop\\\/\"},{\"@type\":\"ListItem\",\"position\":3,\"name\":\"BUCK TRAIL TRADITIONAL ARMGUARDS AMARA 16cm PULL-UP LEATHER\"}]},{\"@type\":\"WebSite\",\"@id\":\"https:\\\/\\\/bogensportdiscount.ch\\\/#website\",\"url\":\"https:\\\/\\\/bogensportdiscount.ch\\\/\",\"name\":\"Bogensportdiscount\",\"description\":\"\",\"potentialAction\":[{\"@type\":\"SearchAction\",\"target\":{\"@type\":\"EntryPoint\",\"urlTemplate\":\"https:\\\/\\\/bogensportdiscount.ch\\\/?s={search_term_string}\"},\"query-input\":{\"@type\":\"PropertyValueSpecification\",\"valueRequired\":true,\"valueName\":\"search_term_string\"}}],\"inLanguage\":\"it-IT\"}]}<\/script>\n<!-- \/ Yoast SEO plugin. -->","yoast_head_json":{"title":"BUCK TRAIL PARABRACCIO TRADIZIONALE AMARA 16cm PULL-UP PELLE - Bogensportdiscount \u2013 Archi, Frecce, Bersagli & Accessori","description":"Acquisti BUCK TRAIL PARABRACCIO TRADIZIONALE AMARA 16cm PULL-UP PELLE a un prezzo conveniente su Bogensportdiscount \u2013 Marchi di punta, spedizione veloce dalla Svizzera.","robots":{"index":"index","follow":"follow","max-snippet":"max-snippet:-1","max-image-preview":"max-image-preview:large","max-video-preview":"max-video-preview:-1"},"canonical":"https:\/\/bogensportdiscount.ch\/it\/prodotto\/buck-trail-traditioneller-armschutz-amara-16cm-pull-up-leder\/","og_locale":"it_IT","og_type":"article","og_title":"BUCK TRAIL PARABRACCIO TRADIZIONALE AMARA 16cm PULL-UP PELLE - Bogensportdiscount \u2013 Archi, Frecce, Bersagli & Accessori","og_description":"Acquisti BUCK TRAIL PARABRACCIO TRADIZIONALE AMARA 16cm PULL-UP PELLE a un prezzo conveniente su Bogensportdiscount \u2013 Marchi di punta, spedizione veloce dalla Svizzera.","og_url":"https:\/\/bogensportdiscount.ch\/it\/prodotto\/buck-trail-traditioneller-armschutz-amara-16cm-pull-up-leder\/","og_site_name":"Bogensportdiscount \u2013 B\u00f6gen, Pfeile, Targets &amp; Zubeh\u00f6r","article_modified_time":"2026-05-14T05:13:49+00:00","og_image":[{"url":"https:\/\/bogensportdiscount.ch\/wp-content\/uploads\/bsm-images\/A063432_1.png","width":5660,"height":4780,"type":"image\/png"}],"twitter_card":"summary_large_image","schema":{"@context":"https:\/\/schema.org","@graph":[{"@type":"WebPage","@id":"https:\/\/bogensportdiscount.ch\/produkt\/buck-trail-traditioneller-armschutz-amara-16cm-pull-up-leder\/","url":"https:\/\/bogensportdiscount.ch\/produkt\/buck-trail-traditioneller-armschutz-amara-16cm-pull-up-leder\/","name":"BUCK TRAIL PARABRACCIO TRADIZIONALE AMARA 16cm PULL-UP PELLE - Bogensportdiscount \u2013 Archi, Frecce, Bersagli &amp; Accessori","isPartOf":{"@id":"https:\/\/bogensportdiscount.ch\/#website"},"primaryImageOfPage":{"@id":"https:\/\/bogensportdiscount.ch\/produkt\/buck-trail-traditioneller-armschutz-amara-16cm-pull-up-leder\/#primaryimage"},"image":{"@id":"https:\/\/bogensportdiscount.ch\/produkt\/buck-trail-traditioneller-armschutz-amara-16cm-pull-up-leder\/#primaryimage"},"thumbnailUrl":"https:\/\/bogensportdiscount.ch\/wp-content\/uploads\/bsm-images\/A063432_1.png","datePublished":"2026-04-05T12:28:39+00:00","dateModified":"2026-05-14T05:13:49+00:00","description":"Acquisti BUCK TRAIL PARABRACCIO TRADIZIONALE AMARA 16cm PULL-UP PELLE a un prezzo conveniente su Bogensportdiscount \u2013 Marchi di punta, spedizione veloce dalla Svizzera.","breadcrumb":{"@id":"https:\/\/bogensportdiscount.ch\/produkt\/buck-trail-traditioneller-armschutz-amara-16cm-pull-up-leder\/#breadcrumb"},"inLanguage":"it-IT","potentialAction":[{"@type":"ReadAction","target":["https:\/\/bogensportdiscount.ch\/produkt\/buck-trail-traditioneller-armschutz-amara-16cm-pull-up-leder\/"]}]},{"@type":"ImageObject","inLanguage":"it-IT","@id":"https:\/\/bogensportdiscount.ch\/produkt\/buck-trail-traditioneller-armschutz-amara-16cm-pull-up-leder\/#primaryimage","url":"https:\/\/bogensportdiscount.ch\/wp-content\/uploads\/bsm-images\/A063432_1.png","contentUrl":"https:\/\/bogensportdiscount.ch\/wp-content\/uploads\/bsm-images\/A063432_1.png","width":2500,"height":2111},{"@type":"BreadcrumbList","@id":"https:\/\/bogensportdiscount.ch\/produkt\/buck-trail-traditioneller-armschutz-amara-16cm-pull-up-leder\/#breadcrumb","itemListElement":[{"@type":"ListItem","position":1,"name":"Home","item":"https:\/\/bogensportdiscount.ch\/"},{"@type":"ListItem","position":2,"name":"Shop","item":"https:\/\/bogensportdiscount.ch\/shop\/"},{"@type":"ListItem","position":3,"name":"BUCK TRAIL TRADITIONAL ARMGUARDS AMARA 16cm PULL-UP LEATHER"}]},{"@type":"WebSite","@id":"https:\/\/bogensportdiscount.ch\/#website","url":"https:\/\/bogensportdiscount.ch\/","name":"Bogensportdiscount","description":"","potentialAction":[{"@type":"SearchAction","target":{"@type":"EntryPoint","urlTemplate":"https:\/\/bogensportdiscount.ch\/?s={search_term_string}"},"query-input":{"@type":"PropertyValueSpecification","valueRequired":true,"valueName":"search_term_string"}}],"inLanguage":"it-IT"}]}},"_links":{"self":[{"href":"https:\/\/bogensportdiscount.ch\/it\/wp-json\/wp\/v2\/product\/393158","targetHints":{"allow":["GET"]}}],"collection":[{"href":"https:\/\/bogensportdiscount.ch\/it\/wp-json\/wp\/v2\/product"}],"about":[{"href":"https:\/\/bogensportdiscount.ch\/it\/wp-json\/wp\/v2\/types\/product"}],"replies":[{"embeddable":true,"href":"https:\/\/bogensportdiscount.ch\/it\/wp-json\/wp\/v2\/comments?post=393158"}],"wp:featuredmedia":[{"embeddable":true,"href":"https:\/\/bogensportdiscount.ch\/it\/wp-json\/wp\/v2\/media\/524387"}],"wp:attachment":[{"href":"https:\/\/bogensportdiscount.ch\/it\/wp-json\/wp\/v2\/media?parent=393158"}],"wp:term":[{"taxonomy":"product_brand","embeddable":true,"href":"https:\/\/bogensportdiscount.ch\/it\/wp-json\/wp\/v2\/product_brand?post=393158"},{"taxonomy":"product_cat","embeddable":true,"href":"https:\/\/bogensportdiscount.ch\/it\/wp-json\/wp\/v2\/product_cat?post=393158"},{"taxonomy":"product_tag","embeddable":true,"href":"https:\/\/bogensportdiscount.ch\/it\/wp-json\/wp\/v2\/product_tag?post=393158"}],"curies":[{"name":"wp","href":"https:\/\/api.w.org\/{rel}","templated":true}]}}