{"id":393152,"date":"2026-04-05T14:28:38","date_gmt":"2026-04-05T12:28:38","guid":{"rendered":"https:\/\/bogensportdiscount.ch\/produkt\/sanlida-x10-arrow-puller-glove\/"},"modified":"2026-04-15T12:15:46","modified_gmt":"2026-04-15T10:15:46","slug":"sanlida-pfeilzieh-handschuh-x10","status":"publish","type":"product","link":"https:\/\/bogensportdiscount.ch\/it\/prodotto\/sanlida-pfeilzieh-handschuh-x10\/","title":{"rendered":"SANLIDA X10 GUANTO ESTRATTORE DI FRECCE"},"content":{"rendered":"<p>Der SANLIDA X10 Pfeilzieh-Handschuh ist ein einfaches Hilfsmittel f\u00fcr den t\u00e4glichen Einsatz auf dem Schiessplatz. Er erm\u00f6glicht einen sicheren Griff beim Herausziehen von Pfeilen aus Zielscheiben und sch\u00fctzt die Hand vor Abrieb und Belastung.<\/p>\n<p>Dank der griffigen Oberfl\u00e4che lassen sich auch fest sitzende Pfeile zuverl\u00e4ssig und kontrolliert aus verschiedenen Scheibenmaterialien ziehen, ohne die Pfeilsch\u00e4fte zu besch\u00e4digen.<\/p>\n<ul>\n<li>Sch\u00fctzt die Hand beim Pfeilziehen<\/li>\n<li>Verbesserte Griffigkeit f\u00fcr rutschige Pfeilsch\u00e4fte<\/li>\n<li>Kompakt und leicht f\u00fcr den t\u00e4glichen Einsatz<\/li>\n<li>Geeignet f\u00fcr verschiedene Scheibenmaterialien<\/li>\n<\/ul>","protected":false},"excerpt":{"rendered":"<p><strong>Marchio:<\/strong> Sanlida<\/p>","protected":false},"featured_media":441848,"comment_status":"open","ping_status":"closed","template":"","meta":[],"product_brand":[459],"product_cat":[4364],"product_tag":[3546],"class_list":{"0":"post-393152","1":"product","2":"type-product","3":"status-publish","4":"has-post-thumbnail","6":"product_brand-sanlida","7":"product_cat-arrow-pullers","8":"product_tag-neuheit","10":"first","11":"instock","12":"shipping-taxable","13":"purchasable","14":"product-type-simple"},"_links":{"self":[{"href":"https:\/\/bogensportdiscount.ch\/it\/wp-json\/wp\/v2\/product\/393152","targetHints":{"allow":["GET"]}}],"collection":[{"href":"https:\/\/bogensportdiscount.ch\/it\/wp-json\/wp\/v2\/product"}],"about":[{"href":"https:\/\/bogensportdiscount.ch\/it\/wp-json\/wp\/v2\/types\/product"}],"replies":[{"embeddable":true,"href":"https:\/\/bogensportdiscount.ch\/it\/wp-json\/wp\/v2\/comments?post=393152"}],"wp:featuredmedia":[{"embeddable":true,"href":"https:\/\/bogensportdiscount.ch\/it\/wp-json\/wp\/v2\/media\/441848"}],"wp:attachment":[{"href":"https:\/\/bogensportdiscount.ch\/it\/wp-json\/wp\/v2\/media?parent=393152"}],"wp:term":[{"taxonomy":"product_brand","embeddable":true,"href":"https:\/\/bogensportdiscount.ch\/it\/wp-json\/wp\/v2\/product_brand?post=393152"},{"taxonomy":"product_cat","embeddable":true,"href":"https:\/\/bogensportdiscount.ch\/it\/wp-json\/wp\/v2\/product_cat?post=393152"},{"taxonomy":"product_tag","embeddable":true,"href":"https:\/\/bogensportdiscount.ch\/it\/wp-json\/wp\/v2\/product_tag?post=393152"}],"curies":[{"name":"wp","href":"https:\/\/api.w.org\/{rel}","templated":true}]}}