{"id":393117,"date":"2026-04-05T14:28:30","date_gmt":"2026-04-05T12:28:30","guid":{"rendered":"https:\/\/bogensportdiscount.ch\/produkt\/barnett-crosswire-bcx-set-of-2-cables-for-crossbows\/"},"modified":"2026-04-16T12:53:36","modified_gmt":"2026-04-16T10:53:36","slug":"barnett-crosswire-bcx-kabel-set-armbrueste-2-stueck","status":"publish","type":"product","link":"https:\/\/bogensportdiscount.ch\/it\/prodotto\/barnett-crosswire-bcx-kabel-set-armbrueste-2-stueck\/","title":{"rendered":"BARNETT CROSSWIRE BCX SET DI 2 CAVI PER BALESTRE"},"content":{"rendered":"<p>Das Crosswire BCX Kabel-Set von BARNETT ist als 2er-Pack konzipiert und bietet Ersatzkabel speziell f\u00fcr BARNETT Compound-Armbr\u00fcste. Regelm\u00e4ssiger Wechsel der Kabel ist ein wichtiger Bestandteil der Armbrust-Wartung und tr\u00e4gt zur Betriebssicherheit sowie zur konstanten Schussleistung bei.<\/p>\n<p>Die Kabel sind werksseitig auf die Anforderungen der entsprechenden BARNETT-Modelle ausgelegt. Als Originalzubeh\u00f6r gew\u00e4hrleisten sie eine korrekte Passform und eine zuverl\u00e4ssige Kraft\u00fcbertragung im Compound-System der Armbrust.<\/p>\n<ul>\n<li>Set mit 2 Ersatzkabeln<\/li>\n<li>Passend f\u00fcr BARNETT Compound-Armbr\u00fcste<\/li>\n<li>Wichtiges Verschleissteil f\u00fcr regelm\u00e4ssige Wartung<\/li>\n<li>Originalzubeh\u00f6r von BARNETT<\/li>\n<\/ul>","protected":false},"excerpt":{"rendered":"<p><strong>Marchio:<\/strong> Barnett<\/p>","protected":false},"featured_media":452943,"comment_status":"open","ping_status":"closed","template":"","meta":[],"product_brand":[421],"product_cat":[4175],"product_tag":[3546],"class_list":{"0":"post-393117","1":"product","2":"type-product","3":"status-publish","4":"has-post-thumbnail","6":"product_brand-barnett","7":"product_cat-compound-strings-cables","8":"product_tag-neuheit","10":"first","11":"instock","12":"shipping-taxable","13":"purchasable","14":"product-type-simple"},"_links":{"self":[{"href":"https:\/\/bogensportdiscount.ch\/it\/wp-json\/wp\/v2\/product\/393117","targetHints":{"allow":["GET"]}}],"collection":[{"href":"https:\/\/bogensportdiscount.ch\/it\/wp-json\/wp\/v2\/product"}],"about":[{"href":"https:\/\/bogensportdiscount.ch\/it\/wp-json\/wp\/v2\/types\/product"}],"replies":[{"embeddable":true,"href":"https:\/\/bogensportdiscount.ch\/it\/wp-json\/wp\/v2\/comments?post=393117"}],"wp:featuredmedia":[{"embeddable":true,"href":"https:\/\/bogensportdiscount.ch\/it\/wp-json\/wp\/v2\/media\/452943"}],"wp:attachment":[{"href":"https:\/\/bogensportdiscount.ch\/it\/wp-json\/wp\/v2\/media?parent=393117"}],"wp:term":[{"taxonomy":"product_brand","embeddable":true,"href":"https:\/\/bogensportdiscount.ch\/it\/wp-json\/wp\/v2\/product_brand?post=393117"},{"taxonomy":"product_cat","embeddable":true,"href":"https:\/\/bogensportdiscount.ch\/it\/wp-json\/wp\/v2\/product_cat?post=393117"},{"taxonomy":"product_tag","embeddable":true,"href":"https:\/\/bogensportdiscount.ch\/it\/wp-json\/wp\/v2\/product_tag?post=393117"}],"curies":[{"name":"wp","href":"https:\/\/api.w.org\/{rel}","templated":true}]}}