{"id":393114,"date":"2026-04-05T14:28:29","date_gmt":"2026-04-05T12:28:29","guid":{"rendered":"https:\/\/bogensportdiscount.ch\/produkt\/hha-sight-parts-replacement-wheel-for-optimizer-king-pin\/"},"modified":"2026-04-22T14:11:59","modified_gmt":"2026-04-22T12:11:59","slug":"hha-visier-ersatzrad-optimizer-king-pin","status":"publish","type":"product","link":"https:\/\/bogensportdiscount.ch\/it\/prodotto\/hha-visier-ersatzrad-optimizer-king-pin\/","title":{"rendered":"HHA VISIER TEILE ERSATZRAD FUER OPTIMIZER KING PIN"},"content":{"rendered":"<p>Das HHA Ersatzrad ist ein original Ersatzteil f\u00fcr das Optimizer King Pin Visier von HHA. Es wurde entwickelt, um das bestehende Rad am Visier einfach und schnell zu ersetzen, ohne das gesamte Visier austauschen zu m\u00fcssen.<\/p>\n<p>Das Ersatzteil eignet sich f\u00fcr Bogensch\u00fctzen, die ihr Optimizer King Pin Visier weiter nutzen m\u00f6chten und ein verschlissenes oder besch\u00e4digtes Einstellrad ersetzen wollen.<\/p>\n<ul>\n<li>Originales Ersatzteil von HHA<\/li>\n<li>Kompatibel mit dem Optimizer King Pin Visier<\/li>\n<li>Erm\u00f6glicht kosteng\u00fcnstige Reparatur des Visiers<\/li>\n<li>Sostituzione semplice senza attrezzi speciali<\/li>\n<\/ul>","protected":false},"excerpt":{"rendered":"<p><strong>Marchio:<\/strong> HHA<\/p>","protected":false},"featured_media":446541,"comment_status":"open","ping_status":"closed","template":"","meta":[],"product_brand":[528],"product_cat":[4134],"product_tag":[3546],"class_list":{"0":"post-393114","1":"product","2":"type-product","3":"status-publish","4":"has-post-thumbnail","6":"product_brand-hha","7":"product_cat-einzelteile-fur-jagd-und-3d","8":"product_tag-neuheit","9":"product_shipping_class-bsd-standard","11":"first","12":"instock","13":"shipping-taxable","14":"purchasable","15":"product-type-simple"},"yoast_head":"<!-- This site is optimized with the Yoast SEO plugin v27.4 - https:\/\/yoast.com\/product\/yoast-seo-wordpress\/ -->\n<title>HHA VISIER RICAMBI RUOTA DI SCORTA PER OPTIMIZER KING PIN - Bogensportdiscount \u2013 Archi, frecce, bersagli e accessori<\/title>\n<meta name=\"description\" content=\"Acquista a un prezzo conveniente le parti di ricambio per la ruota di scorta HHA VISIER per OPTIMIZER KING PIN su Bogensportdiscount \u2013 Le migliori marche, spedizione veloce dalla Svizzera.\" \/>\n<meta name=\"robots\" content=\"index, follow, max-snippet:-1, max-image-preview:large, max-video-preview:-1\" \/>\n<link rel=\"canonical\" href=\"https:\/\/bogensportdiscount.ch\/it\/prodotto\/hha-visier-ersatzrad-optimizer-king-pin\/\" \/>\n<meta property=\"og:locale\" content=\"it_IT\" \/>\n<meta property=\"og:type\" content=\"article\" \/>\n<meta property=\"og:title\" content=\"HHA VISIER RICAMBI RUOTA DI SCORTA PER OPTIMIZER KING PIN - Bogensportdiscount \u2013 Archi, frecce, bersagli e accessori\" \/>\n<meta property=\"og:description\" content=\"Acquista a un prezzo conveniente le parti di ricambio per la ruota di scorta HHA VISIER per OPTIMIZER KING PIN su Bogensportdiscount \u2013 Le migliori marche, spedizione veloce dalla Svizzera.\" \/>\n<meta property=\"og:url\" content=\"https:\/\/bogensportdiscount.ch\/it\/prodotto\/hha-visier-ersatzrad-optimizer-king-pin\/\" \/>\n<meta property=\"og:site_name\" content=\"Bogensportdiscount \u2013 B\u00f6gen, Pfeile, Targets &amp; Zubeh\u00f6r\" \/>\n<meta property=\"article:modified_time\" content=\"2026-04-22T12:11:59+00:00\" \/>\n<meta property=\"og:image\" content=\"https:\/\/bogensportdiscount.ch\/wp-content\/uploads\/bsm-images\/A062935_1.jpg\" \/>\n\t<meta property=\"og:image:width\" content=\"600\" \/>\n\t<meta property=\"og:image:height\" content=\"450\" \/>\n\t<meta property=\"og:image:type\" content=\"image\/jpeg\" \/>\n<meta name=\"twitter:card\" content=\"summary_large_image\" \/>\n<script type=\"application\/ld+json\" class=\"yoast-schema-graph\">{\"@context\":\"https:\\\/\\\/schema.org\",\"@graph\":[{\"@type\":\"WebPage\",\"@id\":\"https:\\\/\\\/bogensportdiscount.ch\\\/produkt\\\/hha-visier-ersatzrad-optimizer-king-pin\\\/\",\"url\":\"https:\\\/\\\/bogensportdiscount.ch\\\/produkt\\\/hha-visier-ersatzrad-optimizer-king-pin\\\/\",\"name\":\"HHA VISIER TEILE ERSATZRAD FUER OPTIMIZER KING PIN - Bogensportdiscount \u2013 B\u00f6gen, Pfeile, Targets &amp; Zubeh\u00f6r\",\"isPartOf\":{\"@id\":\"https:\\\/\\\/bogensportdiscount.ch\\\/#website\"},\"primaryImageOfPage\":{\"@id\":\"https:\\\/\\\/bogensportdiscount.ch\\\/produkt\\\/hha-visier-ersatzrad-optimizer-king-pin\\\/#primaryimage\"},\"image\":{\"@id\":\"https:\\\/\\\/bogensportdiscount.ch\\\/produkt\\\/hha-visier-ersatzrad-optimizer-king-pin\\\/#primaryimage\"},\"thumbnailUrl\":\"https:\\\/\\\/bogensportdiscount.ch\\\/wp-content\\\/uploads\\\/bsm-images\\\/A062935_1.jpg\",\"datePublished\":\"2026-04-05T12:28:29+00:00\",\"dateModified\":\"2026-04-22T12:11:59+00:00\",\"description\":\"HHA VISIER TEILE ERSATZRAD FUER OPTIMIZER KING PIN g\u00fcnstig kaufen bei Bogensportdiscount \u2013 Top-Marken, schneller Versand aus der Schweiz.\",\"breadcrumb\":{\"@id\":\"https:\\\/\\\/bogensportdiscount.ch\\\/produkt\\\/hha-visier-ersatzrad-optimizer-king-pin\\\/#breadcrumb\"},\"inLanguage\":\"it-IT\",\"potentialAction\":[{\"@type\":\"ReadAction\",\"target\":[\"https:\\\/\\\/bogensportdiscount.ch\\\/produkt\\\/hha-visier-ersatzrad-optimizer-king-pin\\\/\"]}]},{\"@type\":\"ImageObject\",\"inLanguage\":\"it-IT\",\"@id\":\"https:\\\/\\\/bogensportdiscount.ch\\\/produkt\\\/hha-visier-ersatzrad-optimizer-king-pin\\\/#primaryimage\",\"url\":\"https:\\\/\\\/bogensportdiscount.ch\\\/wp-content\\\/uploads\\\/bsm-images\\\/A062935_1.jpg\",\"contentUrl\":\"https:\\\/\\\/bogensportdiscount.ch\\\/wp-content\\\/uploads\\\/bsm-images\\\/A062935_1.jpg\",\"width\":600,\"height\":450},{\"@type\":\"BreadcrumbList\",\"@id\":\"https:\\\/\\\/bogensportdiscount.ch\\\/produkt\\\/hha-visier-ersatzrad-optimizer-king-pin\\\/#breadcrumb\",\"itemListElement\":[{\"@type\":\"ListItem\",\"position\":1,\"name\":\"Home\",\"item\":\"https:\\\/\\\/bogensportdiscount.ch\\\/\"},{\"@type\":\"ListItem\",\"position\":2,\"name\":\"Shop\",\"item\":\"https:\\\/\\\/bogensportdiscount.ch\\\/shop\\\/\"},{\"@type\":\"ListItem\",\"position\":3,\"name\":\"HHA VISIER TEILE ERSATZRAD FUER OPTIMIZER KING PIN\"}]},{\"@type\":\"WebSite\",\"@id\":\"https:\\\/\\\/bogensportdiscount.ch\\\/#website\",\"url\":\"https:\\\/\\\/bogensportdiscount.ch\\\/\",\"name\":\"Bogensportdiscount\",\"description\":\"\",\"potentialAction\":[{\"@type\":\"SearchAction\",\"target\":{\"@type\":\"EntryPoint\",\"urlTemplate\":\"https:\\\/\\\/bogensportdiscount.ch\\\/?s={search_term_string}\"},\"query-input\":{\"@type\":\"PropertyValueSpecification\",\"valueRequired\":true,\"valueName\":\"search_term_string\"}}],\"inLanguage\":\"it-IT\"}]}<\/script>\n<!-- \/ Yoast SEO plugin. -->","yoast_head_json":{"title":"HHA VISIER RICAMBI RUOTA DI SCORTA PER OPTIMIZER KING PIN - Bogensportdiscount \u2013 Archi, frecce, bersagli e accessori","description":"Acquista a un prezzo conveniente le parti di ricambio per la ruota di scorta HHA VISIER per OPTIMIZER KING PIN su Bogensportdiscount \u2013 Le migliori marche, spedizione veloce dalla Svizzera.","robots":{"index":"index","follow":"follow","max-snippet":"max-snippet:-1","max-image-preview":"max-image-preview:large","max-video-preview":"max-video-preview:-1"},"canonical":"https:\/\/bogensportdiscount.ch\/it\/prodotto\/hha-visier-ersatzrad-optimizer-king-pin\/","og_locale":"it_IT","og_type":"article","og_title":"HHA VISIER RICAMBI RUOTA DI SCORTA PER OPTIMIZER KING PIN - Bogensportdiscount \u2013 Archi, frecce, bersagli e accessori","og_description":"Acquista a un prezzo conveniente le parti di ricambio per la ruota di scorta HHA VISIER per OPTIMIZER KING PIN su Bogensportdiscount \u2013 Le migliori marche, spedizione veloce dalla Svizzera.","og_url":"https:\/\/bogensportdiscount.ch\/it\/prodotto\/hha-visier-ersatzrad-optimizer-king-pin\/","og_site_name":"Bogensportdiscount \u2013 B\u00f6gen, Pfeile, Targets &amp; Zubeh\u00f6r","article_modified_time":"2026-04-22T12:11:59+00:00","og_image":[{"width":600,"height":450,"url":"https:\/\/bogensportdiscount.ch\/wp-content\/uploads\/bsm-images\/A062935_1.jpg","type":"image\/jpeg"}],"twitter_card":"summary_large_image","schema":{"@context":"https:\/\/schema.org","@graph":[{"@type":"WebPage","@id":"https:\/\/bogensportdiscount.ch\/produkt\/hha-visier-ersatzrad-optimizer-king-pin\/","url":"https:\/\/bogensportdiscount.ch\/produkt\/hha-visier-ersatzrad-optimizer-king-pin\/","name":"HHA VISIER RICAMBI RUOTA DI SCORTA PER OPTIMIZER KING PIN - Bogensportdiscount \u2013 Archi, frecce, bersagli e accessori","isPartOf":{"@id":"https:\/\/bogensportdiscount.ch\/#website"},"primaryImageOfPage":{"@id":"https:\/\/bogensportdiscount.ch\/produkt\/hha-visier-ersatzrad-optimizer-king-pin\/#primaryimage"},"image":{"@id":"https:\/\/bogensportdiscount.ch\/produkt\/hha-visier-ersatzrad-optimizer-king-pin\/#primaryimage"},"thumbnailUrl":"https:\/\/bogensportdiscount.ch\/wp-content\/uploads\/bsm-images\/A062935_1.jpg","datePublished":"2026-04-05T12:28:29+00:00","dateModified":"2026-04-22T12:11:59+00:00","description":"Acquista a un prezzo conveniente le parti di ricambio per la ruota di scorta HHA VISIER per OPTIMIZER KING PIN su Bogensportdiscount \u2013 Le migliori marche, spedizione veloce dalla Svizzera.","breadcrumb":{"@id":"https:\/\/bogensportdiscount.ch\/produkt\/hha-visier-ersatzrad-optimizer-king-pin\/#breadcrumb"},"inLanguage":"it-IT","potentialAction":[{"@type":"ReadAction","target":["https:\/\/bogensportdiscount.ch\/produkt\/hha-visier-ersatzrad-optimizer-king-pin\/"]}]},{"@type":"ImageObject","inLanguage":"it-IT","@id":"https:\/\/bogensportdiscount.ch\/produkt\/hha-visier-ersatzrad-optimizer-king-pin\/#primaryimage","url":"https:\/\/bogensportdiscount.ch\/wp-content\/uploads\/bsm-images\/A062935_1.jpg","contentUrl":"https:\/\/bogensportdiscount.ch\/wp-content\/uploads\/bsm-images\/A062935_1.jpg","width":600,"height":450},{"@type":"BreadcrumbList","@id":"https:\/\/bogensportdiscount.ch\/produkt\/hha-visier-ersatzrad-optimizer-king-pin\/#breadcrumb","itemListElement":[{"@type":"ListItem","position":1,"name":"Home","item":"https:\/\/bogensportdiscount.ch\/"},{"@type":"ListItem","position":2,"name":"Shop","item":"https:\/\/bogensportdiscount.ch\/shop\/"},{"@type":"ListItem","position":3,"name":"HHA VISIER TEILE ERSATZRAD FUER OPTIMIZER KING PIN"}]},{"@type":"WebSite","@id":"https:\/\/bogensportdiscount.ch\/#website","url":"https:\/\/bogensportdiscount.ch\/","name":"Bogensportdiscount","description":"","potentialAction":[{"@type":"SearchAction","target":{"@type":"EntryPoint","urlTemplate":"https:\/\/bogensportdiscount.ch\/?s={search_term_string}"},"query-input":{"@type":"PropertyValueSpecification","valueRequired":true,"valueName":"search_term_string"}}],"inLanguage":"it-IT"}]}},"_links":{"self":[{"href":"https:\/\/bogensportdiscount.ch\/it\/wp-json\/wp\/v2\/product\/393114","targetHints":{"allow":["GET"]}}],"collection":[{"href":"https:\/\/bogensportdiscount.ch\/it\/wp-json\/wp\/v2\/product"}],"about":[{"href":"https:\/\/bogensportdiscount.ch\/it\/wp-json\/wp\/v2\/types\/product"}],"replies":[{"embeddable":true,"href":"https:\/\/bogensportdiscount.ch\/it\/wp-json\/wp\/v2\/comments?post=393114"}],"wp:featuredmedia":[{"embeddable":true,"href":"https:\/\/bogensportdiscount.ch\/it\/wp-json\/wp\/v2\/media\/446541"}],"wp:attachment":[{"href":"https:\/\/bogensportdiscount.ch\/it\/wp-json\/wp\/v2\/media?parent=393114"}],"wp:term":[{"taxonomy":"product_brand","embeddable":true,"href":"https:\/\/bogensportdiscount.ch\/it\/wp-json\/wp\/v2\/product_brand?post=393114"},{"taxonomy":"product_cat","embeddable":true,"href":"https:\/\/bogensportdiscount.ch\/it\/wp-json\/wp\/v2\/product_cat?post=393114"},{"taxonomy":"product_tag","embeddable":true,"href":"https:\/\/bogensportdiscount.ch\/it\/wp-json\/wp\/v2\/product_tag?post=393114"}],"curies":[{"name":"wp","href":"https:\/\/api.w.org\/{rel}","templated":true}]}}