{"id":393094,"date":"2026-04-05T14:28:24","date_gmt":"2026-04-05T12:28:24","guid":{"rendered":"https:\/\/bogensportdiscount.ch\/produkt\/ek-poelang-bow-package-whipshot-6-arrows-magazine-15-50lbs-22-28-black\/"},"modified":"2026-04-15T12:15:14","modified_gmt":"2026-04-15T10:15:14","slug":"ekpoelang-compound-set-whipshot-6-pfeile-magazin-15-50lbs-22-28-schwarz","status":"publish","type":"product","link":"https:\/\/bogensportdiscount.ch\/it\/prodotto\/ekpoelang-compound-set-whipshot-6-pfeile-magazin-15-50lbs-22-28-schwarz\/","title":{"rendered":"PACCHETTO ARCO EK POELANG WHIPSHOT 6 FRECCE CARICATORE 15-50LBS 22-28\u2033 NERO"},"content":{"rendered":"<p>Das EKPOELANG Whipshot Compound-Set bietet alles, was f\u00fcr den direkten Einstieg in den Bogensport ben\u00f6tigt wird. Das Set umfasst den Compoundbogen Whipshot, 6 passende Pfeile sowie ein integriertes Magazin f\u00fcr die Pfeilaufbewahrung.<\/p>\n<p>Der Zuggewichtsbereich von 15 bis 50 lbs sowie die einstellbare Zugl\u00e4nge von 22 bis 28 Zoll machen den Bogen f\u00fcr eine breite Nutzerbasis geeignet \u2013 von Jugendlichen bis hin zu Erwachsenen. Die schwarze Ausf\u00fchrung sorgt f\u00fcr ein schlichtes Erscheinungsbild.<\/p>\n<ul>\n<li>Zuggewicht einstellbar: 15\u201350 lbs<\/li>\n<li>Zugl\u00e4nge: 22\u201328 Zoll<\/li>\n<li>Inklusive 6 Pfeilen und Magazin<\/li>\n<li>Geeignet f\u00fcr Einsteiger und Freizeitsch\u00fctzen<\/li>\n<\/ul>","protected":false},"excerpt":{"rendered":"<p><strong>Marchio:<\/strong> EK &#8211; Poelang<br \/><strong>LH\/RH:<\/strong> RH<br \/><strong>Auszugsl\u00e4nge (Zoll):<\/strong> 22-28<br \/><strong>Zuggewicht (Lbs):<\/strong> 15-50<br \/><strong>Farbe:<\/strong> Schwarz<br \/><strong>Axle-to-axle (inch):<\/strong> 27<br \/><strong>Let Off %:<\/strong> 70<br \/><strong>FPS:<\/strong> 240<\/p>","protected":false},"featured_media":446247,"comment_status":"open","ping_status":"closed","template":"","meta":[],"product_brand":[471],"product_cat":[4525],"product_tag":[3546],"class_list":{"0":"post-393094","1":"product","2":"type-product","3":"status-publish","4":"has-post-thumbnail","6":"product_brand-ekpoelang","7":"product_cat-compound-boegen-sets-compound-boegen","8":"product_tag-neuheit","10":"first","11":"instock","12":"shipping-taxable","13":"purchasable","14":"product-type-simple"},"_links":{"self":[{"href":"https:\/\/bogensportdiscount.ch\/it\/wp-json\/wp\/v2\/product\/393094","targetHints":{"allow":["GET"]}}],"collection":[{"href":"https:\/\/bogensportdiscount.ch\/it\/wp-json\/wp\/v2\/product"}],"about":[{"href":"https:\/\/bogensportdiscount.ch\/it\/wp-json\/wp\/v2\/types\/product"}],"replies":[{"embeddable":true,"href":"https:\/\/bogensportdiscount.ch\/it\/wp-json\/wp\/v2\/comments?post=393094"}],"wp:featuredmedia":[{"embeddable":true,"href":"https:\/\/bogensportdiscount.ch\/it\/wp-json\/wp\/v2\/media\/446247"}],"wp:attachment":[{"href":"https:\/\/bogensportdiscount.ch\/it\/wp-json\/wp\/v2\/media?parent=393094"}],"wp:term":[{"taxonomy":"product_brand","embeddable":true,"href":"https:\/\/bogensportdiscount.ch\/it\/wp-json\/wp\/v2\/product_brand?post=393094"},{"taxonomy":"product_cat","embeddable":true,"href":"https:\/\/bogensportdiscount.ch\/it\/wp-json\/wp\/v2\/product_cat?post=393094"},{"taxonomy":"product_tag","embeddable":true,"href":"https:\/\/bogensportdiscount.ch\/it\/wp-json\/wp\/v2\/product_tag?post=393094"}],"curies":[{"name":"wp","href":"https:\/\/api.w.org\/{rel}","templated":true}]}}