{"id":393085,"date":"2026-04-05T14:28:22","date_gmt":"2026-04-05T12:28:22","guid":{"rendered":"https:\/\/bogensportdiscount.ch\/produkt\/bcy-serving-material-braided-halo-dia-024-1lbs-black\/"},"modified":"2026-04-16T13:00:05","modified_gmt":"2026-04-16T11:00:05","slug":"bcy-serving-material-braided-halo-dia-024-1lbs-schwarz","status":"publish","type":"product","link":"https:\/\/bogensportdiscount.ch\/it\/prodotto\/bcy-serving-material-braided-halo-dia-024-1lbs-schwarz\/","title":{"rendered":"MATERIALE DI SERVIZIO BCY INTRECCIATO HALO DIA .024\u2033 1LBS NERO"},"content":{"rendered":"<p>Das BCY Braided Halo Serving Material ist ein hochwertiges Bewicklungsmaterial f\u00fcr die Sehnenherstellung. Mit einem Durchmesser von .024&#8243; eignet es sich f\u00fcr die Mittel- und Endbewicklung von Bogensehnen und sorgt f\u00fcr einen sicheren Schutz der Sehne im Bereich der Nocke und der Nockenrollen.<\/p>\n<p>Die geflochtene Konstruktion des Halo-Materials erm\u00f6glicht eine enge, rutschfeste Bewicklung, die auch unter hoher Belastung formstabil bleibt. Die 1-Pfund-Spule bietet eine grosse Menge Material f\u00fcr die regelm\u00e4ssige Sehnenherstellung in der Werkstatt oder im Verein.<\/p>\n<ul>\n<li>Durchmesser: .024&#8243;<\/li>\n<li>Menge: 1 Pfund (1lbs) Spule<\/li>\n<li>Farbe: Schwarz<\/li>\n<li>Geflochtene Konstruktion f\u00fcr gleichm\u00e4ssige Bewicklung<\/li>\n<\/ul>","protected":false},"excerpt":{"rendered":"<p><strong>Marchio:<\/strong> BCY<br \/><strong>Farbe:<\/strong> Schwarz<br \/><strong>Diameter (inch):<\/strong> ,024<br \/><strong>Spool size:<\/strong> 1lbs<\/p>","protected":false},"featured_media":452931,"comment_status":"open","ping_status":"closed","template":"","meta":[],"product_brand":[425],"product_cat":[4167],"product_tag":[3546],"class_list":{"0":"post-393085","1":"product","2":"type-product","3":"status-publish","4":"has-post-thumbnail","6":"product_brand-bcy","7":"product_cat-serving-material-sehnen-herstellung","8":"product_tag-neuheit","10":"first","11":"onbackorder","12":"shipping-taxable","13":"purchasable","14":"product-type-simple"},"_links":{"self":[{"href":"https:\/\/bogensportdiscount.ch\/it\/wp-json\/wp\/v2\/product\/393085","targetHints":{"allow":["GET"]}}],"collection":[{"href":"https:\/\/bogensportdiscount.ch\/it\/wp-json\/wp\/v2\/product"}],"about":[{"href":"https:\/\/bogensportdiscount.ch\/it\/wp-json\/wp\/v2\/types\/product"}],"replies":[{"embeddable":true,"href":"https:\/\/bogensportdiscount.ch\/it\/wp-json\/wp\/v2\/comments?post=393085"}],"wp:featuredmedia":[{"embeddable":true,"href":"https:\/\/bogensportdiscount.ch\/it\/wp-json\/wp\/v2\/media\/452931"}],"wp:attachment":[{"href":"https:\/\/bogensportdiscount.ch\/it\/wp-json\/wp\/v2\/media?parent=393085"}],"wp:term":[{"taxonomy":"product_brand","embeddable":true,"href":"https:\/\/bogensportdiscount.ch\/it\/wp-json\/wp\/v2\/product_brand?post=393085"},{"taxonomy":"product_cat","embeddable":true,"href":"https:\/\/bogensportdiscount.ch\/it\/wp-json\/wp\/v2\/product_cat?post=393085"},{"taxonomy":"product_tag","embeddable":true,"href":"https:\/\/bogensportdiscount.ch\/it\/wp-json\/wp\/v2\/product_tag?post=393085"}],"curies":[{"name":"wp","href":"https:\/\/api.w.org\/{rel}","templated":true}]}}